{"id":919,"date":"2021-07-04T15:25:02","date_gmt":"2021-07-04T12:25:02","guid":{"rendered":"https:\/\/www.domanija.lt\/?post_type=product&#038;p=919"},"modified":"2026-04-15T13:55:05","modified_gmt":"2026-04-15T10:55:05","slug":"milano","status":"publish","type":"product","link":"https:\/\/www.domanija.lt\/en\/product\/milano\/","title":{"rendered":"Dr. Vranjes Firenze MILANO home diffuser"},"content":{"rendered":"<p>As a cosmopolitan and central European city, Milan is the link from Italy to the rest of the world. It's prestige is rooted in fashion, art and design. It was to Milan that Maestro Paolo Vranjes decided to dedicate a fragrance. This fragrance recounts the secret beauty, energy and lively sensuality unknown to most.<\/p>\n<p><strong>OLFACTORY PYRAMID<\/strong><\/p>\n<p><em><img decoding=\"async\" class=\"alignnone wp-image-1242\" src=\"https:\/\/www.domanija.lt\/wp-content\/uploads\/PIRAMIDE_MILANO.png\" alt=\"\" width=\"180\" height=\"180\" srcset=\"https:\/\/www.domanija.lt\/wp-content\/uploads\/PIRAMIDE_MILANO.png 450w, https:\/\/www.domanija.lt\/wp-content\/uploads\/PIRAMIDE_MILANO-100x100.png 100w\" sizes=\"(max-width: 180px) 100vw, 180px\" \/>Patchouli | Pepper | Sandalwood<\/em><\/p>\n<p><strong>MAIN SCENT<\/strong><br \/>\nSpicy<\/p>\n<p><strong>CATEGORY<\/strong><br \/>\nDiffuser<\/p>\n<p><strong>ATMOSPHERE<\/strong><br \/>\nEnergising<\/p>\n<p><strong>COLOR<\/strong><br \/>\nLight<\/p>","protected":false},"excerpt":{"rendered":"<p>Milan is an ambient fragrance that embodies an explosion of sensuality. The intense notes of patchouli, reinvigorated with pepper and sandalwood mix with the sparkling edge of cedar giving energy to living spaces.<\/p>\n<p class=\"translation-block\">Ideal to give energy to living spaces. It is an accommodating invitation to share with others.<\/p>","protected":false},"featured_media":8427,"template":"","meta":{"_seopress_robots_primary_cat":"none","_seopress_titles_title":"Dr. Vranjes Firenze nam\u0173 kvapas MILANO","_seopress_titles_desc":"Intensyvios pa\u010diulio natos, atgaivintos pipir\u0173 ir sandalmed\u017eio mi\u0161iniu su tryk\u0161tan\u010dia kedro u\u017euomina.","_seopress_robots_index":"","ocean_post_layout":"","ocean_both_sidebars_style":"","ocean_both_sidebars_content_width":0,"ocean_both_sidebars_sidebars_width":0,"ocean_sidebar":"0","ocean_second_sidebar":"0","ocean_disable_margins":"enable","ocean_add_body_class":"","ocean_shortcode_before_top_bar":"","ocean_shortcode_after_top_bar":"","ocean_shortcode_before_header":"","ocean_shortcode_after_header":"","ocean_has_shortcode":"","ocean_shortcode_after_title":"","ocean_shortcode_before_footer_widgets":"","ocean_shortcode_after_footer_widgets":"","ocean_shortcode_before_footer_bottom":"","ocean_shortcode_after_footer_bottom":"","ocean_display_top_bar":"default","ocean_display_header":"default","ocean_header_style":"","ocean_center_header_left_menu":"0","ocean_custom_header_template":"0","ocean_custom_logo":0,"ocean_custom_retina_logo":0,"ocean_custom_logo_max_width":0,"ocean_custom_logo_tablet_max_width":0,"ocean_custom_logo_mobile_max_width":0,"ocean_custom_logo_max_height":0,"ocean_custom_logo_tablet_max_height":0,"ocean_custom_logo_mobile_max_height":0,"ocean_header_custom_menu":"0","ocean_menu_typo_font_family":"0","ocean_menu_typo_font_subset":"","ocean_menu_typo_font_size":0,"ocean_menu_typo_font_size_tablet":0,"ocean_menu_typo_font_size_mobile":0,"ocean_menu_typo_font_size_unit":"px","ocean_menu_typo_font_weight":"","ocean_menu_typo_font_weight_tablet":"","ocean_menu_typo_font_weight_mobile":"","ocean_menu_typo_transform":"","ocean_menu_typo_transform_tablet":"","ocean_menu_typo_transform_mobile":"","ocean_menu_typo_line_height":0,"ocean_menu_typo_line_height_tablet":0,"ocean_menu_typo_line_height_mobile":0,"ocean_menu_typo_line_height_unit":"","ocean_menu_typo_spacing":0,"ocean_menu_typo_spacing_tablet":0,"ocean_menu_typo_spacing_mobile":0,"ocean_menu_typo_spacing_unit":"","ocean_menu_link_color":"","ocean_menu_link_color_hover":"","ocean_menu_link_color_active":"","ocean_menu_link_background":"","ocean_menu_link_hover_background":"","ocean_menu_link_active_background":"","ocean_menu_social_links_bg":"","ocean_menu_social_hover_links_bg":"","ocean_menu_social_links_color":"","ocean_menu_social_hover_links_color":"","ocean_disable_title":"on","ocean_disable_heading":"default","ocean_post_title":"","ocean_post_subheading":"","ocean_post_title_style":"","ocean_post_title_background_color":"","ocean_post_title_background":0,"ocean_post_title_bg_image_position":"","ocean_post_title_bg_image_attachment":"","ocean_post_title_bg_image_repeat":"","ocean_post_title_bg_image_size":"","ocean_post_title_height":0,"ocean_post_title_bg_overlay":0.5,"ocean_post_title_bg_overlay_color":"","ocean_disable_breadcrumbs":"off","ocean_breadcrumbs_color":"","ocean_breadcrumbs_separator_color":"","ocean_breadcrumbs_links_color":"","ocean_breadcrumbs_links_hover_color":"","ocean_display_footer_widgets":"default","ocean_display_footer_bottom":"default","ocean_custom_footer_template":"0"},"product_brand":[],"product_cat":[52],"product_tag":[36],"class_list":{"0":"post-919","1":"product","2":"type-product","3":"status-publish","4":"has-post-thumbnail","6":"product_cat-namu-kvapai","7":"product_tag-astrus","9":"entry","10":"has-media","12":"first","13":"instock","14":"taxable","15":"shipping-taxable","16":"purchasable","17":"product-type-variable","18":"has-product-nav","19":"col","20":"span_1_of_3","21":"owp-content-center","22":"owp-thumbs-layout-horizontal","23":"owp-btn-big","24":"owp-tabs-layout-horizontal"},"_links":{"self":[{"href":"https:\/\/www.domanija.lt\/en\/wp-json\/wp\/v2\/product\/919","targetHints":{"allow":["GET"]}}],"collection":[{"href":"https:\/\/www.domanija.lt\/en\/wp-json\/wp\/v2\/product"}],"about":[{"href":"https:\/\/www.domanija.lt\/en\/wp-json\/wp\/v2\/types\/product"}],"wp:featuredmedia":[{"embeddable":true,"href":"https:\/\/www.domanija.lt\/en\/wp-json\/wp\/v2\/media\/8427"}],"wp:attachment":[{"href":"https:\/\/www.domanija.lt\/en\/wp-json\/wp\/v2\/media?parent=919"}],"wp:term":[{"taxonomy":"product_brand","embeddable":true,"href":"https:\/\/www.domanija.lt\/en\/wp-json\/wp\/v2\/product_brand?post=919"},{"taxonomy":"product_cat","embeddable":true,"href":"https:\/\/www.domanija.lt\/en\/wp-json\/wp\/v2\/product_cat?post=919"},{"taxonomy":"product_tag","embeddable":true,"href":"https:\/\/www.domanija.lt\/en\/wp-json\/wp\/v2\/product_tag?post=919"}],"curies":[{"name":"wp","href":"https:\/\/api.w.org\/{rel}","templated":true}]}}