{"id":8039,"date":"2025-11-23T23:25:21","date_gmt":"2025-11-23T20:25:21","guid":{"rendered":"https:\/\/www.domanija.lt\/?post_type=product&#038;p=8039"},"modified":"2025-11-27T16:57:36","modified_gmt":"2025-11-27T13:57:36","slug":"color-drop-dekoratyvine-gintaro-vaza","status":"publish","type":"product","link":"https:\/\/www.domanija.lt\/en\/product\/color-drop-dekoratyvine-gintaro-vaza\/","title":{"rendered":"COLOR DROP &#8211; Dekoratyvin\u0117 gintaro vaza"},"content":{"rendered":"<p style=\"font-weight: 400;\"><strong>Style:<\/strong> Contemporary<br \/>\n<strong>Type:<\/strong> Vases<br \/>\n<strong>Material:<\/strong> Glass<br \/>\n<strong>Height:<\/strong> 160 mm<br \/>\n<strong>Width:<\/strong> 110 mm<br \/>\n<strong>Weight without the packaging:<\/strong> 300 g<br \/>\n<strong>Care:<\/strong> For decorative use only. Not suitable for microwave and dishwasher.<\/p>","protected":false},"excerpt":{"rendered":"<p style=\"font-weight: 400;\">Vista Alegre Color Drop vaza. Rank\u0173 darbo spalvoto stiklo vaz\u0173 kolekcija, pasi\u017eyminti am\u017eino stebuklo atspalviais ir gaivali\u0161kumu. Kiekvieno i\u0161p\u016btimo ir \u012fgudusi\u0173 rank\u0173 judesi\u0173 d\u0117ka, stiklo la\u0161as pavirsta \u012f nuostabius ry\u0161ki\u0173 spalv\u0173 ir sodri\u0173 tekst\u016br\u0173 meno k\u016brinius.<\/p>\n<p style=\"font-weight: 400;\">Five unrepeatable and full of colours like flower buds vases will complement every environment with warm and subtle Vista Alegre glass craftsmanship.<\/p>","protected":false},"featured_media":5342,"template":"","meta":{"_seopress_robots_primary_cat":"none","_seopress_titles_title":"COLOR DROP - Dekoratyvin\u0117 gintaro vaza","_seopress_titles_desc":"Vista Alegre Color Drop vaza. Rank\u0173 darbo spalvoto stiklo vaz\u0173 kolekcija, pasi\u017eyminti am\u017eino stebuklo atspalviais ir gaivali\u0161kumu.","_seopress_robots_index":"","ocean_post_layout":"","ocean_both_sidebars_style":"","ocean_both_sidebars_content_width":0,"ocean_both_sidebars_sidebars_width":0,"ocean_sidebar":"0","ocean_second_sidebar":"0","ocean_disable_margins":"enable","ocean_add_body_class":"","ocean_shortcode_before_top_bar":"","ocean_shortcode_after_top_bar":"","ocean_shortcode_before_header":"","ocean_shortcode_after_header":"","ocean_has_shortcode":"","ocean_shortcode_after_title":"","ocean_shortcode_before_footer_widgets":"","ocean_shortcode_after_footer_widgets":"","ocean_shortcode_before_footer_bottom":"","ocean_shortcode_after_footer_bottom":"","ocean_display_top_bar":"default","ocean_display_header":"default","ocean_header_style":"","ocean_center_header_left_menu":"0","ocean_custom_header_template":"0","ocean_custom_logo":0,"ocean_custom_retina_logo":0,"ocean_custom_logo_max_width":0,"ocean_custom_logo_tablet_max_width":0,"ocean_custom_logo_mobile_max_width":0,"ocean_custom_logo_max_height":0,"ocean_custom_logo_tablet_max_height":0,"ocean_custom_logo_mobile_max_height":0,"ocean_header_custom_menu":"0","ocean_menu_typo_font_family":"0","ocean_menu_typo_font_subset":"","ocean_menu_typo_font_size":0,"ocean_menu_typo_font_size_tablet":0,"ocean_menu_typo_font_size_mobile":0,"ocean_menu_typo_font_size_unit":"px","ocean_menu_typo_font_weight":"","ocean_menu_typo_font_weight_tablet":"","ocean_menu_typo_font_weight_mobile":"","ocean_menu_typo_transform":"","ocean_menu_typo_transform_tablet":"","ocean_menu_typo_transform_mobile":"","ocean_menu_typo_line_height":0,"ocean_menu_typo_line_height_tablet":0,"ocean_menu_typo_line_height_mobile":0,"ocean_menu_typo_line_height_unit":"","ocean_menu_typo_spacing":0,"ocean_menu_typo_spacing_tablet":0,"ocean_menu_typo_spacing_mobile":0,"ocean_menu_typo_spacing_unit":"","ocean_menu_link_color":"","ocean_menu_link_color_hover":"","ocean_menu_link_color_active":"","ocean_menu_link_background":"","ocean_menu_link_hover_background":"","ocean_menu_link_active_background":"","ocean_menu_social_links_bg":"","ocean_menu_social_hover_links_bg":"","ocean_menu_social_links_color":"","ocean_menu_social_hover_links_color":"","ocean_disable_title":"default","ocean_disable_heading":"default","ocean_post_title":"","ocean_post_subheading":"","ocean_post_title_style":"","ocean_post_title_background_color":"","ocean_post_title_background":0,"ocean_post_title_bg_image_position":"","ocean_post_title_bg_image_attachment":"","ocean_post_title_bg_image_repeat":"","ocean_post_title_bg_image_size":"","ocean_post_title_height":0,"ocean_post_title_bg_overlay":0.5,"ocean_post_title_bg_overlay_color":"","ocean_disable_breadcrumbs":"default","ocean_breadcrumbs_color":"","ocean_breadcrumbs_separator_color":"","ocean_breadcrumbs_links_color":"","ocean_breadcrumbs_links_hover_color":"","ocean_display_footer_widgets":"default","ocean_display_footer_bottom":"default","ocean_custom_footer_template":"0"},"product_brand":[],"product_cat":[48],"product_tag":[],"class_list":{"0":"post-8039","1":"product","2":"type-product","3":"status-publish","4":"has-post-thumbnail","6":"product_cat-vista-alegre","8":"entry","9":"has-media","11":"first","12":"instock","13":"taxable","14":"shipping-taxable","15":"product-type-simple","16":"has-product-nav","17":"col","18":"span_1_of_3","19":"owp-content-center","20":"owp-thumbs-layout-horizontal","21":"owp-btn-big","22":"owp-tabs-layout-horizontal"},"_links":{"self":[{"href":"https:\/\/www.domanija.lt\/en\/wp-json\/wp\/v2\/product\/8039","targetHints":{"allow":["GET"]}}],"collection":[{"href":"https:\/\/www.domanija.lt\/en\/wp-json\/wp\/v2\/product"}],"about":[{"href":"https:\/\/www.domanija.lt\/en\/wp-json\/wp\/v2\/types\/product"}],"wp:featuredmedia":[{"embeddable":true,"href":"https:\/\/www.domanija.lt\/en\/wp-json\/wp\/v2\/media\/5342"}],"wp:attachment":[{"href":"https:\/\/www.domanija.lt\/en\/wp-json\/wp\/v2\/media?parent=8039"}],"wp:term":[{"taxonomy":"product_brand","embeddable":true,"href":"https:\/\/www.domanija.lt\/en\/wp-json\/wp\/v2\/product_brand?post=8039"},{"taxonomy":"product_cat","embeddable":true,"href":"https:\/\/www.domanija.lt\/en\/wp-json\/wp\/v2\/product_cat?post=8039"},{"taxonomy":"product_tag","embeddable":true,"href":"https:\/\/www.domanija.lt\/en\/wp-json\/wp\/v2\/product_tag?post=8039"}],"curies":[{"name":"wp","href":"https:\/\/api.w.org\/{rel}","templated":true}]}}