{"id":7922,"date":"2025-11-11T11:35:03","date_gmt":"2025-11-11T08:35:03","guid":{"rendered":"https:\/\/www.domanija.lt\/?post_type=product&#038;p=7922"},"modified":"2026-04-15T14:03:05","modified_gmt":"2026-04-15T11:03:05","slug":"ranku-muilo-papildymas-rosso-nobile","status":"publish","type":"product","link":"https:\/\/www.domanija.lt\/en\/product\/ranku-muilo-papildymas-rosso-nobile\/","title":{"rendered":"Rank\u0173 muilo papildymas ROSSO NOBILE"},"content":{"rendered":"<p data-start=\"0\" data-end=\"91\"><strong data-start=\"25\" data-end=\"91\">Fragrances inspired by the Florentine tradition.<\/strong><\/p>\n<p data-start=\"93\" data-end=\"322\">A collection of hand soaps inspired by Florentine craftsmanship and refined elegance. Each creation is like a bridge between history and everyday life, a fragrant ritual that cares for the body and brings harmony to the senses.<\/p>\n<p data-start=\"324\" data-end=\"617\">A Marseille-based soap enriched with Shea extracts for effective and gentle cleansing. With each wash a soft, airy lather that rinses off easily, leaving hands clean and pleasantly scented.<\/p>\n<p data-start=\"619\" data-end=\"834\"><strong data-start=\"619\" data-end=\"638\">Olfactory Pyramid<\/strong><\/p>\n<p data-start=\"0\" data-end=\"44\">\u25cf Apelsinas, apelsin\u0173 \u017eiedai<br data-start=\"16\" data-end=\"19\" \/>\u25cf Bra\u0161k\u0117s ir mi\u0161ko uogos<br data-start=\"29\" data-end=\"32\" \/>\u25cf Ber\u017eo ir \u0105\u017euolo mediena<\/p>\n<p data-start=\"46\" data-end=\"206\" data-is-last-node=\"\" data-is-only-node=\"\">Rosso Nobile rank\u0173 muilo sud\u0117tyje esan\u010dios prabangios ir harmoningos apelsino, apelsin\u0173 \u017eied\u0173, bra\u0161ki\u0173, uog\u0173, ber\u017eo ir \u0105\u017euolo medienos natos primena visame pasaulyje garsius Toskanos raudonuosius vynus.<\/p>\n<p data-start=\"836\" data-end=\"903\" data-is-last-node=\"\" data-is-only-node=\"\"><strong data-start=\"836\" data-end=\"903\" data-is-last-node=\"\">A perfect balance between nature and elegance \u2013 in every drop.<\/strong><\/p>\n<p><strong>MAIN SCENT<\/strong><br \/>\nFruity<\/p>\n<p><strong>CATEGORY<\/strong><br \/>\nHand soap<\/p>\n<p><strong>ATMOSPHERE<\/strong><br \/>\nEnergising<\/p>","protected":false},"excerpt":{"rendered":"<p>\u0160is aromatas \u2013 nesenstantis asmenin\u0117s prie\u017ei\u016bros kvapo pasirinkimas, gyvybingumo pli\u016bpsnis, kuris pa\u017eadina poj\u016b\u010dius. \u012ekurdintas gintaro spalvos (500 ml) butelyje, jis i\u0161siskiria vaisin\u0117mis natomis, kurios, nutraukdamos tradicij\u0105, \u012fgauna modern\u0173, \u017eai\u017earuojant\u012f pos\u016bk\u012f ir palieka ry\u0161k\u0173, dr\u0105s\u0173 \u012fsp\u016bd\u012f ant odos.<\/p>","protected":false},"featured_media":7924,"template":"","meta":{"_seopress_robots_primary_cat":"none","_seopress_titles_title":"Rank\u0173 muilo papildymas ROSSO NOBILE","_seopress_titles_desc":"Rank\u0173 muilo kolekcija, \u012fkv\u0117pta Florencijos meistryst\u0117s ir i\u0161puosel\u0117tos elegancijos.","_seopress_robots_index":"","ocean_post_layout":"","ocean_both_sidebars_style":"","ocean_both_sidebars_content_width":0,"ocean_both_sidebars_sidebars_width":0,"ocean_sidebar":"0","ocean_second_sidebar":"0","ocean_disable_margins":"enable","ocean_add_body_class":"","ocean_shortcode_before_top_bar":"","ocean_shortcode_after_top_bar":"","ocean_shortcode_before_header":"","ocean_shortcode_after_header":"","ocean_has_shortcode":"","ocean_shortcode_after_title":"","ocean_shortcode_before_footer_widgets":"","ocean_shortcode_after_footer_widgets":"","ocean_shortcode_before_footer_bottom":"","ocean_shortcode_after_footer_bottom":"","ocean_display_top_bar":"default","ocean_display_header":"default","ocean_header_style":"","ocean_center_header_left_menu":"0","ocean_custom_header_template":"0","ocean_custom_logo":0,"ocean_custom_retina_logo":0,"ocean_custom_logo_max_width":0,"ocean_custom_logo_tablet_max_width":0,"ocean_custom_logo_mobile_max_width":0,"ocean_custom_logo_max_height":0,"ocean_custom_logo_tablet_max_height":0,"ocean_custom_logo_mobile_max_height":0,"ocean_header_custom_menu":"0","ocean_menu_typo_font_family":"0","ocean_menu_typo_font_subset":"","ocean_menu_typo_font_size":0,"ocean_menu_typo_font_size_tablet":0,"ocean_menu_typo_font_size_mobile":0,"ocean_menu_typo_font_size_unit":"px","ocean_menu_typo_font_weight":"","ocean_menu_typo_font_weight_tablet":"","ocean_menu_typo_font_weight_mobile":"","ocean_menu_typo_transform":"","ocean_menu_typo_transform_tablet":"","ocean_menu_typo_transform_mobile":"","ocean_menu_typo_line_height":0,"ocean_menu_typo_line_height_tablet":0,"ocean_menu_typo_line_height_mobile":0,"ocean_menu_typo_line_height_unit":"","ocean_menu_typo_spacing":0,"ocean_menu_typo_spacing_tablet":0,"ocean_menu_typo_spacing_mobile":0,"ocean_menu_typo_spacing_unit":"","ocean_menu_link_color":"","ocean_menu_link_color_hover":"","ocean_menu_link_color_active":"","ocean_menu_link_background":"","ocean_menu_link_hover_background":"","ocean_menu_link_active_background":"","ocean_menu_social_links_bg":"","ocean_menu_social_hover_links_bg":"","ocean_menu_social_links_color":"","ocean_menu_social_hover_links_color":"","ocean_disable_title":"on","ocean_disable_heading":"default","ocean_post_title":"","ocean_post_subheading":"","ocean_post_title_style":"","ocean_post_title_background_color":"","ocean_post_title_background":0,"ocean_post_title_bg_image_position":"","ocean_post_title_bg_image_attachment":"","ocean_post_title_bg_image_repeat":"","ocean_post_title_bg_image_size":"","ocean_post_title_height":0,"ocean_post_title_bg_overlay":0.5,"ocean_post_title_bg_overlay_color":"","ocean_disable_breadcrumbs":"off","ocean_breadcrumbs_color":"","ocean_breadcrumbs_separator_color":"","ocean_breadcrumbs_links_color":"","ocean_breadcrumbs_links_hover_color":"","ocean_display_footer_widgets":"default","ocean_display_footer_bottom":"default","ocean_custom_footer_template":"0"},"product_brand":[],"product_cat":[62,53],"product_tag":[42,37],"class_list":{"0":"post-7922","1":"product","2":"type-product","3":"status-publish","4":"has-post-thumbnail","6":"product_cat-ranku-muilas","7":"product_cat-rosso-nobile-pasaulis","8":"product_tag-gurmaniskas","9":"product_tag-medzio","11":"entry","12":"has-media","14":"first","15":"instock","16":"taxable","17":"shipping-taxable","18":"purchasable","19":"product-type-simple","20":"has-product-nav","21":"col","22":"span_1_of_3","23":"owp-content-center","24":"owp-thumbs-layout-horizontal","25":"owp-btn-big","26":"owp-tabs-layout-horizontal"},"_links":{"self":[{"href":"https:\/\/www.domanija.lt\/en\/wp-json\/wp\/v2\/product\/7922","targetHints":{"allow":["GET"]}}],"collection":[{"href":"https:\/\/www.domanija.lt\/en\/wp-json\/wp\/v2\/product"}],"about":[{"href":"https:\/\/www.domanija.lt\/en\/wp-json\/wp\/v2\/types\/product"}],"wp:featuredmedia":[{"embeddable":true,"href":"https:\/\/www.domanija.lt\/en\/wp-json\/wp\/v2\/media\/7924"}],"wp:attachment":[{"href":"https:\/\/www.domanija.lt\/en\/wp-json\/wp\/v2\/media?parent=7922"}],"wp:term":[{"taxonomy":"product_brand","embeddable":true,"href":"https:\/\/www.domanija.lt\/en\/wp-json\/wp\/v2\/product_brand?post=7922"},{"taxonomy":"product_cat","embeddable":true,"href":"https:\/\/www.domanija.lt\/en\/wp-json\/wp\/v2\/product_cat?post=7922"},{"taxonomy":"product_tag","embeddable":true,"href":"https:\/\/www.domanija.lt\/en\/wp-json\/wp\/v2\/product_tag?post=7922"}],"curies":[{"name":"wp","href":"https:\/\/api.w.org\/{rel}","templated":true}]}}