{"id":7844,"date":"2025-11-03T09:48:39","date_gmt":"2025-11-03T06:48:39","guid":{"rendered":"https:\/\/www.domanija.lt\/?post_type=product&#038;p=7844"},"modified":"2026-03-16T13:49:04","modified_gmt":"2026-03-16T10:49:04","slug":"dovanu-rinkinys-250-ml-rosso-nobile-namu-kvapas-ir-80-gr-tourmaline-zvake-sventineje-dezuteje","status":"publish","type":"product","link":"https:\/\/www.domanija.lt\/en\/product\/dovanu-rinkinys-250-ml-rosso-nobile-namu-kvapas-ir-80-gr-tourmaline-zvake-sventineje-dezuteje\/","title":{"rendered":"Dovan\u0173 rinkinys 250 ml ROSSO NOBILE nam\u0173 kvapas ir 80 gr TOURMALINE \u017evak\u0117 \u0161ventin\u0117je d\u0117\u017eut\u0117je"},"content":{"rendered":"<p><strong>MAIN SCENT<\/strong><br \/>\nFruity<\/p>\n<p><strong>CATEGORY<\/strong><br \/>\nDovan\u0173 rinkiniai<\/p>\n<p><strong>ATMOSPHERE<\/strong><br \/>\nRelaxing<\/p>\n<p><strong>COLOR<\/strong><br \/>\nDark<\/p>\n<p><b>DOVAN\u0172 RINKINYJE<\/b><br \/>\nKvapo difuzorius su lazdel\u0117mis 500 ml<\/p>\n<p>&nbsp;<\/p>","protected":false},"excerpt":{"rendered":"<p><span style=\"font-weight: 400;\">Riboto leidimo Kal\u0117din\u0117 Dr. Vranjes Firenze kolekcija sukurta tam, kad \u012f J\u016bs\u0173 namus atne\u0161t\u0173 \u0161ven\u010di\u0173 magij\u0105 &#8211; \u0161ilt\u0105 \u0161viesos, kvap\u0173 ir itali\u0161kos elegancijos derm\u0119.<\/span><\/p>\n<p><span style=\"font-weight: 400;\">Kolekcijoje \u2013 250 ml nam\u0173 kvapas Rosso Nobile kartu su 80 gr \u017evake, kvapas, tap\u0119s Florencijos rafinuotumo ir \u0161venti\u0161ko jaukumo simboliu. <\/span><span style=\"font-weight: 400;\">Tai vienas i\u0161 labiausiai atpa\u017e\u012fstam\u0173 Dr. Vranjes Firenze aromat\u0173 &#8211; raudonojo vyno, apelsin\u0173 \u017eieveli\u0173, vynuogi\u0173 ir uog\u0173 natos susipina su subtiliu medienos ir \u0161ilko aksomo poj\u016b\u010diu, sukurian\u010diu atmosfer\u0105, primenan\u010di\u0105 \u017eidinio \u0161viesos nutviekst\u0105 vakar\u0105.<\/span><\/p>\n<p><span style=\"font-weight: 400;\">\u0160i\u0173 met\u0173 \u0161ventin\u0117 kolekcija \u012fkv\u0117pta rank\u0173 darbo stiklini\u0173 \u017eaisliuk\u0173, \u2013 ma\u017e\u0173 stebukl\u0173, kurie kadaise puo\u0161\u0117 eglutes, o dabar atgimsta nauju, \u0161iuolaiki\u0161ku pavidalu. Florencijos k\u016brybi\u0161kumas \u010dia susilieja su itali\u0161ku meistri\u0161kumu, sukuriant riboto leidimo dovan\u0173 rinkinius, kurie yra ne tik kvapas, bet ir kolekcionuojamas interjero akcentas.<\/span><\/p>\n<p><span style=\"font-weight: 400;\">Tobula dovana tiems, kurie vertina kokyb\u0119, gro\u017e\u012f ir tradicijas, ar sau &#8211; kaip jaukumo prabang\u0105 \u017eiemos \u0161vent\u0117se.<\/span><\/p>","protected":false},"featured_media":7847,"template":"","meta":{"_seopress_robots_primary_cat":"none","_seopress_titles_title":"Dovan\u0173 rinkinys 250 ml ROSSO NOBILE nam\u0173 kvapas ir 80 gr TOURMALINE \u017evak\u0117 \u0161ventin\u0117je d\u0117\u017eut\u0117je","_seopress_titles_desc":"Riboto leidimo \u0161ventin\u0117s dovanos id\u0117ja, skirta prad\u017eiuginti Dr. Vranjes Firenze nam\u0173 kvap\u0173 m\u0117g\u0117jus.","_seopress_robots_index":"","ocean_post_layout":"","ocean_both_sidebars_style":"","ocean_both_sidebars_content_width":0,"ocean_both_sidebars_sidebars_width":0,"ocean_sidebar":"0","ocean_second_sidebar":"0","ocean_disable_margins":"enable","ocean_add_body_class":"","ocean_shortcode_before_top_bar":"","ocean_shortcode_after_top_bar":"","ocean_shortcode_before_header":"","ocean_shortcode_after_header":"","ocean_has_shortcode":"","ocean_shortcode_after_title":"","ocean_shortcode_before_footer_widgets":"","ocean_shortcode_after_footer_widgets":"","ocean_shortcode_before_footer_bottom":"","ocean_shortcode_after_footer_bottom":"","ocean_display_top_bar":"default","ocean_display_header":"default","ocean_header_style":"","ocean_center_header_left_menu":"0","ocean_custom_header_template":"0","ocean_custom_logo":0,"ocean_custom_retina_logo":0,"ocean_custom_logo_max_width":0,"ocean_custom_logo_tablet_max_width":0,"ocean_custom_logo_mobile_max_width":0,"ocean_custom_logo_max_height":0,"ocean_custom_logo_tablet_max_height":0,"ocean_custom_logo_mobile_max_height":0,"ocean_header_custom_menu":"0","ocean_menu_typo_font_family":"0","ocean_menu_typo_font_subset":"","ocean_menu_typo_font_size":0,"ocean_menu_typo_font_size_tablet":0,"ocean_menu_typo_font_size_mobile":0,"ocean_menu_typo_font_size_unit":"px","ocean_menu_typo_font_weight":"","ocean_menu_typo_font_weight_tablet":"","ocean_menu_typo_font_weight_mobile":"","ocean_menu_typo_transform":"","ocean_menu_typo_transform_tablet":"","ocean_menu_typo_transform_mobile":"","ocean_menu_typo_line_height":0,"ocean_menu_typo_line_height_tablet":0,"ocean_menu_typo_line_height_mobile":0,"ocean_menu_typo_line_height_unit":"","ocean_menu_typo_spacing":0,"ocean_menu_typo_spacing_tablet":0,"ocean_menu_typo_spacing_mobile":0,"ocean_menu_typo_spacing_unit":"","ocean_menu_link_color":"","ocean_menu_link_color_hover":"","ocean_menu_link_color_active":"","ocean_menu_link_background":"","ocean_menu_link_hover_background":"","ocean_menu_link_active_background":"","ocean_menu_social_links_bg":"","ocean_menu_social_hover_links_bg":"","ocean_menu_social_links_color":"","ocean_menu_social_hover_links_color":"","ocean_disable_title":"on","ocean_disable_heading":"default","ocean_post_title":"","ocean_post_subheading":"","ocean_post_title_style":"","ocean_post_title_background_color":"","ocean_post_title_background":0,"ocean_post_title_bg_image_position":"","ocean_post_title_bg_image_attachment":"","ocean_post_title_bg_image_repeat":"","ocean_post_title_bg_image_size":"","ocean_post_title_height":0,"ocean_post_title_bg_overlay":0.5,"ocean_post_title_bg_overlay_color":"","ocean_disable_breadcrumbs":"off","ocean_breadcrumbs_color":"","ocean_breadcrumbs_separator_color":"","ocean_breadcrumbs_links_color":"","ocean_breadcrumbs_links_hover_color":"","ocean_display_footer_widgets":"default","ocean_display_footer_bottom":"default","ocean_custom_footer_template":"0"},"product_brand":[],"product_cat":[46,50,53],"product_tag":[],"class_list":{"0":"post-7844","1":"product","2":"type-product","3":"status-publish","4":"has-post-thumbnail","6":"product_cat-dovanu-rinkiniai","7":"product_cat-limituoto-leidimo-dezutes","8":"product_cat-rosso-nobile-pasaulis","10":"entry","11":"has-media","13":"first","14":"instock","15":"taxable","16":"shipping-taxable","17":"purchasable","18":"product-type-simple","19":"has-product-nav","20":"col","21":"span_1_of_3","22":"owp-content-center","23":"owp-thumbs-layout-horizontal","24":"owp-btn-big","25":"owp-tabs-layout-horizontal"},"_links":{"self":[{"href":"https:\/\/www.domanija.lt\/en\/wp-json\/wp\/v2\/product\/7844","targetHints":{"allow":["GET"]}}],"collection":[{"href":"https:\/\/www.domanija.lt\/en\/wp-json\/wp\/v2\/product"}],"about":[{"href":"https:\/\/www.domanija.lt\/en\/wp-json\/wp\/v2\/types\/product"}],"wp:featuredmedia":[{"embeddable":true,"href":"https:\/\/www.domanija.lt\/en\/wp-json\/wp\/v2\/media\/7847"}],"wp:attachment":[{"href":"https:\/\/www.domanija.lt\/en\/wp-json\/wp\/v2\/media?parent=7844"}],"wp:term":[{"taxonomy":"product_brand","embeddable":true,"href":"https:\/\/www.domanija.lt\/en\/wp-json\/wp\/v2\/product_brand?post=7844"},{"taxonomy":"product_cat","embeddable":true,"href":"https:\/\/www.domanija.lt\/en\/wp-json\/wp\/v2\/product_cat?post=7844"},{"taxonomy":"product_tag","embeddable":true,"href":"https:\/\/www.domanija.lt\/en\/wp-json\/wp\/v2\/product_tag?post=7844"}],"curies":[{"name":"wp","href":"https:\/\/api.w.org\/{rel}","templated":true}]}}