{"id":7595,"date":"2025-08-06T15:35:43","date_gmt":"2025-08-06T12:35:43","guid":{"rendered":"https:\/\/www.domanija.lt\/?post_type=product&#038;p=7595"},"modified":"2026-01-08T09:28:59","modified_gmt":"2026-01-08T06:28:59","slug":"lemon-asotis","status":"publish","type":"product","link":"https:\/\/www.domanija.lt\/en\/product\/lemon-asotis\/","title":{"rendered":"LEMON &#8211; \u0104sotis"},"content":{"rendered":"<p style=\"font-weight: 400;\"><strong>Style:<\/strong> Contemporary<br \/>\n<strong>Type:<\/strong> \u0104sotis<br \/>\n<strong>Material:<\/strong> Fajansas<br \/>\n<strong>Height:<\/strong> 250 mm<br \/>\n<strong>Width:<\/strong> 220 mm<br \/>\n<strong>Capacity:<\/strong> 250 ml<\/p>\n<p style=\"font-weight: 400;\"><strong>Care: <\/strong>Visus gaminius galima naudoti mikrobang\u0173 krosnel\u0117je, naudojant kaitinimo funkcij\u0105. Gaminius galima d\u0117ti \u012f indaplov\u0119, ta\u010diau venkite juos palikti indaplov\u0117je pasibaigus plovimo programai. Nerekomenduojama naudoti orkait\u0117je ir \u0161aldiklyje.<\/p>","protected":false},"excerpt":{"rendered":"<p><strong data-start=\"105\" data-end=\"132\">Bordallo Pinheiro Lemon<\/strong> kolekcija \u2013 i\u0161 fajanso pagaminti indai, atkuriantys prinokusi\u0173 citrin\u0173 form\u0105, tekst\u016br\u0105 ir spalv\u0105 su i\u0161skirtiniu tikslumu. Rank\u0173 darbo detal\u0117s perteikia nat\u016bral\u0173 vaisiaus reljef\u0105, tod\u0117l kiekvienas indas tampa ne tik funkcionalus, bet ir vizualiai i\u0161rai\u0161kingas stalo akcentas. Idealiai tinka vasari\u0161kam serviravimui ar kaip ry\u0161ki interjero detal\u0117.<\/p>","protected":false},"featured_media":7597,"template":"","meta":{"_seopress_robots_primary_cat":"none","_seopress_titles_title":"Bordallo Pinheiro LEMON - \u0104sotis","_seopress_titles_desc":"Bordallo Pinheiro kolekcija Lemon - pamiltos citrinos kitame amplua! Atraskite Domanija interjero salone.","_seopress_robots_index":"","ocean_post_layout":"","ocean_both_sidebars_style":"","ocean_both_sidebars_content_width":0,"ocean_both_sidebars_sidebars_width":0,"ocean_sidebar":"0","ocean_second_sidebar":"0","ocean_disable_margins":"enable","ocean_add_body_class":"","ocean_shortcode_before_top_bar":"","ocean_shortcode_after_top_bar":"","ocean_shortcode_before_header":"","ocean_shortcode_after_header":"","ocean_has_shortcode":"","ocean_shortcode_after_title":"","ocean_shortcode_before_footer_widgets":"","ocean_shortcode_after_footer_widgets":"","ocean_shortcode_before_footer_bottom":"","ocean_shortcode_after_footer_bottom":"","ocean_display_top_bar":"default","ocean_display_header":"default","ocean_header_style":"","ocean_center_header_left_menu":"0","ocean_custom_header_template":"0","ocean_custom_logo":0,"ocean_custom_retina_logo":0,"ocean_custom_logo_max_width":0,"ocean_custom_logo_tablet_max_width":0,"ocean_custom_logo_mobile_max_width":0,"ocean_custom_logo_max_height":0,"ocean_custom_logo_tablet_max_height":0,"ocean_custom_logo_mobile_max_height":0,"ocean_header_custom_menu":"0","ocean_menu_typo_font_family":"0","ocean_menu_typo_font_subset":"","ocean_menu_typo_font_size":0,"ocean_menu_typo_font_size_tablet":0,"ocean_menu_typo_font_size_mobile":0,"ocean_menu_typo_font_size_unit":"px","ocean_menu_typo_font_weight":"","ocean_menu_typo_font_weight_tablet":"","ocean_menu_typo_font_weight_mobile":"","ocean_menu_typo_transform":"","ocean_menu_typo_transform_tablet":"","ocean_menu_typo_transform_mobile":"","ocean_menu_typo_line_height":0,"ocean_menu_typo_line_height_tablet":0,"ocean_menu_typo_line_height_mobile":0,"ocean_menu_typo_line_height_unit":"","ocean_menu_typo_spacing":0,"ocean_menu_typo_spacing_tablet":0,"ocean_menu_typo_spacing_mobile":0,"ocean_menu_typo_spacing_unit":"","ocean_menu_link_color":"","ocean_menu_link_color_hover":"","ocean_menu_link_color_active":"","ocean_menu_link_background":"","ocean_menu_link_hover_background":"","ocean_menu_link_active_background":"","ocean_menu_social_links_bg":"","ocean_menu_social_hover_links_bg":"","ocean_menu_social_links_color":"","ocean_menu_social_hover_links_color":"","ocean_disable_title":"default","ocean_disable_heading":"default","ocean_post_title":"","ocean_post_subheading":"","ocean_post_title_style":"","ocean_post_title_background_color":"","ocean_post_title_background":0,"ocean_post_title_bg_image_position":"","ocean_post_title_bg_image_attachment":"","ocean_post_title_bg_image_repeat":"","ocean_post_title_bg_image_size":"","ocean_post_title_height":0,"ocean_post_title_bg_overlay":0.5,"ocean_post_title_bg_overlay_color":"","ocean_disable_breadcrumbs":"default","ocean_breadcrumbs_color":"","ocean_breadcrumbs_separator_color":"","ocean_breadcrumbs_links_color":"","ocean_breadcrumbs_links_hover_color":"","ocean_display_footer_widgets":"default","ocean_display_footer_bottom":"default","ocean_custom_footer_template":"0"},"product_brand":[],"product_cat":[57],"product_tag":[],"class_list":{"0":"post-7595","1":"product","2":"type-product","3":"status-publish","4":"has-post-thumbnail","6":"product_cat-bordallo-pinheiro","8":"entry","9":"has-media","11":"first","12":"instock","13":"taxable","14":"shipping-taxable","15":"product-type-simple","16":"has-product-nav","17":"col","18":"span_1_of_3","19":"owp-content-center","20":"owp-thumbs-layout-horizontal","21":"owp-btn-big","22":"owp-tabs-layout-horizontal"},"_links":{"self":[{"href":"https:\/\/www.domanija.lt\/en\/wp-json\/wp\/v2\/product\/7595","targetHints":{"allow":["GET"]}}],"collection":[{"href":"https:\/\/www.domanija.lt\/en\/wp-json\/wp\/v2\/product"}],"about":[{"href":"https:\/\/www.domanija.lt\/en\/wp-json\/wp\/v2\/types\/product"}],"wp:featuredmedia":[{"embeddable":true,"href":"https:\/\/www.domanija.lt\/en\/wp-json\/wp\/v2\/media\/7597"}],"wp:attachment":[{"href":"https:\/\/www.domanija.lt\/en\/wp-json\/wp\/v2\/media?parent=7595"}],"wp:term":[{"taxonomy":"product_brand","embeddable":true,"href":"https:\/\/www.domanija.lt\/en\/wp-json\/wp\/v2\/product_brand?post=7595"},{"taxonomy":"product_cat","embeddable":true,"href":"https:\/\/www.domanija.lt\/en\/wp-json\/wp\/v2\/product_cat?post=7595"},{"taxonomy":"product_tag","embeddable":true,"href":"https:\/\/www.domanija.lt\/en\/wp-json\/wp\/v2\/product_tag?post=7595"}],"curies":[{"name":"wp","href":"https:\/\/api.w.org\/{rel}","templated":true}]}}