{"id":7475,"date":"2025-07-16T17:22:18","date_gmt":"2025-07-16T14:22:18","guid":{"rendered":"https:\/\/www.domanija.lt\/?post_type=product&#038;p=7475"},"modified":"2026-04-15T14:03:11","modified_gmt":"2026-04-15T11:03:11","slug":"ranku-muilas-cipresso-e-rosmarino","status":"publish","type":"product","link":"https:\/\/www.domanija.lt\/en\/product\/ranku-muilas-cipresso-e-rosmarino\/","title":{"rendered":"Hand soap CIPRESSO E ROSMARINO"},"content":{"rendered":"<p data-start=\"0\" data-end=\"91\"><strong data-start=\"25\" data-end=\"91\">Fragrances inspired by the Florentine tradition.<\/strong><\/p>\n<p data-start=\"93\" data-end=\"322\">A collection of hand soaps inspired by Florentine craftsmanship and refined elegance. Each creation is like a bridge between history and everyday life, a fragrant ritual that cares for the body and brings harmony to the senses.<\/p>\n<p data-start=\"324\" data-end=\"617\">A Marseille-based soap enriched with Shea extracts for effective and gentle cleansing. With each wash a soft, airy lather that rinses off easily, leaving hands clean and pleasantly scented.<\/p>\n<p data-start=\"619\" data-end=\"834\"><strong data-start=\"619\" data-end=\"638\">Olfactory Pyramid<\/strong><br data-start=\"638\" data-end=\"641\" \/>\u25cf Cypress \u2013 resin notes provide a sense of freshness and strength<br data-start=\"706\" data-end=\"709\" \/>\u25cf Rosemary \u2013 an invigorating aroma that revitalizes the skin<br data-start=\"776\" data-end=\"779\" \/>\u25cf Cedar \u2013 a strong wood note that finishes with a warm scent<\/p>\n<p data-start=\"836\" data-end=\"903\" data-is-last-node=\"\" data-is-only-node=\"\"><strong data-start=\"836\" data-end=\"903\" data-is-last-node=\"\">A perfect balance between nature and elegance \u2013 in every drop.<\/strong><\/p>\n<p><strong>MAIN SCENT<\/strong><br \/>\nWoody<\/p>\n<p><strong>CATEGORY<\/strong><br \/>\nHand soap<\/p>\n<p><strong>ATMOSPHERE<\/strong><br \/>\nEnergising<\/p>","protected":false},"excerpt":{"rendered":"<p>This fragrance is a timeless classic in personal care , an explosion of vitality that awakens the senses. Housed in an amber (410 ml) bottle with an octagonal design, it is made unique by its citrus notes, which break tradition with a sparkling, modern twist, leaving a bright, bold impression on the skin.<\/p>","protected":false},"featured_media":7485,"template":"","meta":{"_seopress_robots_primary_cat":"none","_seopress_titles_title":"Dr. Vranjes Firenze rank\u0173 muilas CIPRESSO E ROSMARINO","_seopress_titles_desc":"Rank\u0173 muilo kolekcija, \u012fkv\u0117pta Florencijos meistryst\u0117s ir i\u0161puosel\u0117tos elegancijos.","_seopress_robots_index":"","ocean_post_layout":"","ocean_both_sidebars_style":"","ocean_both_sidebars_content_width":0,"ocean_both_sidebars_sidebars_width":0,"ocean_sidebar":"0","ocean_second_sidebar":"0","ocean_disable_margins":"enable","ocean_add_body_class":"","ocean_shortcode_before_top_bar":"","ocean_shortcode_after_top_bar":"","ocean_shortcode_before_header":"","ocean_shortcode_after_header":"","ocean_has_shortcode":"","ocean_shortcode_after_title":"","ocean_shortcode_before_footer_widgets":"","ocean_shortcode_after_footer_widgets":"","ocean_shortcode_before_footer_bottom":"","ocean_shortcode_after_footer_bottom":"","ocean_display_top_bar":"default","ocean_display_header":"default","ocean_header_style":"","ocean_center_header_left_menu":"0","ocean_custom_header_template":"0","ocean_custom_logo":0,"ocean_custom_retina_logo":0,"ocean_custom_logo_max_width":0,"ocean_custom_logo_tablet_max_width":0,"ocean_custom_logo_mobile_max_width":0,"ocean_custom_logo_max_height":0,"ocean_custom_logo_tablet_max_height":0,"ocean_custom_logo_mobile_max_height":0,"ocean_header_custom_menu":"0","ocean_menu_typo_font_family":"0","ocean_menu_typo_font_subset":"","ocean_menu_typo_font_size":0,"ocean_menu_typo_font_size_tablet":0,"ocean_menu_typo_font_size_mobile":0,"ocean_menu_typo_font_size_unit":"px","ocean_menu_typo_font_weight":"","ocean_menu_typo_font_weight_tablet":"","ocean_menu_typo_font_weight_mobile":"","ocean_menu_typo_transform":"","ocean_menu_typo_transform_tablet":"","ocean_menu_typo_transform_mobile":"","ocean_menu_typo_line_height":0,"ocean_menu_typo_line_height_tablet":0,"ocean_menu_typo_line_height_mobile":0,"ocean_menu_typo_line_height_unit":"","ocean_menu_typo_spacing":0,"ocean_menu_typo_spacing_tablet":0,"ocean_menu_typo_spacing_mobile":0,"ocean_menu_typo_spacing_unit":"","ocean_menu_link_color":"","ocean_menu_link_color_hover":"","ocean_menu_link_color_active":"","ocean_menu_link_background":"","ocean_menu_link_hover_background":"","ocean_menu_link_active_background":"","ocean_menu_social_links_bg":"","ocean_menu_social_hover_links_bg":"","ocean_menu_social_links_color":"","ocean_menu_social_hover_links_color":"","ocean_disable_title":"on","ocean_disable_heading":"default","ocean_post_title":"","ocean_post_subheading":"","ocean_post_title_style":"","ocean_post_title_background_color":"","ocean_post_title_background":0,"ocean_post_title_bg_image_position":"","ocean_post_title_bg_image_attachment":"","ocean_post_title_bg_image_repeat":"","ocean_post_title_bg_image_size":"","ocean_post_title_height":0,"ocean_post_title_bg_overlay":0.5,"ocean_post_title_bg_overlay_color":"","ocean_disable_breadcrumbs":"off","ocean_breadcrumbs_color":"","ocean_breadcrumbs_separator_color":"","ocean_breadcrumbs_links_color":"","ocean_breadcrumbs_links_hover_color":"","ocean_display_footer_widgets":"default","ocean_display_footer_bottom":"default","ocean_custom_footer_template":"0"},"product_brand":[],"product_cat":[62],"product_tag":[42,37],"class_list":{"0":"post-7475","1":"product","2":"type-product","3":"status-publish","4":"has-post-thumbnail","6":"product_cat-ranku-muilas","7":"product_tag-gurmaniskas","8":"product_tag-medzio","10":"entry","11":"has-media","13":"first","14":"instock","15":"taxable","16":"shipping-taxable","17":"purchasable","18":"product-type-simple","19":"has-product-nav","20":"col","21":"span_1_of_3","22":"owp-content-center","23":"owp-thumbs-layout-horizontal","24":"owp-btn-big","25":"owp-tabs-layout-horizontal"},"_links":{"self":[{"href":"https:\/\/www.domanija.lt\/en\/wp-json\/wp\/v2\/product\/7475","targetHints":{"allow":["GET"]}}],"collection":[{"href":"https:\/\/www.domanija.lt\/en\/wp-json\/wp\/v2\/product"}],"about":[{"href":"https:\/\/www.domanija.lt\/en\/wp-json\/wp\/v2\/types\/product"}],"wp:featuredmedia":[{"embeddable":true,"href":"https:\/\/www.domanija.lt\/en\/wp-json\/wp\/v2\/media\/7485"}],"wp:attachment":[{"href":"https:\/\/www.domanija.lt\/en\/wp-json\/wp\/v2\/media?parent=7475"}],"wp:term":[{"taxonomy":"product_brand","embeddable":true,"href":"https:\/\/www.domanija.lt\/en\/wp-json\/wp\/v2\/product_brand?post=7475"},{"taxonomy":"product_cat","embeddable":true,"href":"https:\/\/www.domanija.lt\/en\/wp-json\/wp\/v2\/product_cat?post=7475"},{"taxonomy":"product_tag","embeddable":true,"href":"https:\/\/www.domanija.lt\/en\/wp-json\/wp\/v2\/product_tag?post=7475"}],"curies":[{"name":"wp","href":"https:\/\/api.w.org\/{rel}","templated":true}]}}