{"id":7347,"date":"2025-06-09T08:37:27","date_gmt":"2025-06-09T05:37:27","guid":{"rendered":"https:\/\/www.domanija.lt\/?post_type=product&#038;p=7347"},"modified":"2026-04-15T13:54:59","modified_gmt":"2026-04-15T10:54:59","slug":"dr-vranjes-firenze-namu-kvapas-limone-cedrato","status":"publish","type":"product","link":"https:\/\/www.domanija.lt\/en\/product\/dr-vranjes-firenze-namu-kvapas-limone-cedrato\/","title":{"rendered":"Dr. Vranjes Firenze nam\u0173 kvapas LIMONE CEDRATO"},"content":{"rendered":"<p>Spindintis ir am\u017einai \u017ealiuojantis naujasis nam\u0173 kvapas Limone Cedrato savo gyvybingumo ir harmonijos aura nukelia \u012f i\u0161taigingus Medi\u010di \u0161eimos sodus Florencijoje. Tai gro\u017eio ir klest\u0117jimo simbolis, idealiai tinkantis tiems, kurie ie\u0161ko \u0161varios, gaivios ir harmoningos atmosferos. Jis bet koki\u0105 aplink\u0105 paver\u010dia pozityvumo bei d\u017eiaugsmo vieta.<\/p>\n<p><strong>OLFACTORY PYRAMID<\/strong><\/p>\n<p><em>Florencijos kedras, bergamot\u0117 \/ Citrus\u0173 lapai \/ Sandalmedis<\/em><\/p>\n<p><strong>MAIN SCENT<\/strong><br \/>\nCitrusinis<\/p>\n<p><strong>CATEGORY<\/strong><br \/>\nDiffuser<\/p>\n<p><strong>ATMOSPHERE<\/strong><br \/>\nEnergising<\/p>\n<p><strong>COLOR<\/strong><br \/>\n\u017dalsva<\/p>","protected":false},"excerpt":{"rendered":"<p>Limone Cedrato &#8211; himnas gyvenimo d\u017eiaugsmui ir gamtai, sukurtas siekiant padidinti erdvi\u0173 ry\u0161kum\u0105 ir suteikti kasdien\u0117s gerov\u0117s. Jis primena sodr\u0173 ir laikui nepavald\u0173 Medi\u010di sod\u0173 \u017eaves\u012f. \u010cia \u0161is vertingas citrusinis vaisius auginamas nuo Renesanso laik\u0173 &#8211; tam, kad b\u016bt\u0173 \u0161ven\u010diama gamta, gyvenimas ir botanikos menas. Kaip ir kedro augalas, naujasis aromatas m\u0117gsta \u0161velni\u0105, jauki\u0105 ir \u0161viesi\u0105 aplink\u0105, pavyzd\u017eiui, svetain\u0119, virtuv\u0119 ar prie\u0161kambar\u012f.<\/p>","protected":false},"featured_media":8390,"template":"","meta":{"_seopress_robots_primary_cat":"none","_seopress_titles_title":"Dr. Vranjes Firenze nam\u0173 kvapas LIMONE CEDRATO","_seopress_titles_desc":"Spindintis ir am\u017einai \u017ealiuojantis naujasis nam\u0173 kvapas Limone Cedrato.","_seopress_robots_index":"","ocean_post_layout":"","ocean_both_sidebars_style":"","ocean_both_sidebars_content_width":0,"ocean_both_sidebars_sidebars_width":0,"ocean_sidebar":"0","ocean_second_sidebar":"0","ocean_disable_margins":"enable","ocean_add_body_class":"","ocean_shortcode_before_top_bar":"","ocean_shortcode_after_top_bar":"","ocean_shortcode_before_header":"","ocean_shortcode_after_header":"","ocean_has_shortcode":"","ocean_shortcode_after_title":"","ocean_shortcode_before_footer_widgets":"","ocean_shortcode_after_footer_widgets":"","ocean_shortcode_before_footer_bottom":"","ocean_shortcode_after_footer_bottom":"","ocean_display_top_bar":"default","ocean_display_header":"default","ocean_header_style":"","ocean_center_header_left_menu":"0","ocean_custom_header_template":"0","ocean_custom_logo":0,"ocean_custom_retina_logo":0,"ocean_custom_logo_max_width":0,"ocean_custom_logo_tablet_max_width":0,"ocean_custom_logo_mobile_max_width":0,"ocean_custom_logo_max_height":0,"ocean_custom_logo_tablet_max_height":0,"ocean_custom_logo_mobile_max_height":0,"ocean_header_custom_menu":"0","ocean_menu_typo_font_family":"0","ocean_menu_typo_font_subset":"","ocean_menu_typo_font_size":0,"ocean_menu_typo_font_size_tablet":0,"ocean_menu_typo_font_size_mobile":0,"ocean_menu_typo_font_size_unit":"px","ocean_menu_typo_font_weight":"","ocean_menu_typo_font_weight_tablet":"","ocean_menu_typo_font_weight_mobile":"","ocean_menu_typo_transform":"","ocean_menu_typo_transform_tablet":"","ocean_menu_typo_transform_mobile":"","ocean_menu_typo_line_height":0,"ocean_menu_typo_line_height_tablet":0,"ocean_menu_typo_line_height_mobile":0,"ocean_menu_typo_line_height_unit":"","ocean_menu_typo_spacing":0,"ocean_menu_typo_spacing_tablet":0,"ocean_menu_typo_spacing_mobile":0,"ocean_menu_typo_spacing_unit":"","ocean_menu_link_color":"","ocean_menu_link_color_hover":"","ocean_menu_link_color_active":"","ocean_menu_link_background":"","ocean_menu_link_hover_background":"","ocean_menu_link_active_background":"","ocean_menu_social_links_bg":"","ocean_menu_social_hover_links_bg":"","ocean_menu_social_links_color":"","ocean_menu_social_hover_links_color":"","ocean_disable_title":"on","ocean_disable_heading":"default","ocean_post_title":"","ocean_post_subheading":"","ocean_post_title_style":"","ocean_post_title_background_color":"","ocean_post_title_background":0,"ocean_post_title_bg_image_position":"","ocean_post_title_bg_image_attachment":"","ocean_post_title_bg_image_repeat":"","ocean_post_title_bg_image_size":"","ocean_post_title_height":0,"ocean_post_title_bg_overlay":0.5,"ocean_post_title_bg_overlay_color":"","ocean_disable_breadcrumbs":"off","ocean_breadcrumbs_color":"","ocean_breadcrumbs_separator_color":"","ocean_breadcrumbs_links_color":"","ocean_breadcrumbs_links_hover_color":"","ocean_display_footer_widgets":"default","ocean_display_footer_bottom":"default","ocean_custom_footer_template":"0"},"product_brand":[],"product_cat":[52],"product_tag":[42,37],"class_list":{"0":"post-7347","1":"product","2":"type-product","3":"status-publish","4":"has-post-thumbnail","6":"product_cat-namu-kvapai","7":"product_tag-gurmaniskas","8":"product_tag-medzio","10":"entry","11":"has-media","13":"first","14":"instock","15":"taxable","16":"shipping-taxable","17":"purchasable","18":"product-type-variable","19":"has-product-nav","20":"col","21":"span_1_of_3","22":"owp-content-center","23":"owp-thumbs-layout-horizontal","24":"owp-btn-big","25":"owp-tabs-layout-horizontal"},"_links":{"self":[{"href":"https:\/\/www.domanija.lt\/en\/wp-json\/wp\/v2\/product\/7347","targetHints":{"allow":["GET"]}}],"collection":[{"href":"https:\/\/www.domanija.lt\/en\/wp-json\/wp\/v2\/product"}],"about":[{"href":"https:\/\/www.domanija.lt\/en\/wp-json\/wp\/v2\/types\/product"}],"wp:featuredmedia":[{"embeddable":true,"href":"https:\/\/www.domanija.lt\/en\/wp-json\/wp\/v2\/media\/8390"}],"wp:attachment":[{"href":"https:\/\/www.domanija.lt\/en\/wp-json\/wp\/v2\/media?parent=7347"}],"wp:term":[{"taxonomy":"product_brand","embeddable":true,"href":"https:\/\/www.domanija.lt\/en\/wp-json\/wp\/v2\/product_brand?post=7347"},{"taxonomy":"product_cat","embeddable":true,"href":"https:\/\/www.domanija.lt\/en\/wp-json\/wp\/v2\/product_cat?post=7347"},{"taxonomy":"product_tag","embeddable":true,"href":"https:\/\/www.domanija.lt\/en\/wp-json\/wp\/v2\/product_tag?post=7347"}],"curies":[{"name":"wp","href":"https:\/\/api.w.org\/{rel}","templated":true}]}}