{"id":7155,"date":"2025-02-26T17:32:06","date_gmt":"2025-02-26T14:32:06","guid":{"rendered":"https:\/\/www.domanija.lt\/?post_type=product&#038;p=7155"},"modified":"2025-04-23T17:05:18","modified_gmt":"2025-04-23T14:05:18","slug":"rainhas-de-portugal-vazonas-d-amelia","status":"publish","type":"product","link":"https:\/\/www.domanija.lt\/en\/product\/rainhas-de-portugal-vazonas-d-amelia\/","title":{"rendered":"RAINHAS DE PORTUGAL &#8211; Vazonas D. Am\u00e9lia"},"content":{"rendered":"<p style=\"font-weight: 400;\"><strong>Style:<\/strong> Contemporary<br \/>\n<strong>Type:<\/strong> Vazonas<br \/>\n<strong>Material:<\/strong> Porcelain<br \/>\n<strong>Height:<\/strong> 157 mm<br \/>\n<strong>Width:<\/strong> 180 mm<br \/>\n<strong>Weight without the packaging:<\/strong> 1235 gr<br \/>\n<strong>Care: <\/strong>Plaunant indaplov\u0117je parinkti trump\u0105 ir \u017eemos temperat\u016bros program\u0105.<\/p>","protected":false},"excerpt":{"rendered":"<p data-start=\"0\" data-end=\"472\"><strong data-start=\"10\" data-end=\"26\">Vista Alegre<\/strong> porcelianiniai vazonai i\u0161 kolekcijos <strong data-start=\"64\" data-end=\"89\">Rainhas de Portugal<\/strong>, kurie ne tik puo\u0161ia namus, bet ir pasakoja turting\u0105 Portugalijos karalieni\u0173 istorij\u0105. \u0160ie \u012fsp\u016bdingi vazonai, sukurti meninink\u0117s H\u00e9lia Aluai, pasi\u017eymi sud\u0117tingomis fig\u016bromis, \u012fkv\u0117ptomis subtilios filigrano technikos \u2013 tradicinio portugali\u0161ko ornamentikos meno. Ry\u0161kios raudonos ir auksin\u0117s spalvos simbolizuoja aistr\u0105 ir kult\u016brin\u012f paveld\u0105, kur\u012f paliko \u0161ios istorin\u0117s asmenyb\u0117s.<\/p>\n<p data-start=\"474\" data-end=\"697\">Pasirinkdami \u0161iuos vazonus, suteikiate savo interjerui ne tik elegancijos, bet ir prasming\u0105 ry\u0161\u012f su praeitimi. Leiskite savo g\u0117l\u0117ms augti vazonuose, kurie atspindi Portugalijos kult\u016bros turtingum\u0105 ir menin\u012f meistri\u0161kum\u0105.<\/p>","protected":false},"featured_media":7156,"template":"","meta":{"_seopress_robots_primary_cat":"none","_seopress_titles_title":"RAINHAS DE PORTUGAL - Vazonas D. Am\u00e9lia","_seopress_titles_desc":"Vista Alegre porcelianiniai vazonai i\u0161 kolekcijos \u201eRainhas de Portugal\u201c, kurie ne tik puo\u0161ia namus, bet ir pasakoja turting\u0105 Portugalijos karalieni\u0173 istorij\u0105.","_seopress_robots_index":"","ocean_post_layout":"","ocean_both_sidebars_style":"","ocean_both_sidebars_content_width":0,"ocean_both_sidebars_sidebars_width":0,"ocean_sidebar":"0","ocean_second_sidebar":"0","ocean_disable_margins":"enable","ocean_add_body_class":"","ocean_shortcode_before_top_bar":"","ocean_shortcode_after_top_bar":"","ocean_shortcode_before_header":"","ocean_shortcode_after_header":"","ocean_has_shortcode":"","ocean_shortcode_after_title":"","ocean_shortcode_before_footer_widgets":"","ocean_shortcode_after_footer_widgets":"","ocean_shortcode_before_footer_bottom":"","ocean_shortcode_after_footer_bottom":"","ocean_display_top_bar":"default","ocean_display_header":"default","ocean_header_style":"","ocean_center_header_left_menu":"0","ocean_custom_header_template":"0","ocean_custom_logo":0,"ocean_custom_retina_logo":0,"ocean_custom_logo_max_width":0,"ocean_custom_logo_tablet_max_width":0,"ocean_custom_logo_mobile_max_width":0,"ocean_custom_logo_max_height":0,"ocean_custom_logo_tablet_max_height":0,"ocean_custom_logo_mobile_max_height":0,"ocean_header_custom_menu":"0","ocean_menu_typo_font_family":"0","ocean_menu_typo_font_subset":"","ocean_menu_typo_font_size":0,"ocean_menu_typo_font_size_tablet":0,"ocean_menu_typo_font_size_mobile":0,"ocean_menu_typo_font_size_unit":"px","ocean_menu_typo_font_weight":"","ocean_menu_typo_font_weight_tablet":"","ocean_menu_typo_font_weight_mobile":"","ocean_menu_typo_transform":"","ocean_menu_typo_transform_tablet":"","ocean_menu_typo_transform_mobile":"","ocean_menu_typo_line_height":0,"ocean_menu_typo_line_height_tablet":0,"ocean_menu_typo_line_height_mobile":0,"ocean_menu_typo_line_height_unit":"","ocean_menu_typo_spacing":0,"ocean_menu_typo_spacing_tablet":0,"ocean_menu_typo_spacing_mobile":0,"ocean_menu_typo_spacing_unit":"","ocean_menu_link_color":"","ocean_menu_link_color_hover":"","ocean_menu_link_color_active":"","ocean_menu_link_background":"","ocean_menu_link_hover_background":"","ocean_menu_link_active_background":"","ocean_menu_social_links_bg":"","ocean_menu_social_hover_links_bg":"","ocean_menu_social_links_color":"","ocean_menu_social_hover_links_color":"","ocean_disable_title":"default","ocean_disable_heading":"default","ocean_post_title":"","ocean_post_subheading":"","ocean_post_title_style":"","ocean_post_title_background_color":"","ocean_post_title_background":0,"ocean_post_title_bg_image_position":"","ocean_post_title_bg_image_attachment":"","ocean_post_title_bg_image_repeat":"","ocean_post_title_bg_image_size":"","ocean_post_title_height":0,"ocean_post_title_bg_overlay":0.5,"ocean_post_title_bg_overlay_color":"","ocean_disable_breadcrumbs":"default","ocean_breadcrumbs_color":"","ocean_breadcrumbs_separator_color":"","ocean_breadcrumbs_links_color":"","ocean_breadcrumbs_links_hover_color":"","ocean_display_footer_widgets":"default","ocean_display_footer_bottom":"default","ocean_custom_footer_template":"0"},"product_brand":[],"product_cat":[48],"product_tag":[],"class_list":{"0":"post-7155","1":"product","2":"type-product","3":"status-publish","4":"has-post-thumbnail","6":"product_cat-vista-alegre","8":"entry","9":"has-media","11":"first","12":"instock","13":"taxable","14":"shipping-taxable","15":"product-type-simple","16":"has-product-nav","17":"col","18":"span_1_of_3","19":"owp-content-center","20":"owp-thumbs-layout-horizontal","21":"owp-btn-big","22":"owp-tabs-layout-horizontal"},"_links":{"self":[{"href":"https:\/\/www.domanija.lt\/en\/wp-json\/wp\/v2\/product\/7155","targetHints":{"allow":["GET"]}}],"collection":[{"href":"https:\/\/www.domanija.lt\/en\/wp-json\/wp\/v2\/product"}],"about":[{"href":"https:\/\/www.domanija.lt\/en\/wp-json\/wp\/v2\/types\/product"}],"wp:featuredmedia":[{"embeddable":true,"href":"https:\/\/www.domanija.lt\/en\/wp-json\/wp\/v2\/media\/7156"}],"wp:attachment":[{"href":"https:\/\/www.domanija.lt\/en\/wp-json\/wp\/v2\/media?parent=7155"}],"wp:term":[{"taxonomy":"product_brand","embeddable":true,"href":"https:\/\/www.domanija.lt\/en\/wp-json\/wp\/v2\/product_brand?post=7155"},{"taxonomy":"product_cat","embeddable":true,"href":"https:\/\/www.domanija.lt\/en\/wp-json\/wp\/v2\/product_cat?post=7155"},{"taxonomy":"product_tag","embeddable":true,"href":"https:\/\/www.domanija.lt\/en\/wp-json\/wp\/v2\/product_tag?post=7155"}],"curies":[{"name":"wp","href":"https:\/\/api.w.org\/{rel}","templated":true}]}}