{"id":7146,"date":"2025-02-24T00:21:30","date_gmt":"2025-02-23T21:21:30","guid":{"rendered":"https:\/\/www.domanija.lt\/?post_type=product&#038;p=7146"},"modified":"2025-02-24T00:21:34","modified_gmt":"2025-02-23T21:21:34","slug":"transatlantica-cukrine","status":"publish","type":"product","link":"https:\/\/www.domanija.lt\/en\/product\/transatlantica-cukrine\/","title":{"rendered":"TRANSATL\u00c2NTICA &#8211; Cukrin\u0117"},"content":{"rendered":"<p style=\"font-weight: 400;\"><strong>Style:<\/strong> Contemporary<br \/>\n<strong>Type:<\/strong> Cukrin\u0117<br \/>\n<strong>Material:<\/strong> Porcelain<br \/>\n<strong>Height:<\/strong> 83 mm<br \/>\n<strong>Width:<\/strong> 119 mm<br \/>\n<strong>Weight without the packaging:<\/strong> 290 gr<br \/>\n<strong>Care:<\/strong> Not suitable for microwave. In a dishwasher, short and low-temperature programs are recommended. Avoid frequent washing in a dishwasher. Handwash recommended. Handmade.<\/p>","protected":false},"excerpt":{"rendered":"<p style=\"font-weight: 400;\"><strong>Transatl\u00e2ntica<\/strong> &#8211; simbolikos kupinas k\u016brinys: karavel\u0117 simbolizuoja Brazilijos atradim\u0105, trimitas &#8211; karnavalo \u0161ventes ir sambos mokyklas, \u017evaig\u017ed\u0117 &#8211; pagrindinis kompaso elementas, primena j\u016br\u0105 ir atradim\u0173 dvasi\u0105, o plytel\u0117s atspindi Portugalijos men\u0105 ir kult\u016br\u0105.<br \/>\n<strong>Brunno Jahara<\/strong>, vienas \u017eymiausi\u0173 dabartini\u0173 Brazilijos dizaineri\u0173, suk\u016br\u0117 Transatl\u00e2ntica serviz\u0105 Vista Alegre tais metais, kai Brazilijoje buvo \u0161ven\u010diami Portugalijos metai. \u0160i kolekcija kerta diding\u0105j\u012f Atlanto vandenyn\u0105, kad originaliai pabr\u0117\u017et\u0173 dviej\u0173 pasauli\u0173 kraujo s\u0105jung\u0105.<\/p>","protected":false},"featured_media":7149,"template":"","meta":{"_seopress_robots_primary_cat":"none","_seopress_titles_title":"TRANSATL\u00c2NTICA - Cukrin\u0117","_seopress_titles_desc":"Transatl\u00e2ntica - simbolikos kupinas k\u016brinys. Atraskite Vista Alegre Domanija interjero salone, kaip buvo atrasta Brazilija - su nustebimu ir susi\u017eav\u0117jimu!","_seopress_robots_index":"","ocean_post_layout":"","ocean_both_sidebars_style":"","ocean_both_sidebars_content_width":0,"ocean_both_sidebars_sidebars_width":0,"ocean_sidebar":"0","ocean_second_sidebar":"0","ocean_disable_margins":"enable","ocean_add_body_class":"","ocean_shortcode_before_top_bar":"","ocean_shortcode_after_top_bar":"","ocean_shortcode_before_header":"","ocean_shortcode_after_header":"","ocean_has_shortcode":"","ocean_shortcode_after_title":"","ocean_shortcode_before_footer_widgets":"","ocean_shortcode_after_footer_widgets":"","ocean_shortcode_before_footer_bottom":"","ocean_shortcode_after_footer_bottom":"","ocean_display_top_bar":"default","ocean_display_header":"default","ocean_header_style":"","ocean_center_header_left_menu":"0","ocean_custom_header_template":"0","ocean_custom_logo":0,"ocean_custom_retina_logo":0,"ocean_custom_logo_max_width":0,"ocean_custom_logo_tablet_max_width":0,"ocean_custom_logo_mobile_max_width":0,"ocean_custom_logo_max_height":0,"ocean_custom_logo_tablet_max_height":0,"ocean_custom_logo_mobile_max_height":0,"ocean_header_custom_menu":"0","ocean_menu_typo_font_family":"0","ocean_menu_typo_font_subset":"","ocean_menu_typo_font_size":0,"ocean_menu_typo_font_size_tablet":0,"ocean_menu_typo_font_size_mobile":0,"ocean_menu_typo_font_size_unit":"px","ocean_menu_typo_font_weight":"","ocean_menu_typo_font_weight_tablet":"","ocean_menu_typo_font_weight_mobile":"","ocean_menu_typo_transform":"","ocean_menu_typo_transform_tablet":"","ocean_menu_typo_transform_mobile":"","ocean_menu_typo_line_height":0,"ocean_menu_typo_line_height_tablet":0,"ocean_menu_typo_line_height_mobile":0,"ocean_menu_typo_line_height_unit":"","ocean_menu_typo_spacing":0,"ocean_menu_typo_spacing_tablet":0,"ocean_menu_typo_spacing_mobile":0,"ocean_menu_typo_spacing_unit":"","ocean_menu_link_color":"","ocean_menu_link_color_hover":"","ocean_menu_link_color_active":"","ocean_menu_link_background":"","ocean_menu_link_hover_background":"","ocean_menu_link_active_background":"","ocean_menu_social_links_bg":"","ocean_menu_social_hover_links_bg":"","ocean_menu_social_links_color":"","ocean_menu_social_hover_links_color":"","ocean_disable_title":"default","ocean_disable_heading":"default","ocean_post_title":"","ocean_post_subheading":"","ocean_post_title_style":"","ocean_post_title_background_color":"","ocean_post_title_background":0,"ocean_post_title_bg_image_position":"","ocean_post_title_bg_image_attachment":"","ocean_post_title_bg_image_repeat":"","ocean_post_title_bg_image_size":"","ocean_post_title_height":0,"ocean_post_title_bg_overlay":0.5,"ocean_post_title_bg_overlay_color":"","ocean_disable_breadcrumbs":"default","ocean_breadcrumbs_color":"","ocean_breadcrumbs_separator_color":"","ocean_breadcrumbs_links_color":"","ocean_breadcrumbs_links_hover_color":"","ocean_display_footer_widgets":"default","ocean_display_footer_bottom":"default","ocean_custom_footer_template":"0"},"product_brand":[],"product_cat":[48],"product_tag":[],"class_list":{"0":"post-7146","1":"product","2":"type-product","3":"status-publish","4":"has-post-thumbnail","6":"product_cat-vista-alegre","8":"entry","9":"has-media","11":"first","12":"instock","13":"taxable","14":"shipping-taxable","15":"product-type-simple","16":"has-product-nav","17":"col","18":"span_1_of_3","19":"owp-content-center","20":"owp-thumbs-layout-horizontal","21":"owp-btn-big","22":"owp-tabs-layout-horizontal"},"_links":{"self":[{"href":"https:\/\/www.domanija.lt\/en\/wp-json\/wp\/v2\/product\/7146","targetHints":{"allow":["GET"]}}],"collection":[{"href":"https:\/\/www.domanija.lt\/en\/wp-json\/wp\/v2\/product"}],"about":[{"href":"https:\/\/www.domanija.lt\/en\/wp-json\/wp\/v2\/types\/product"}],"wp:featuredmedia":[{"embeddable":true,"href":"https:\/\/www.domanija.lt\/en\/wp-json\/wp\/v2\/media\/7149"}],"wp:attachment":[{"href":"https:\/\/www.domanija.lt\/en\/wp-json\/wp\/v2\/media?parent=7146"}],"wp:term":[{"taxonomy":"product_brand","embeddable":true,"href":"https:\/\/www.domanija.lt\/en\/wp-json\/wp\/v2\/product_brand?post=7146"},{"taxonomy":"product_cat","embeddable":true,"href":"https:\/\/www.domanija.lt\/en\/wp-json\/wp\/v2\/product_cat?post=7146"},{"taxonomy":"product_tag","embeddable":true,"href":"https:\/\/www.domanija.lt\/en\/wp-json\/wp\/v2\/product_tag?post=7146"}],"curies":[{"name":"wp","href":"https:\/\/api.w.org\/{rel}","templated":true}]}}