{"id":678,"date":"2021-06-25T16:30:49","date_gmt":"2021-06-25T13:30:49","guid":{"rendered":"https:\/\/www.domanija.lt\/?post_type=product&#038;p=678"},"modified":"2026-04-23T16:19:34","modified_gmt":"2026-04-23T13:19:34","slug":"terra","status":"publish","type":"product","link":"https:\/\/www.domanija.lt\/en\/product\/terra\/","title":{"rendered":"Dr. Vranjes Firenze TERRA home diffuser"},"content":{"rendered":"<p>This fragrance is a reminder of the walks in the wood Maestro Paolo Vranjes' father once took him on as a child; the scent of the earth dampened by rain, combined with the scent emitted by the leaves and the moss trampled underfoot, and the sun filtering through the branches of the pines exuding its warmth. The desire to preserve the memories of those moments has been encapsulated in this fragrance.<\/p>\n<p><strong>OLFACTORY PYRAMID<\/strong><\/p>\n<p><em><img decoding=\"async\" class=\"alignnone wp-image-1249\" src=\"https:\/\/www.domanija.lt\/wp-content\/uploads\/PIRAMIDE_TERRA.png\" alt=\"\" width=\"180\" height=\"180\" srcset=\"https:\/\/www.domanija.lt\/wp-content\/uploads\/PIRAMIDE_TERRA.png 450w, https:\/\/www.domanija.lt\/wp-content\/uploads\/PIRAMIDE_TERRA-100x100.png 100w\" sizes=\"(max-width: 180px) 100vw, 180px\" \/>Siberian Pine | Green Moss | Vanilla<\/em><\/p>\n<p><strong>MAIN SCENT<\/strong><br \/>\nBalsamic and fresh<\/p>\n<p><strong>CATEGORY<\/strong><br \/>\nDiffuser<\/p>\n<p><strong>ATMOSPHERE<\/strong><br \/>\nRelaxing<\/p>\n<p><strong>COLOR<\/strong><br \/>\nAmber<\/p>","protected":false},"excerpt":{"rendered":"<p>The energy of the earth comes to life in this ambient fragrance. It is arranged in a combination of balsamic Siberian pine and green musks, aromatic lavender and vanilla.<\/p>\n<p><span style=\"font-weight: 400;\">Terra is a fresh, soft and relaxing scent, ideal for creating a charming and pleasant atmosphere within living spaces.<\/span><\/p>","protected":false},"featured_media":8569,"template":"","meta":{"_seopress_robots_primary_cat":"none","_seopress_titles_title":"Dr. Vranjes Firenze nam\u0173 kvapas TERRA","_seopress_titles_desc":"Gaiviai rafinuotas Sibiro pu\u0161ies natas su\u0161ildo \u017ealiojo muskuso at\u017ealyno ir Provanso levand\u0173 esencij\u0173 natos.","_seopress_robots_index":"","ocean_post_layout":"","ocean_both_sidebars_style":"","ocean_both_sidebars_content_width":0,"ocean_both_sidebars_sidebars_width":0,"ocean_sidebar":"0","ocean_second_sidebar":"0","ocean_disable_margins":"enable","ocean_add_body_class":"","ocean_shortcode_before_top_bar":"","ocean_shortcode_after_top_bar":"","ocean_shortcode_before_header":"","ocean_shortcode_after_header":"","ocean_has_shortcode":"","ocean_shortcode_after_title":"","ocean_shortcode_before_footer_widgets":"","ocean_shortcode_after_footer_widgets":"","ocean_shortcode_before_footer_bottom":"","ocean_shortcode_after_footer_bottom":"","ocean_display_top_bar":"default","ocean_display_header":"default","ocean_header_style":"","ocean_center_header_left_menu":"0","ocean_custom_header_template":"0","ocean_custom_logo":0,"ocean_custom_retina_logo":0,"ocean_custom_logo_max_width":0,"ocean_custom_logo_tablet_max_width":0,"ocean_custom_logo_mobile_max_width":0,"ocean_custom_logo_max_height":0,"ocean_custom_logo_tablet_max_height":0,"ocean_custom_logo_mobile_max_height":0,"ocean_header_custom_menu":"0","ocean_menu_typo_font_family":"0","ocean_menu_typo_font_subset":"","ocean_menu_typo_font_size":0,"ocean_menu_typo_font_size_tablet":0,"ocean_menu_typo_font_size_mobile":0,"ocean_menu_typo_font_size_unit":"px","ocean_menu_typo_font_weight":"","ocean_menu_typo_font_weight_tablet":"","ocean_menu_typo_font_weight_mobile":"","ocean_menu_typo_transform":"","ocean_menu_typo_transform_tablet":"","ocean_menu_typo_transform_mobile":"","ocean_menu_typo_line_height":0,"ocean_menu_typo_line_height_tablet":0,"ocean_menu_typo_line_height_mobile":0,"ocean_menu_typo_line_height_unit":"","ocean_menu_typo_spacing":0,"ocean_menu_typo_spacing_tablet":0,"ocean_menu_typo_spacing_mobile":0,"ocean_menu_typo_spacing_unit":"","ocean_menu_link_color":"","ocean_menu_link_color_hover":"","ocean_menu_link_color_active":"","ocean_menu_link_background":"","ocean_menu_link_hover_background":"","ocean_menu_link_active_background":"","ocean_menu_social_links_bg":"","ocean_menu_social_hover_links_bg":"","ocean_menu_social_links_color":"","ocean_menu_social_hover_links_color":"","ocean_disable_title":"on","ocean_disable_heading":"default","ocean_post_title":"","ocean_post_subheading":"","ocean_post_title_style":"","ocean_post_title_background_color":"","ocean_post_title_background":0,"ocean_post_title_bg_image_position":"","ocean_post_title_bg_image_attachment":"","ocean_post_title_bg_image_repeat":"","ocean_post_title_bg_image_size":"","ocean_post_title_height":0,"ocean_post_title_bg_overlay":0.5,"ocean_post_title_bg_overlay_color":"","ocean_disable_breadcrumbs":"off","ocean_breadcrumbs_color":"","ocean_breadcrumbs_separator_color":"","ocean_breadcrumbs_links_color":"","ocean_breadcrumbs_links_hover_color":"","ocean_display_footer_widgets":"default","ocean_display_footer_bottom":"default","ocean_custom_footer_template":"0"},"product_brand":[],"product_cat":[52],"product_tag":[40],"class_list":{"0":"post-678","1":"product","2":"type-product","3":"status-publish","4":"has-post-thumbnail","6":"product_cat-namu-kvapai","7":"product_tag-gaivus-ir-pudriniai","9":"entry","10":"has-media","12":"first","13":"instock","14":"taxable","15":"shipping-taxable","16":"purchasable","17":"product-type-variable","18":"has-product-nav","19":"col","20":"span_1_of_3","21":"owp-content-center","22":"owp-thumbs-layout-horizontal","23":"owp-btn-big","24":"owp-tabs-layout-horizontal"},"_links":{"self":[{"href":"https:\/\/www.domanija.lt\/en\/wp-json\/wp\/v2\/product\/678","targetHints":{"allow":["GET"]}}],"collection":[{"href":"https:\/\/www.domanija.lt\/en\/wp-json\/wp\/v2\/product"}],"about":[{"href":"https:\/\/www.domanija.lt\/en\/wp-json\/wp\/v2\/types\/product"}],"wp:featuredmedia":[{"embeddable":true,"href":"https:\/\/www.domanija.lt\/en\/wp-json\/wp\/v2\/media\/8569"}],"wp:attachment":[{"href":"https:\/\/www.domanija.lt\/en\/wp-json\/wp\/v2\/media?parent=678"}],"wp:term":[{"taxonomy":"product_brand","embeddable":true,"href":"https:\/\/www.domanija.lt\/en\/wp-json\/wp\/v2\/product_brand?post=678"},{"taxonomy":"product_cat","embeddable":true,"href":"https:\/\/www.domanija.lt\/en\/wp-json\/wp\/v2\/product_cat?post=678"},{"taxonomy":"product_tag","embeddable":true,"href":"https:\/\/www.domanija.lt\/en\/wp-json\/wp\/v2\/product_tag?post=678"}],"curies":[{"name":"wp","href":"https:\/\/api.w.org\/{rel}","templated":true}]}}