{"id":6745,"date":"2024-11-02T21:33:09","date_gmt":"2024-11-02T18:33:09","guid":{"rendered":"https:\/\/www.domanija.lt\/?post_type=product&#038;p=6745"},"modified":"2026-02-19T17:06:27","modified_gmt":"2026-02-19T14:06:27","slug":"flora-padeklas","status":"publish","type":"product","link":"https:\/\/www.domanija.lt\/en\/product\/flora-padeklas\/","title":{"rendered":"FLORA &#8211; Pad\u0117klas"},"content":{"rendered":"<p style=\"font-weight: 400;\"><strong>Style:<\/strong> Contemporary<br \/>\n<strong>Type:<\/strong> Tray<br \/>\n<strong>Material:<\/strong> Fajansas<br \/>\n<strong>Height:<\/strong> 41 mm<br \/>\n<strong>Width:<\/strong> 259 mm<br \/>\n<strong>Length:<\/strong> 453 mm<\/p>\n<p style=\"font-weight: 400;\"><strong>Care: <\/strong>Visus gaminius galima naudoti mikrobang\u0173 krosnel\u0117je, naudojant kaitinimo funkcij\u0105. Gaminius galima d\u0117ti \u012f indaplov\u0119, ta\u010diau venkite juos palikti indaplov\u0117je pasibaigus plovimo programai. Nerekomenduojama naudoti orkait\u0117je ir \u0161aldiklyje.<\/p>","protected":false},"excerpt":{"rendered":"<p>Atpalaiduojanti ir madinga Flora kolekcija primena ner\u016bpesting\u0105 pasivaik\u0161\u010diojim\u0105 kaime, kur ie\u0161kome ramyb\u0117s ir \u012fkv\u0117pimo, kur\u012f mums gali suteikti tik tyra gamta. Flora &#8211; augal\u0173 ir g\u0117li\u0173 herbariumas, aplink kur\u012f knib\u017ed\u0117te knib\u017eda ma\u017ei ir grak\u0161t\u016bs vabzd\u017eiai, atiduodantys duokl\u0119 subtiliai ekosistem\u0173 pusiausvyrai.<\/p>","protected":false},"featured_media":7689,"template":"","meta":{"_seopress_robots_primary_cat":"none","_seopress_titles_title":"Borallo Pinheiro kolekcijos FLORA - Pad\u0117klas","_seopress_titles_desc":"Flora indai - augal\u0173 ir g\u0117li\u0173 herbariumas, aplink kur\u012f knib\u017ed\u0117te knib\u017eda ma\u017ei ir grak\u0161t\u016bs vabzd\u017eiai. Flora kolekcij\u0105 atraskite Domanija interjero salone.","_seopress_robots_index":"","ocean_post_layout":"","ocean_both_sidebars_style":"","ocean_both_sidebars_content_width":0,"ocean_both_sidebars_sidebars_width":0,"ocean_sidebar":"0","ocean_second_sidebar":"0","ocean_disable_margins":"enable","ocean_add_body_class":"","ocean_shortcode_before_top_bar":"","ocean_shortcode_after_top_bar":"","ocean_shortcode_before_header":"","ocean_shortcode_after_header":"","ocean_has_shortcode":"","ocean_shortcode_after_title":"","ocean_shortcode_before_footer_widgets":"","ocean_shortcode_after_footer_widgets":"","ocean_shortcode_before_footer_bottom":"","ocean_shortcode_after_footer_bottom":"","ocean_display_top_bar":"default","ocean_display_header":"default","ocean_header_style":"","ocean_center_header_left_menu":"0","ocean_custom_header_template":"0","ocean_custom_logo":0,"ocean_custom_retina_logo":0,"ocean_custom_logo_max_width":0,"ocean_custom_logo_tablet_max_width":0,"ocean_custom_logo_mobile_max_width":0,"ocean_custom_logo_max_height":0,"ocean_custom_logo_tablet_max_height":0,"ocean_custom_logo_mobile_max_height":0,"ocean_header_custom_menu":"0","ocean_menu_typo_font_family":"0","ocean_menu_typo_font_subset":"","ocean_menu_typo_font_size":0,"ocean_menu_typo_font_size_tablet":0,"ocean_menu_typo_font_size_mobile":0,"ocean_menu_typo_font_size_unit":"px","ocean_menu_typo_font_weight":"","ocean_menu_typo_font_weight_tablet":"","ocean_menu_typo_font_weight_mobile":"","ocean_menu_typo_transform":"","ocean_menu_typo_transform_tablet":"","ocean_menu_typo_transform_mobile":"","ocean_menu_typo_line_height":0,"ocean_menu_typo_line_height_tablet":0,"ocean_menu_typo_line_height_mobile":0,"ocean_menu_typo_line_height_unit":"","ocean_menu_typo_spacing":0,"ocean_menu_typo_spacing_tablet":0,"ocean_menu_typo_spacing_mobile":0,"ocean_menu_typo_spacing_unit":"","ocean_menu_link_color":"","ocean_menu_link_color_hover":"","ocean_menu_link_color_active":"","ocean_menu_link_background":"","ocean_menu_link_hover_background":"","ocean_menu_link_active_background":"","ocean_menu_social_links_bg":"","ocean_menu_social_hover_links_bg":"","ocean_menu_social_links_color":"","ocean_menu_social_hover_links_color":"","ocean_disable_title":"default","ocean_disable_heading":"default","ocean_post_title":"","ocean_post_subheading":"","ocean_post_title_style":"","ocean_post_title_background_color":"","ocean_post_title_background":0,"ocean_post_title_bg_image_position":"","ocean_post_title_bg_image_attachment":"","ocean_post_title_bg_image_repeat":"","ocean_post_title_bg_image_size":"","ocean_post_title_height":0,"ocean_post_title_bg_overlay":0.5,"ocean_post_title_bg_overlay_color":"","ocean_disable_breadcrumbs":"default","ocean_breadcrumbs_color":"","ocean_breadcrumbs_separator_color":"","ocean_breadcrumbs_links_color":"","ocean_breadcrumbs_links_hover_color":"","ocean_display_footer_widgets":"default","ocean_display_footer_bottom":"default","ocean_custom_footer_template":"0"},"product_brand":[],"product_cat":[57],"product_tag":[],"class_list":{"0":"post-6745","1":"product","2":"type-product","3":"status-publish","4":"has-post-thumbnail","6":"product_cat-bordallo-pinheiro","8":"entry","9":"has-media","11":"first","12":"instock","13":"taxable","14":"shipping-taxable","15":"product-type-simple","16":"has-product-nav","17":"col","18":"span_1_of_3","19":"owp-content-center","20":"owp-thumbs-layout-horizontal","21":"owp-btn-big","22":"owp-tabs-layout-horizontal","23":"has-no-thumbnails"},"_links":{"self":[{"href":"https:\/\/www.domanija.lt\/en\/wp-json\/wp\/v2\/product\/6745","targetHints":{"allow":["GET"]}}],"collection":[{"href":"https:\/\/www.domanija.lt\/en\/wp-json\/wp\/v2\/product"}],"about":[{"href":"https:\/\/www.domanija.lt\/en\/wp-json\/wp\/v2\/types\/product"}],"wp:featuredmedia":[{"embeddable":true,"href":"https:\/\/www.domanija.lt\/en\/wp-json\/wp\/v2\/media\/7689"}],"wp:attachment":[{"href":"https:\/\/www.domanija.lt\/en\/wp-json\/wp\/v2\/media?parent=6745"}],"wp:term":[{"taxonomy":"product_brand","embeddable":true,"href":"https:\/\/www.domanija.lt\/en\/wp-json\/wp\/v2\/product_brand?post=6745"},{"taxonomy":"product_cat","embeddable":true,"href":"https:\/\/www.domanija.lt\/en\/wp-json\/wp\/v2\/product_cat?post=6745"},{"taxonomy":"product_tag","embeddable":true,"href":"https:\/\/www.domanija.lt\/en\/wp-json\/wp\/v2\/product_tag?post=6745"}],"curies":[{"name":"wp","href":"https:\/\/api.w.org\/{rel}","templated":true}]}}