{"id":6633,"date":"2024-10-25T05:11:58","date_gmt":"2024-10-25T02:11:58","guid":{"rendered":"https:\/\/www.domanija.lt\/?post_type=product&#038;p=6633"},"modified":"2025-12-01T15:03:55","modified_gmt":"2025-12-01T12:03:55","slug":"dovanu-rinkinys-250-ml-rosa-tabacco-namu-kvapas-ir-80-gr-onice-zvake-dezuteje","status":"publish","type":"product","link":"https:\/\/www.domanija.lt\/en\/product\/dovanu-rinkinys-250-ml-rosa-tabacco-namu-kvapas-ir-80-gr-onice-zvake-dezuteje\/","title":{"rendered":"Dovan\u0173 rinkinys 250 ml ROSA TABACCO nam\u0173 kvapas ir 80 gr ONICE \u017evak\u0117 d\u0117\u017eut\u0117je"},"content":{"rendered":"<p><strong>MAIN SCENT<\/strong><br \/>\nFloral<\/p>\n<p><strong>CATEGORY<\/strong><br \/>\nDovan\u0173 rinkiniai<\/p>\n<p><strong>ATMOSPHERE<\/strong><br \/>\nRelaxing<\/p>\n<p><strong>COLOR<\/strong><br \/>\nYellow<\/p>\n<p><b>DOVAN\u0172 RINKINYJE<\/b><br \/>\nKvapo difuzorius su lazdel\u0117mis 250 ml<br \/>\nDekoratyvin\u0117 \u017evak\u0117 80 gr<\/p>\n<p>&nbsp;<\/p>","protected":false},"excerpt":{"rendered":"<p><strong>Dr. Vranjes Firenze dovan\u0173 rinkinys\u00a0<\/strong><\/p>\n<p>Riboto leidimo \u0161ventin\u0117s dovanos id\u0117ja, skirta prad\u017eiuginti Dr. Vranjes Firenze nam\u0173 kvap\u0173 m\u0117g\u0117jus.<\/p>\n<p>Rosa Tabacco \u2013 turtingas, viliojantis ir daugialypis kvapas. Jis su\u017eadina aistros ir \u0161ilumos jausmus, kurie gim\u0117 i\u0161 did\u017eiulio\u00a0<b>dviej\u0173 \u012fsimyl\u0117j\u0117li\u0173<\/b>, kilusi\u0173 i\u0161 skirting\u0173 pasaulio viet\u0173 ir kult\u016br\u0173, ry\u017eto. Kvapo nat\u0173 piramid\u0117 primena pagrindines \u0161i\u0173 nerimasting\u0173 santyki\u0173 fazes ir yra praturtinta visa puok\u0161te emocij\u0173.<\/p>\n<p>250 ml difuzorius, lazdeli\u0173 rinkinys ir 80 gr dekoratyvin\u0117 \u017evak\u0117.<\/p>","protected":false},"featured_media":6635,"template":"","meta":{"_seopress_robots_primary_cat":"none","_seopress_titles_title":"Dovan\u0173 rinkinys 250 ml ROSA TABACCO ir 80 gr ONICE \u017evak\u0117","_seopress_titles_desc":"Nepamir\u0161tamos Rosso Nobile nam\u0173 kvapo natos \u012fpakuotos eleganti\u0161kame Kal\u0117diniame \u0161venti\u0161kume. Dovana, kuri kiekvien\u0105 maloniai nustebins.","_seopress_robots_index":"","ocean_post_layout":"","ocean_both_sidebars_style":"","ocean_both_sidebars_content_width":0,"ocean_both_sidebars_sidebars_width":0,"ocean_sidebar":"0","ocean_second_sidebar":"0","ocean_disable_margins":"enable","ocean_add_body_class":"","ocean_shortcode_before_top_bar":"","ocean_shortcode_after_top_bar":"","ocean_shortcode_before_header":"","ocean_shortcode_after_header":"","ocean_has_shortcode":"","ocean_shortcode_after_title":"","ocean_shortcode_before_footer_widgets":"","ocean_shortcode_after_footer_widgets":"","ocean_shortcode_before_footer_bottom":"","ocean_shortcode_after_footer_bottom":"","ocean_display_top_bar":"default","ocean_display_header":"default","ocean_header_style":"","ocean_center_header_left_menu":"0","ocean_custom_header_template":"0","ocean_custom_logo":0,"ocean_custom_retina_logo":0,"ocean_custom_logo_max_width":0,"ocean_custom_logo_tablet_max_width":0,"ocean_custom_logo_mobile_max_width":0,"ocean_custom_logo_max_height":0,"ocean_custom_logo_tablet_max_height":0,"ocean_custom_logo_mobile_max_height":0,"ocean_header_custom_menu":"0","ocean_menu_typo_font_family":"0","ocean_menu_typo_font_subset":"","ocean_menu_typo_font_size":0,"ocean_menu_typo_font_size_tablet":0,"ocean_menu_typo_font_size_mobile":0,"ocean_menu_typo_font_size_unit":"px","ocean_menu_typo_font_weight":"","ocean_menu_typo_font_weight_tablet":"","ocean_menu_typo_font_weight_mobile":"","ocean_menu_typo_transform":"","ocean_menu_typo_transform_tablet":"","ocean_menu_typo_transform_mobile":"","ocean_menu_typo_line_height":0,"ocean_menu_typo_line_height_tablet":0,"ocean_menu_typo_line_height_mobile":0,"ocean_menu_typo_line_height_unit":"","ocean_menu_typo_spacing":0,"ocean_menu_typo_spacing_tablet":0,"ocean_menu_typo_spacing_mobile":0,"ocean_menu_typo_spacing_unit":"","ocean_menu_link_color":"","ocean_menu_link_color_hover":"","ocean_menu_link_color_active":"","ocean_menu_link_background":"","ocean_menu_link_hover_background":"","ocean_menu_link_active_background":"","ocean_menu_social_links_bg":"","ocean_menu_social_hover_links_bg":"","ocean_menu_social_links_color":"","ocean_menu_social_hover_links_color":"","ocean_disable_title":"on","ocean_disable_heading":"default","ocean_post_title":"","ocean_post_subheading":"","ocean_post_title_style":"","ocean_post_title_background_color":"","ocean_post_title_background":0,"ocean_post_title_bg_image_position":"","ocean_post_title_bg_image_attachment":"","ocean_post_title_bg_image_repeat":"","ocean_post_title_bg_image_size":"","ocean_post_title_height":0,"ocean_post_title_bg_overlay":0.5,"ocean_post_title_bg_overlay_color":"","ocean_disable_breadcrumbs":"off","ocean_breadcrumbs_color":"","ocean_breadcrumbs_separator_color":"","ocean_breadcrumbs_links_color":"","ocean_breadcrumbs_links_hover_color":"","ocean_display_footer_widgets":"default","ocean_display_footer_bottom":"default","ocean_custom_footer_template":"0"},"product_brand":[],"product_cat":[46,50],"product_tag":[],"class_list":{"0":"post-6633","1":"product","2":"type-product","3":"status-publish","4":"has-post-thumbnail","6":"product_cat-dovanu-rinkiniai","7":"product_cat-limituoto-leidimo-dezutes","9":"entry","10":"has-media","12":"first","13":"instock","14":"taxable","15":"shipping-taxable","16":"purchasable","17":"product-type-simple","18":"has-product-nav","19":"col","20":"span_1_of_3","21":"owp-content-center","22":"owp-thumbs-layout-horizontal","23":"owp-btn-big","24":"owp-tabs-layout-horizontal"},"_links":{"self":[{"href":"https:\/\/www.domanija.lt\/en\/wp-json\/wp\/v2\/product\/6633","targetHints":{"allow":["GET"]}}],"collection":[{"href":"https:\/\/www.domanija.lt\/en\/wp-json\/wp\/v2\/product"}],"about":[{"href":"https:\/\/www.domanija.lt\/en\/wp-json\/wp\/v2\/types\/product"}],"wp:featuredmedia":[{"embeddable":true,"href":"https:\/\/www.domanija.lt\/en\/wp-json\/wp\/v2\/media\/6635"}],"wp:attachment":[{"href":"https:\/\/www.domanija.lt\/en\/wp-json\/wp\/v2\/media?parent=6633"}],"wp:term":[{"taxonomy":"product_brand","embeddable":true,"href":"https:\/\/www.domanija.lt\/en\/wp-json\/wp\/v2\/product_brand?post=6633"},{"taxonomy":"product_cat","embeddable":true,"href":"https:\/\/www.domanija.lt\/en\/wp-json\/wp\/v2\/product_cat?post=6633"},{"taxonomy":"product_tag","embeddable":true,"href":"https:\/\/www.domanija.lt\/en\/wp-json\/wp\/v2\/product_tag?post=6633"}],"curies":[{"name":"wp","href":"https:\/\/api.w.org\/{rel}","templated":true}]}}