{"id":6615,"date":"2024-10-25T04:41:38","date_gmt":"2024-10-25T01:41:38","guid":{"rendered":"https:\/\/www.domanija.lt\/?post_type=product&#038;p=6615"},"modified":"2026-03-04T12:53:16","modified_gmt":"2026-03-04T09:53:16","slug":"albero-di-natale-250-ml-namu-kvapas-sventineje-melynoje-dezuteje","status":"publish","type":"product","link":"https:\/\/www.domanija.lt\/en\/product\/albero-di-natale-250-ml-namu-kvapas-sventineje-melynoje-dezuteje\/","title":{"rendered":"ALBERO DI NATALE 250 ml nam\u0173 kvapas \u0161ventin\u0117je m\u0117lynoje d\u0117\u017eut\u0117je"},"content":{"rendered":"<p><strong>MAIN SCENT<\/strong><br \/>\nFresh and Balsamic<\/p>\n<p><strong>CATEGORY<\/strong><br \/>\nDovan\u0173 rinkiniai<\/p>\n<p><strong>ATMOSPHERE<\/strong><br \/>\nEnergising<\/p>\n<p><strong>COLOR<\/strong><br \/>\nLight<\/p>\n<p><b>DOVAN\u0172 RINKINYJE<\/b><br \/>\nKvapo difuzorius su lazdel\u0117mis 250 ml<\/p>\n<p>&nbsp;<\/p>","protected":false},"excerpt":{"rendered":"<p><strong>Dr. Vranjes Firenze dovan\u0173 rinkinys\u00a0<\/strong><\/p>\n<p>Riboto leidimo \u0161ventin\u0117s dovanos id\u0117ja, skirta prad\u017eiuginti Dr. Vranjes Firenze nam\u0173 kvap\u0173 m\u0117g\u0117jus.<\/p>\n<p>\u0160is nam\u0173 kvapas apsupa \u017eem\u0117s ir mi\u0161ko aromatais. Susimai\u0161iusios saman\u0173, kankor\u0117\u017ei\u0173 ir intensyvios balzami\u0161kos pu\u0161\u0173 natos sukuria Kal\u0117d\u0173 magij\u0105. Mink\u0161tas ir gaivus \u2013 idealus pasirinkimas norint \u012fne\u0161ti energijos \u012f gyvenam\u0105sias erdves.<\/p>\n<p>250 ml difuzorius ir lazdeli\u0173 rinkinys.<\/p>","protected":false},"featured_media":6616,"template":"","meta":{"_seopress_robots_primary_cat":"none","_seopress_titles_title":"ALBERO DI NATALE 250 ml nam\u0173 kvapas \u0161ventin\u0117je d\u0117\u017eut\u0117je","_seopress_titles_desc":"Riboto leidimo \u0161ventin\u0117s dovanos id\u0117ja, skirta prad\u017eiuginti Dr. Vranjes Firenze nam\u0173 kvap\u0173 m\u0117g\u0117jus.","_seopress_robots_index":"","ocean_post_layout":"","ocean_both_sidebars_style":"","ocean_both_sidebars_content_width":0,"ocean_both_sidebars_sidebars_width":0,"ocean_sidebar":"0","ocean_second_sidebar":"0","ocean_disable_margins":"enable","ocean_add_body_class":"","ocean_shortcode_before_top_bar":"","ocean_shortcode_after_top_bar":"","ocean_shortcode_before_header":"","ocean_shortcode_after_header":"","ocean_has_shortcode":"","ocean_shortcode_after_title":"","ocean_shortcode_before_footer_widgets":"","ocean_shortcode_after_footer_widgets":"","ocean_shortcode_before_footer_bottom":"","ocean_shortcode_after_footer_bottom":"","ocean_display_top_bar":"default","ocean_display_header":"default","ocean_header_style":"","ocean_center_header_left_menu":"0","ocean_custom_header_template":"0","ocean_custom_logo":0,"ocean_custom_retina_logo":0,"ocean_custom_logo_max_width":0,"ocean_custom_logo_tablet_max_width":0,"ocean_custom_logo_mobile_max_width":0,"ocean_custom_logo_max_height":0,"ocean_custom_logo_tablet_max_height":0,"ocean_custom_logo_mobile_max_height":0,"ocean_header_custom_menu":"0","ocean_menu_typo_font_family":"0","ocean_menu_typo_font_subset":"","ocean_menu_typo_font_size":0,"ocean_menu_typo_font_size_tablet":0,"ocean_menu_typo_font_size_mobile":0,"ocean_menu_typo_font_size_unit":"px","ocean_menu_typo_font_weight":"","ocean_menu_typo_font_weight_tablet":"","ocean_menu_typo_font_weight_mobile":"","ocean_menu_typo_transform":"","ocean_menu_typo_transform_tablet":"","ocean_menu_typo_transform_mobile":"","ocean_menu_typo_line_height":0,"ocean_menu_typo_line_height_tablet":0,"ocean_menu_typo_line_height_mobile":0,"ocean_menu_typo_line_height_unit":"","ocean_menu_typo_spacing":0,"ocean_menu_typo_spacing_tablet":0,"ocean_menu_typo_spacing_mobile":0,"ocean_menu_typo_spacing_unit":"","ocean_menu_link_color":"","ocean_menu_link_color_hover":"","ocean_menu_link_color_active":"","ocean_menu_link_background":"","ocean_menu_link_hover_background":"","ocean_menu_link_active_background":"","ocean_menu_social_links_bg":"","ocean_menu_social_hover_links_bg":"","ocean_menu_social_links_color":"","ocean_menu_social_hover_links_color":"","ocean_disable_title":"on","ocean_disable_heading":"default","ocean_post_title":"","ocean_post_subheading":"","ocean_post_title_style":"","ocean_post_title_background_color":"","ocean_post_title_background":0,"ocean_post_title_bg_image_position":"","ocean_post_title_bg_image_attachment":"","ocean_post_title_bg_image_repeat":"","ocean_post_title_bg_image_size":"","ocean_post_title_height":0,"ocean_post_title_bg_overlay":0.5,"ocean_post_title_bg_overlay_color":"","ocean_disable_breadcrumbs":"off","ocean_breadcrumbs_color":"","ocean_breadcrumbs_separator_color":"","ocean_breadcrumbs_links_color":"","ocean_breadcrumbs_links_hover_color":"","ocean_display_footer_widgets":"default","ocean_display_footer_bottom":"default","ocean_custom_footer_template":"0"},"product_brand":[],"product_cat":[46,50],"product_tag":[],"class_list":{"0":"post-6615","1":"product","2":"type-product","3":"status-publish","4":"has-post-thumbnail","6":"product_cat-dovanu-rinkiniai","7":"product_cat-limituoto-leidimo-dezutes","9":"entry","10":"has-media","12":"first","13":"instock","14":"taxable","15":"shipping-taxable","16":"purchasable","17":"product-type-simple","18":"has-product-nav","19":"col","20":"span_1_of_3","21":"owp-content-center","22":"owp-thumbs-layout-horizontal","23":"owp-btn-big","24":"owp-tabs-layout-horizontal"},"_links":{"self":[{"href":"https:\/\/www.domanija.lt\/en\/wp-json\/wp\/v2\/product\/6615","targetHints":{"allow":["GET"]}}],"collection":[{"href":"https:\/\/www.domanija.lt\/en\/wp-json\/wp\/v2\/product"}],"about":[{"href":"https:\/\/www.domanija.lt\/en\/wp-json\/wp\/v2\/types\/product"}],"wp:featuredmedia":[{"embeddable":true,"href":"https:\/\/www.domanija.lt\/en\/wp-json\/wp\/v2\/media\/6616"}],"wp:attachment":[{"href":"https:\/\/www.domanija.lt\/en\/wp-json\/wp\/v2\/media?parent=6615"}],"wp:term":[{"taxonomy":"product_brand","embeddable":true,"href":"https:\/\/www.domanija.lt\/en\/wp-json\/wp\/v2\/product_brand?post=6615"},{"taxonomy":"product_cat","embeddable":true,"href":"https:\/\/www.domanija.lt\/en\/wp-json\/wp\/v2\/product_cat?post=6615"},{"taxonomy":"product_tag","embeddable":true,"href":"https:\/\/www.domanija.lt\/en\/wp-json\/wp\/v2\/product_tag?post=6615"}],"curies":[{"name":"wp","href":"https:\/\/api.w.org\/{rel}","templated":true}]}}