{"id":6511,"date":"2024-09-15T23:25:06","date_gmt":"2024-09-15T20:25:06","guid":{"rendered":"https:\/\/www.domanija.lt\/?post_type=product&#038;p=6511"},"modified":"2026-04-23T16:18:51","modified_gmt":"2026-04-23T13:18:51","slug":"dr-vranjes-firenze-namu-kvapas-velvet-saffron","status":"publish","type":"product","link":"https:\/\/www.domanija.lt\/en\/product\/dr-vranjes-firenze-namu-kvapas-velvet-saffron\/","title":{"rendered":"Dr. Vranjes Firenze nam\u0173 kvapas VELVET SAFFRON"},"content":{"rendered":"<p>Naujasis nam\u0173 kvapas Velvet Saffron pasi\u017eymi rafinuotu ir dinami\u0161ku charakteriu, kuris yra itin \u0161iltas ir jaukus. Tai brangus mi\u0161inys su kardamono natomis vir\u0161uje, \u0161afrano natomis \u0161irdyje ir pa\u010diuliais pagrinde.<\/p>\n<p><strong>OLFACTORY PYRAMID<\/strong><\/p>\n<p><em>Kardamonas \/ \u0160afranas \/ Pa\u010diulis<\/em><\/p>\n<p><strong>MAIN SCENT<\/strong><br \/>\nWoody<\/p>\n<p><strong>CATEGORY<\/strong><br \/>\nDiffuser<\/p>\n<p><strong>ATMOSPHERE<\/strong><br \/>\nRelaxing<\/p>\n<p><strong>COLOR<\/strong><br \/>\nYellow<\/p>","protected":false},"excerpt":{"rendered":"<p>Kerin\u010diose Florencijos gatvel\u0117se sklinda kvapas, kuris \u012fkv\u0117ptas Florencijos istorijos ir pasaulin\u0117s \u012ftakos gavo Velvet Saffron vard\u0105. Kaip ir miestas, jis kupinas kontrast\u0173: stiprus ir \u0161velnus tuo pat metu, dr\u0105sus ir atlaidus. Jis \u012fk\u016bnija kosmopolitin\u0119 dvasi\u0105, sujungia skirtingas kult\u016bras ir emocijas, sukurdamas unikali\u0105 ir nepamir\u0161tam\u0105 kvap\u0173 patirt\u012f.<\/p>\n<p>Ry\u0161kios \u0161afrano natos persipina su na\u0161lai\u010di\u0173, vetiverio ir tonka pupeli\u0173 natomis, suteikdamos aromatui gilumo ir sud\u0117tingumo. Kardamonas ir pa\u010diulis \u0161oka tobuloje harmonijoje, kurdami jauki\u0105 ir eleganti\u0161k\u0105 atmosfer\u0105.<\/p>\n<p><strong>Tai daugiau nei kvapas, tai kvap\u0173 patirtis, \u012fk\u016bnijanti kosmopolitinio gyvenimo b\u016bdo esm\u0119.<\/strong><\/p>","protected":false},"featured_media":6521,"template":"","meta":{"_seopress_robots_primary_cat":"none","_seopress_titles_title":"Dr. Vranjes Firenze nam\u0173 kvapas VELVET SAFFRON","_seopress_titles_desc":"Naujasis nam\u0173 kvapas Velvet Saffron pasi\u017eymi rafinuotu ir dinami\u0161ku charakteriu, kuris yra itin \u0161iltas ir jaukus.","_seopress_robots_index":"","ocean_post_layout":"","ocean_both_sidebars_style":"","ocean_both_sidebars_content_width":0,"ocean_both_sidebars_sidebars_width":0,"ocean_sidebar":"0","ocean_second_sidebar":"0","ocean_disable_margins":"enable","ocean_add_body_class":"","ocean_shortcode_before_top_bar":"","ocean_shortcode_after_top_bar":"","ocean_shortcode_before_header":"","ocean_shortcode_after_header":"","ocean_has_shortcode":"","ocean_shortcode_after_title":"","ocean_shortcode_before_footer_widgets":"","ocean_shortcode_after_footer_widgets":"","ocean_shortcode_before_footer_bottom":"","ocean_shortcode_after_footer_bottom":"","ocean_display_top_bar":"default","ocean_display_header":"default","ocean_header_style":"","ocean_center_header_left_menu":"0","ocean_custom_header_template":"0","ocean_custom_logo":0,"ocean_custom_retina_logo":0,"ocean_custom_logo_max_width":0,"ocean_custom_logo_tablet_max_width":0,"ocean_custom_logo_mobile_max_width":0,"ocean_custom_logo_max_height":0,"ocean_custom_logo_tablet_max_height":0,"ocean_custom_logo_mobile_max_height":0,"ocean_header_custom_menu":"0","ocean_menu_typo_font_family":"0","ocean_menu_typo_font_subset":"","ocean_menu_typo_font_size":0,"ocean_menu_typo_font_size_tablet":0,"ocean_menu_typo_font_size_mobile":0,"ocean_menu_typo_font_size_unit":"px","ocean_menu_typo_font_weight":"","ocean_menu_typo_font_weight_tablet":"","ocean_menu_typo_font_weight_mobile":"","ocean_menu_typo_transform":"","ocean_menu_typo_transform_tablet":"","ocean_menu_typo_transform_mobile":"","ocean_menu_typo_line_height":0,"ocean_menu_typo_line_height_tablet":0,"ocean_menu_typo_line_height_mobile":0,"ocean_menu_typo_line_height_unit":"","ocean_menu_typo_spacing":0,"ocean_menu_typo_spacing_tablet":0,"ocean_menu_typo_spacing_mobile":0,"ocean_menu_typo_spacing_unit":"","ocean_menu_link_color":"","ocean_menu_link_color_hover":"","ocean_menu_link_color_active":"","ocean_menu_link_background":"","ocean_menu_link_hover_background":"","ocean_menu_link_active_background":"","ocean_menu_social_links_bg":"","ocean_menu_social_hover_links_bg":"","ocean_menu_social_links_color":"","ocean_menu_social_hover_links_color":"","ocean_disable_title":"on","ocean_disable_heading":"default","ocean_post_title":"","ocean_post_subheading":"","ocean_post_title_style":"","ocean_post_title_background_color":"","ocean_post_title_background":0,"ocean_post_title_bg_image_position":"","ocean_post_title_bg_image_attachment":"","ocean_post_title_bg_image_repeat":"","ocean_post_title_bg_image_size":"","ocean_post_title_height":0,"ocean_post_title_bg_overlay":0.5,"ocean_post_title_bg_overlay_color":"","ocean_disable_breadcrumbs":"off","ocean_breadcrumbs_color":"","ocean_breadcrumbs_separator_color":"","ocean_breadcrumbs_links_color":"","ocean_breadcrumbs_links_hover_color":"","ocean_display_footer_widgets":"default","ocean_display_footer_bottom":"default","ocean_custom_footer_template":"0"},"product_brand":[],"product_cat":[52],"product_tag":[42,37],"class_list":{"0":"post-6511","1":"product","2":"type-product","3":"status-publish","4":"has-post-thumbnail","6":"product_cat-namu-kvapai","7":"product_tag-gurmaniskas","8":"product_tag-medzio","10":"entry","11":"has-media","13":"first","14":"instock","15":"taxable","16":"shipping-taxable","17":"purchasable","18":"product-type-variable","19":"has-product-nav","20":"col","21":"span_1_of_3","22":"owp-content-center","23":"owp-thumbs-layout-horizontal","24":"owp-btn-big","25":"owp-tabs-layout-horizontal"},"_links":{"self":[{"href":"https:\/\/www.domanija.lt\/en\/wp-json\/wp\/v2\/product\/6511","targetHints":{"allow":["GET"]}}],"collection":[{"href":"https:\/\/www.domanija.lt\/en\/wp-json\/wp\/v2\/product"}],"about":[{"href":"https:\/\/www.domanija.lt\/en\/wp-json\/wp\/v2\/types\/product"}],"wp:featuredmedia":[{"embeddable":true,"href":"https:\/\/www.domanija.lt\/en\/wp-json\/wp\/v2\/media\/6521"}],"wp:attachment":[{"href":"https:\/\/www.domanija.lt\/en\/wp-json\/wp\/v2\/media?parent=6511"}],"wp:term":[{"taxonomy":"product_brand","embeddable":true,"href":"https:\/\/www.domanija.lt\/en\/wp-json\/wp\/v2\/product_brand?post=6511"},{"taxonomy":"product_cat","embeddable":true,"href":"https:\/\/www.domanija.lt\/en\/wp-json\/wp\/v2\/product_cat?post=6511"},{"taxonomy":"product_tag","embeddable":true,"href":"https:\/\/www.domanija.lt\/en\/wp-json\/wp\/v2\/product_tag?post=6511"}],"curies":[{"name":"wp","href":"https:\/\/api.w.org\/{rel}","templated":true}]}}