{"id":5847,"date":"2023-11-29T14:47:16","date_gmt":"2023-11-29T11:47:16","guid":{"rendered":"https:\/\/www.domanija.lt\/?post_type=product&#038;p=5847"},"modified":"2026-04-15T13:54:46","modified_gmt":"2026-04-15T10:54:46","slug":"dr-vranjes-firenze-namu-kvapo-papildymas-leather-oud","status":"publish","type":"product","link":"https:\/\/www.domanija.lt\/en\/product\/dr-vranjes-firenze-namu-kvapo-papildymas-leather-oud\/","title":{"rendered":"Dr. Vranjes Firenze nam\u0173 kvapo papildymas LEATHER OUD"},"content":{"rendered":"<p><strong>OLFACTORY PYRAMID<\/strong><\/p>\n<p class=\"translation-block\">An intriguing fragrance, born from the desire to blend the graceful curves of the Middle Eastern dunes with those of the Tuscan hills. The former represents the precious resin of oud, the latter the unmistakable smell of leather. Both symbolize timeless traditions that are linked to human passion and local craftsmanship.<\/p>\n<p><strong>MAIN SCENT<\/strong><br \/>\nWoody<\/p>\n<p><strong>CATEGORY<\/strong><br \/>\nHome fragrance refill<\/p>\n<p><strong>ATMOSPHERE<\/strong><br \/>\nRelaxing<\/p>\n<p><strong>COLOR<\/strong><br \/>\nYellow<\/p>","protected":false},"excerpt":{"rendered":"<p><span style=\"font-weight: 400;\">Florence fragrance house Dr. Vranjes Firenze presents a new fragrance masterpiece for 2023: a precious, intense and bold blend with top notes of Rose and Geranium, a heart of Tuscan Leather and Middle Eastern Agarwood, and Sandalwood, Musk and Vanilla at the base.\u00a0\u00a0<\/span><\/p>\n<p><span style=\"font-weight: 400;\">An intriguing scent born from the desire to combine the graceful curves of the Middle Eastern dunes and the Tuscan hills. The former reflects the precious Agarwood resin, the latter the unmistakable scent of leather. Both symbolise the eternal traditions of human passions and local craftsmanship.<\/span><\/p>","protected":false},"featured_media":5479,"template":"","meta":{"_seopress_robots_primary_cat":"none","_seopress_titles_title":"Dr. Vranjes Firenze nam\u0173 kvapo papildymas LEATHER OUD","_seopress_titles_desc":"Dr. Vranjes Firenze nam\u0173 kvap\u0173 papildymas u\u017etikrins, kad J\u016bs\u0173 namuose niekada netr\u016bkt\u0173 m\u0117gstamiausi\u0173 kvap\u0173.","_seopress_robots_index":"","ocean_post_layout":"","ocean_both_sidebars_style":"","ocean_both_sidebars_content_width":0,"ocean_both_sidebars_sidebars_width":0,"ocean_sidebar":"0","ocean_second_sidebar":"0","ocean_disable_margins":"enable","ocean_add_body_class":"","ocean_shortcode_before_top_bar":"","ocean_shortcode_after_top_bar":"","ocean_shortcode_before_header":"","ocean_shortcode_after_header":"","ocean_has_shortcode":"","ocean_shortcode_after_title":"","ocean_shortcode_before_footer_widgets":"","ocean_shortcode_after_footer_widgets":"","ocean_shortcode_before_footer_bottom":"","ocean_shortcode_after_footer_bottom":"","ocean_display_top_bar":"default","ocean_display_header":"default","ocean_header_style":"","ocean_center_header_left_menu":"0","ocean_custom_header_template":"0","ocean_custom_logo":0,"ocean_custom_retina_logo":0,"ocean_custom_logo_max_width":0,"ocean_custom_logo_tablet_max_width":0,"ocean_custom_logo_mobile_max_width":0,"ocean_custom_logo_max_height":0,"ocean_custom_logo_tablet_max_height":0,"ocean_custom_logo_mobile_max_height":0,"ocean_header_custom_menu":"0","ocean_menu_typo_font_family":"0","ocean_menu_typo_font_subset":"","ocean_menu_typo_font_size":0,"ocean_menu_typo_font_size_tablet":0,"ocean_menu_typo_font_size_mobile":0,"ocean_menu_typo_font_size_unit":"px","ocean_menu_typo_font_weight":"","ocean_menu_typo_font_weight_tablet":"","ocean_menu_typo_font_weight_mobile":"","ocean_menu_typo_transform":"","ocean_menu_typo_transform_tablet":"","ocean_menu_typo_transform_mobile":"","ocean_menu_typo_line_height":0,"ocean_menu_typo_line_height_tablet":0,"ocean_menu_typo_line_height_mobile":0,"ocean_menu_typo_line_height_unit":"","ocean_menu_typo_spacing":0,"ocean_menu_typo_spacing_tablet":0,"ocean_menu_typo_spacing_mobile":0,"ocean_menu_typo_spacing_unit":"","ocean_menu_link_color":"","ocean_menu_link_color_hover":"","ocean_menu_link_color_active":"","ocean_menu_link_background":"","ocean_menu_link_hover_background":"","ocean_menu_link_active_background":"","ocean_menu_social_links_bg":"","ocean_menu_social_hover_links_bg":"","ocean_menu_social_links_color":"","ocean_menu_social_hover_links_color":"","ocean_disable_title":"on","ocean_disable_heading":"default","ocean_post_title":"","ocean_post_subheading":"","ocean_post_title_style":"","ocean_post_title_background_color":"","ocean_post_title_background":0,"ocean_post_title_bg_image_position":"","ocean_post_title_bg_image_attachment":"","ocean_post_title_bg_image_repeat":"","ocean_post_title_bg_image_size":"","ocean_post_title_height":0,"ocean_post_title_bg_overlay":0.5,"ocean_post_title_bg_overlay_color":"","ocean_disable_breadcrumbs":"off","ocean_breadcrumbs_color":"","ocean_breadcrumbs_separator_color":"","ocean_breadcrumbs_links_color":"","ocean_breadcrumbs_links_hover_color":"","ocean_display_footer_widgets":"default","ocean_display_footer_bottom":"default","ocean_custom_footer_template":"0"},"product_brand":[],"product_cat":[43],"product_tag":[42],"class_list":{"0":"post-5847","1":"product","2":"type-product","3":"status-publish","4":"has-post-thumbnail","6":"product_cat-kvapu-papildymai","7":"product_tag-gurmaniskas","9":"entry","10":"has-media","12":"first","13":"instock","14":"taxable","15":"shipping-taxable","16":"purchasable","17":"product-type-variable","18":"has-product-nav","19":"col","20":"span_1_of_3","21":"owp-content-center","22":"owp-thumbs-layout-horizontal","23":"owp-btn-big","24":"owp-tabs-layout-horizontal"},"_links":{"self":[{"href":"https:\/\/www.domanija.lt\/en\/wp-json\/wp\/v2\/product\/5847","targetHints":{"allow":["GET"]}}],"collection":[{"href":"https:\/\/www.domanija.lt\/en\/wp-json\/wp\/v2\/product"}],"about":[{"href":"https:\/\/www.domanija.lt\/en\/wp-json\/wp\/v2\/types\/product"}],"wp:featuredmedia":[{"embeddable":true,"href":"https:\/\/www.domanija.lt\/en\/wp-json\/wp\/v2\/media\/5479"}],"wp:attachment":[{"href":"https:\/\/www.domanija.lt\/en\/wp-json\/wp\/v2\/media?parent=5847"}],"wp:term":[{"taxonomy":"product_brand","embeddable":true,"href":"https:\/\/www.domanija.lt\/en\/wp-json\/wp\/v2\/product_brand?post=5847"},{"taxonomy":"product_cat","embeddable":true,"href":"https:\/\/www.domanija.lt\/en\/wp-json\/wp\/v2\/product_cat?post=5847"},{"taxonomy":"product_tag","embeddable":true,"href":"https:\/\/www.domanija.lt\/en\/wp-json\/wp\/v2\/product_tag?post=5847"}],"curies":[{"name":"wp","href":"https:\/\/api.w.org\/{rel}","templated":true}]}}