{"id":5593,"date":"2023-10-11T15:32:00","date_gmt":"2023-10-11T12:32:00","guid":{"rendered":"https:\/\/www.domanija.lt\/?post_type=product&#038;p=5593"},"modified":"2025-12-16T16:37:12","modified_gmt":"2025-12-16T13:37:12","slug":"dovanu-rinkinys-250-ml-rosa-tabacco-namu-kvapas-ir-80-gr-onice-zvake-melynoje-dezuteje","status":"publish","type":"product","link":"https:\/\/www.domanija.lt\/en\/product\/dovanu-rinkinys-250-ml-rosa-tabacco-namu-kvapas-ir-80-gr-onice-zvake-melynoje-dezuteje\/","title":{"rendered":"Dovan\u0173 rinkinys 250 ml ROSA TABACCO nam\u0173 kvapas ir 80 gr ONICE \u017evak\u0117 m\u0117lynoje d\u0117\u017eut\u0117je"},"content":{"rendered":"<p><strong>MAIN SCENT<\/strong><br \/>\nFloral<\/p>\n<p><strong>CATEGORY<\/strong><br \/>\nDovan\u0173 rinkiniai<\/p>\n<p><strong>ATMOSPHERE<\/strong><br \/>\nRelaxing<\/p>\n<p><strong>COLOR<\/strong><br \/>\nYellow<\/p>\n<p><b>DOVAN\u0172 RINKINYJE<\/b><br \/>\nKvapo difuzorius su lazdel\u0117mis 250 ml<br \/>\nDekoratyvin\u0117 \u017evak\u0117 80 gr<\/p>\n<p>&nbsp;<\/p>","protected":false},"excerpt":{"rendered":"<p><strong>Dr. Vranjes Firenze dovan\u0173 rinkinys\u00a0<\/strong><\/p>\n<p>Rosa Tabacco &#8211; turtingas, viliojantis ir daugialypis kvapas. Jis su\u017eadina aistros ir \u0161ilumos jausmus, kurie gim\u0117 i\u0161 did\u017eiulio <b>dviej\u0173 \u012fsimyl\u0117j\u0117li\u0173<\/b>, kilusi\u0173 i\u0161 skirting\u0173 pasaulio viet\u0173 ir kult\u016br\u0173, ry\u017eto. Kvapo nat\u0173 piramid\u0117 primena pagrindines \u0161i\u0173 nerimasting\u0173 santyki\u0173 fazes ir yra praturtinta visa puok\u0161te emocij\u0173.<\/p>\n<p>M\u0117lyna ir aukso spalvos simbolizuoja \u017evaig\u017ed\u0117t\u0105 Florencijos dang\u0173 bei ikoni\u0161kas Florencijos meno formas. Dovanokite kvepian\u010dias emocijas, \u012fpakuotas limituoto leidimo, stebuklingose rank\u0173 darbo d\u0117\u017eut\u0117se, patirkite nepakartojam\u0105 pasivaik\u0161\u010diojimo palei Ponte Vecchio \u017eaves\u012f ir pa\u017einkite pulsuojan\u010di\u0105 miesto \u0161ird\u012f.<\/p>","protected":false},"featured_media":5594,"template":"","meta":{"_seopress_robots_primary_cat":"none","_seopress_titles_title":"Dovan\u0173 rinkinys 250 ml ROSA TABACCO nam\u0173 kvapas ir 80 gr ONICE \u017evak\u0117","_seopress_titles_desc":"Nepamir\u0161tamos Rosa Tabacco nam\u0173 kvapo natos \u012fpakuotos eleganti\u0161kame Kal\u0117diniame \u0161venti\u0161kume. Dovana, kuri kiekvien\u0105 maloniai nustebins.","_seopress_robots_index":"","ocean_post_layout":"","ocean_both_sidebars_style":"","ocean_both_sidebars_content_width":0,"ocean_both_sidebars_sidebars_width":0,"ocean_sidebar":"0","ocean_second_sidebar":"0","ocean_disable_margins":"enable","ocean_add_body_class":"","ocean_shortcode_before_top_bar":"","ocean_shortcode_after_top_bar":"","ocean_shortcode_before_header":"","ocean_shortcode_after_header":"","ocean_has_shortcode":"","ocean_shortcode_after_title":"","ocean_shortcode_before_footer_widgets":"","ocean_shortcode_after_footer_widgets":"","ocean_shortcode_before_footer_bottom":"","ocean_shortcode_after_footer_bottom":"","ocean_display_top_bar":"default","ocean_display_header":"default","ocean_header_style":"","ocean_center_header_left_menu":"0","ocean_custom_header_template":"0","ocean_custom_logo":0,"ocean_custom_retina_logo":0,"ocean_custom_logo_max_width":0,"ocean_custom_logo_tablet_max_width":0,"ocean_custom_logo_mobile_max_width":0,"ocean_custom_logo_max_height":0,"ocean_custom_logo_tablet_max_height":0,"ocean_custom_logo_mobile_max_height":0,"ocean_header_custom_menu":"0","ocean_menu_typo_font_family":"0","ocean_menu_typo_font_subset":"","ocean_menu_typo_font_size":0,"ocean_menu_typo_font_size_tablet":0,"ocean_menu_typo_font_size_mobile":0,"ocean_menu_typo_font_size_unit":"px","ocean_menu_typo_font_weight":"","ocean_menu_typo_font_weight_tablet":"","ocean_menu_typo_font_weight_mobile":"","ocean_menu_typo_transform":"","ocean_menu_typo_transform_tablet":"","ocean_menu_typo_transform_mobile":"","ocean_menu_typo_line_height":0,"ocean_menu_typo_line_height_tablet":0,"ocean_menu_typo_line_height_mobile":0,"ocean_menu_typo_line_height_unit":"","ocean_menu_typo_spacing":0,"ocean_menu_typo_spacing_tablet":0,"ocean_menu_typo_spacing_mobile":0,"ocean_menu_typo_spacing_unit":"","ocean_menu_link_color":"","ocean_menu_link_color_hover":"","ocean_menu_link_color_active":"","ocean_menu_link_background":"","ocean_menu_link_hover_background":"","ocean_menu_link_active_background":"","ocean_menu_social_links_bg":"","ocean_menu_social_hover_links_bg":"","ocean_menu_social_links_color":"","ocean_menu_social_hover_links_color":"","ocean_disable_title":"on","ocean_disable_heading":"default","ocean_post_title":"","ocean_post_subheading":"","ocean_post_title_style":"","ocean_post_title_background_color":"","ocean_post_title_background":0,"ocean_post_title_bg_image_position":"","ocean_post_title_bg_image_attachment":"","ocean_post_title_bg_image_repeat":"","ocean_post_title_bg_image_size":"","ocean_post_title_height":0,"ocean_post_title_bg_overlay":0.5,"ocean_post_title_bg_overlay_color":"","ocean_disable_breadcrumbs":"off","ocean_breadcrumbs_color":"","ocean_breadcrumbs_separator_color":"","ocean_breadcrumbs_links_color":"","ocean_breadcrumbs_links_hover_color":"","ocean_display_footer_widgets":"default","ocean_display_footer_bottom":"default","ocean_custom_footer_template":"0"},"product_brand":[],"product_cat":[46,50],"product_tag":[],"class_list":{"0":"post-5593","1":"product","2":"type-product","3":"status-publish","4":"has-post-thumbnail","6":"product_cat-dovanu-rinkiniai","7":"product_cat-limituoto-leidimo-dezutes","9":"entry","10":"has-media","12":"first","13":"instock","14":"taxable","15":"shipping-taxable","16":"purchasable","17":"product-type-simple","18":"has-product-nav","19":"col","20":"span_1_of_3","21":"owp-content-center","22":"owp-thumbs-layout-horizontal","23":"owp-btn-big","24":"owp-tabs-layout-horizontal"},"_links":{"self":[{"href":"https:\/\/www.domanija.lt\/en\/wp-json\/wp\/v2\/product\/5593","targetHints":{"allow":["GET"]}}],"collection":[{"href":"https:\/\/www.domanija.lt\/en\/wp-json\/wp\/v2\/product"}],"about":[{"href":"https:\/\/www.domanija.lt\/en\/wp-json\/wp\/v2\/types\/product"}],"wp:featuredmedia":[{"embeddable":true,"href":"https:\/\/www.domanija.lt\/en\/wp-json\/wp\/v2\/media\/5594"}],"wp:attachment":[{"href":"https:\/\/www.domanija.lt\/en\/wp-json\/wp\/v2\/media?parent=5593"}],"wp:term":[{"taxonomy":"product_brand","embeddable":true,"href":"https:\/\/www.domanija.lt\/en\/wp-json\/wp\/v2\/product_brand?post=5593"},{"taxonomy":"product_cat","embeddable":true,"href":"https:\/\/www.domanija.lt\/en\/wp-json\/wp\/v2\/product_cat?post=5593"},{"taxonomy":"product_tag","embeddable":true,"href":"https:\/\/www.domanija.lt\/en\/wp-json\/wp\/v2\/product_tag?post=5593"}],"curies":[{"name":"wp","href":"https:\/\/api.w.org\/{rel}","templated":true}]}}