{"id":545,"date":"2021-06-25T14:53:45","date_gmt":"2021-06-25T11:53:45","guid":{"rendered":"https:\/\/www.domanija.lt\/?post_type=product&#038;p=545"},"modified":"2026-03-31T12:29:04","modified_gmt":"2026-03-31T09:29:04","slug":"giglio-di-firenze","status":"publish","type":"product","link":"https:\/\/www.domanija.lt\/en\/product\/giglio-di-firenze\/","title":{"rendered":"Dr. Vranjes Firenze GIGLIO DI FIRENZE home diffuser"},"content":{"rendered":"<p>Created in celebration of the 35th anniversary of Dr. Vranjes Firenze, this pays homage to the symbol of Florence since the 11th century, the giglio. Maestro Paolo Vranjes is passionate about the history of the city and loves legends about its foundation and symbolism. The most likely rendition is the link between the Roman city, Florentia, and the flower, known as the giaggiolo, iris or giglio which grows sporadically around Florence.<\/p>\n<p><strong>OLFACTORY PYRAMID<\/strong><\/p>\n<p><em><img decoding=\"async\" class=\"alignnone wp-image-1232\" src=\"https:\/\/www.domanija.lt\/wp-content\/uploads\/PIRAMIDE_GIGLIO-DI-FIRENZE.png\" alt=\"\" width=\"180\" height=\"180\" srcset=\"https:\/\/www.domanija.lt\/wp-content\/uploads\/PIRAMIDE_GIGLIO-DI-FIRENZE.png 450w, https:\/\/www.domanija.lt\/wp-content\/uploads\/PIRAMIDE_GIGLIO-DI-FIRENZE-100x100.png 100w\" sizes=\"(max-width: 180px) 100vw, 180px\" \/>Russian Cardamom | Iris | Labdanum<\/em><\/p>\n<p><strong>MAIN SCENT<\/strong><br \/>\nPowdery and Comforting<\/p>\n<p><strong>CATEGORY<\/strong><br \/>\nDiffuser<\/p>\n<p><strong>ATMOSPHERE<\/strong><br \/>\nRelaxing<\/p>\n<p><strong>COLOR<\/strong><br \/>\nLight<\/p>","protected":false},"excerpt":{"rendered":"<p><strong>Dr. Vranjes Firenze GIGLIO DI FIRENZE home diffuser.<\/strong><br \/>\nGiglio di Firenze is a delicate yet steady home fragrance. Powdery with elegant and comforting clean notes.<\/p>\n<p>It is ideal for relaxing living spaces: bedroom, living room, study-library and even an entrance.<\/p>","protected":false},"featured_media":8684,"template":"","meta":{"_seopress_robots_primary_cat":"none","_seopress_titles_title":"Dr. Vranjes Firenze nam\u0173 kvapas GIGLIO DI FIRENZE","_seopress_titles_desc":"Gaivios levandos ir bergamot\u0117s natos. Vilkdalgio g\u0117lin\u0117 \u0161irdis subalansuota su a\u0161triu muskato rie\u0161utu, kedro ir sandalmed\u017eio finalin\u0117s natos, subtiliai apgaubtos vanil\u0117s bei pa\u010diulio dvelksmu. Tai harmoningas ir ilgai i\u0161liekantis pudrinis kvapas.","_seopress_robots_index":"","ocean_post_layout":"","ocean_both_sidebars_style":"","ocean_both_sidebars_content_width":0,"ocean_both_sidebars_sidebars_width":0,"ocean_sidebar":"0","ocean_second_sidebar":"0","ocean_disable_margins":"enable","ocean_add_body_class":"","ocean_shortcode_before_top_bar":"","ocean_shortcode_after_top_bar":"","ocean_shortcode_before_header":"","ocean_shortcode_after_header":"","ocean_has_shortcode":"","ocean_shortcode_after_title":"","ocean_shortcode_before_footer_widgets":"","ocean_shortcode_after_footer_widgets":"","ocean_shortcode_before_footer_bottom":"","ocean_shortcode_after_footer_bottom":"","ocean_display_top_bar":"default","ocean_display_header":"default","ocean_header_style":"","ocean_center_header_left_menu":"0","ocean_custom_header_template":"0","ocean_custom_logo":0,"ocean_custom_retina_logo":0,"ocean_custom_logo_max_width":0,"ocean_custom_logo_tablet_max_width":0,"ocean_custom_logo_mobile_max_width":0,"ocean_custom_logo_max_height":0,"ocean_custom_logo_tablet_max_height":0,"ocean_custom_logo_mobile_max_height":0,"ocean_header_custom_menu":"0","ocean_menu_typo_font_family":"0","ocean_menu_typo_font_subset":"","ocean_menu_typo_font_size":0,"ocean_menu_typo_font_size_tablet":0,"ocean_menu_typo_font_size_mobile":0,"ocean_menu_typo_font_size_unit":"px","ocean_menu_typo_font_weight":"","ocean_menu_typo_font_weight_tablet":"","ocean_menu_typo_font_weight_mobile":"","ocean_menu_typo_transform":"","ocean_menu_typo_transform_tablet":"","ocean_menu_typo_transform_mobile":"","ocean_menu_typo_line_height":0,"ocean_menu_typo_line_height_tablet":0,"ocean_menu_typo_line_height_mobile":0,"ocean_menu_typo_line_height_unit":"","ocean_menu_typo_spacing":0,"ocean_menu_typo_spacing_tablet":0,"ocean_menu_typo_spacing_mobile":0,"ocean_menu_typo_spacing_unit":"","ocean_menu_link_color":"","ocean_menu_link_color_hover":"","ocean_menu_link_color_active":"","ocean_menu_link_background":"","ocean_menu_link_hover_background":"","ocean_menu_link_active_background":"","ocean_menu_social_links_bg":"","ocean_menu_social_hover_links_bg":"","ocean_menu_social_links_color":"","ocean_menu_social_hover_links_color":"","ocean_disable_title":"on","ocean_disable_heading":"default","ocean_post_title":"","ocean_post_subheading":"","ocean_post_title_style":"","ocean_post_title_background_color":"","ocean_post_title_background":0,"ocean_post_title_bg_image_position":"","ocean_post_title_bg_image_attachment":"","ocean_post_title_bg_image_repeat":"","ocean_post_title_bg_image_size":"","ocean_post_title_height":0,"ocean_post_title_bg_overlay":0.5,"ocean_post_title_bg_overlay_color":"","ocean_disable_breadcrumbs":"off","ocean_breadcrumbs_color":"","ocean_breadcrumbs_separator_color":"","ocean_breadcrumbs_links_color":"","ocean_breadcrumbs_links_hover_color":"","ocean_display_footer_widgets":"default","ocean_display_footer_bottom":"default","ocean_custom_footer_template":"0"},"product_brand":[],"product_cat":[52],"product_tag":[40],"class_list":{"0":"post-545","1":"product","2":"type-product","3":"status-publish","4":"has-post-thumbnail","6":"product_cat-namu-kvapai","7":"product_tag-gaivus-ir-pudriniai","9":"entry","10":"has-media","12":"first","13":"instock","14":"taxable","15":"shipping-taxable","16":"purchasable","17":"product-type-variable","18":"has-product-nav","19":"col","20":"span_1_of_3","21":"owp-content-center","22":"owp-thumbs-layout-horizontal","23":"owp-btn-big","24":"owp-tabs-layout-horizontal"},"_links":{"self":[{"href":"https:\/\/www.domanija.lt\/en\/wp-json\/wp\/v2\/product\/545","targetHints":{"allow":["GET"]}}],"collection":[{"href":"https:\/\/www.domanija.lt\/en\/wp-json\/wp\/v2\/product"}],"about":[{"href":"https:\/\/www.domanija.lt\/en\/wp-json\/wp\/v2\/types\/product"}],"wp:featuredmedia":[{"embeddable":true,"href":"https:\/\/www.domanija.lt\/en\/wp-json\/wp\/v2\/media\/8684"}],"wp:attachment":[{"href":"https:\/\/www.domanija.lt\/en\/wp-json\/wp\/v2\/media?parent=545"}],"wp:term":[{"taxonomy":"product_brand","embeddable":true,"href":"https:\/\/www.domanija.lt\/en\/wp-json\/wp\/v2\/product_brand?post=545"},{"taxonomy":"product_cat","embeddable":true,"href":"https:\/\/www.domanija.lt\/en\/wp-json\/wp\/v2\/product_cat?post=545"},{"taxonomy":"product_tag","embeddable":true,"href":"https:\/\/www.domanija.lt\/en\/wp-json\/wp\/v2\/product_tag?post=545"}],"curies":[{"name":"wp","href":"https:\/\/api.w.org\/{rel}","templated":true}]}}