{"id":5265,"date":"2023-08-10T18:03:16","date_gmt":"2023-08-10T15:03:16","guid":{"rendered":"https:\/\/www.domanija.lt\/?post_type=product&#038;p=5265"},"modified":"2024-09-12T16:41:54","modified_gmt":"2024-09-12T13:41:54","slug":"amazonia-geltona-daiktu-laikymo-dezute","status":"publish","type":"product","link":"https:\/\/www.domanija.lt\/en\/product\/amazonia-geltona-daiktu-laikymo-dezute\/","title":{"rendered":"AMAZONIA &#8211; Geltona daikt\u0173 laikymo d\u0117\u017eut\u0117"},"content":{"rendered":"<p style=\"font-weight: 400;\"><strong>Style:<\/strong> Contemporary<br \/>\n<strong>Type:<\/strong> Storage box<br \/>\n<strong>Material:<\/strong> Porcelain<br \/>\n<strong>Height:<\/strong> 54 mm<br \/>\n<strong>Width:<\/strong> 111 mm<br \/>\n<strong>Length:<\/strong> 147 mm<br \/>\n<strong>Weight without the packaging:<\/strong> 494 g<br \/>\n<strong>Care:<\/strong> Not suitable for microwave. In a dishwasher, short and low-temperature programs are recommended. Avoid frequent washing in a dishwasher. Handwash recommended. Handmade.<\/p>","protected":false},"excerpt":{"rendered":"<p style=\"font-weight: 400;\">Storage box 'Amazonia'. The collection is inspired by naturalist Alexandre Rodrigues Ferreira\u2019s book \u2018Viagens Philosophicas' (philosophical journeys), Amazonian fauna, eye-catching exceptional plants and the uniqueness of the people living there. The precision of the collection is revealed through cooperation with \u2018Ecoarts Amaz\u014dnia', which unites developers, researchers, writers and volunteers, thus combining local knowledge with innovation.<\/p>","protected":false},"featured_media":5309,"template":"","meta":{"_seopress_robots_primary_cat":"none","_seopress_titles_title":"AMAZONIA daikt\u0173 laikymo d\u0117\u017eut\u0117","_seopress_titles_desc":"Vista Alegre daikt\u0173 laikymo d\u0117\u017eut\u0117s Amazonia. Kolekcija \u012fkv\u0117pta gamtininko Alexandre Rodrigues Ferreira knygos \u201eViagens Philosophicas\u201c (filosofin\u0117s kelion\u0117s), Amazon\u0117s faunos, ak\u012f traukian\u010di\u0173 i\u0161skirtini\u0173 augal\u0173 ir ten gyvenan\u010di\u0173 \u017emoni\u0173 unikalumo. Kolekcijos precizi\u0161kumas atsiskleid\u017eia per bendradarbyst\u0119 su \u201eEcoarts Amaz\u014dnia\u201c, kurie vienija \u012fvairius k\u016br\u0117jus, tyr\u0117jus, ra\u0161ytojus bei savanorius, taip sujungdami vietines \u017einias su inovacijomis.","_seopress_robots_index":"","ocean_post_layout":"","ocean_both_sidebars_style":"","ocean_both_sidebars_content_width":0,"ocean_both_sidebars_sidebars_width":0,"ocean_sidebar":"0","ocean_second_sidebar":"0","ocean_disable_margins":"enable","ocean_add_body_class":"","ocean_shortcode_before_top_bar":"","ocean_shortcode_after_top_bar":"","ocean_shortcode_before_header":"","ocean_shortcode_after_header":"","ocean_has_shortcode":"","ocean_shortcode_after_title":"","ocean_shortcode_before_footer_widgets":"","ocean_shortcode_after_footer_widgets":"","ocean_shortcode_before_footer_bottom":"","ocean_shortcode_after_footer_bottom":"","ocean_display_top_bar":"default","ocean_display_header":"default","ocean_header_style":"","ocean_center_header_left_menu":"0","ocean_custom_header_template":"0","ocean_custom_logo":0,"ocean_custom_retina_logo":0,"ocean_custom_logo_max_width":0,"ocean_custom_logo_tablet_max_width":0,"ocean_custom_logo_mobile_max_width":0,"ocean_custom_logo_max_height":0,"ocean_custom_logo_tablet_max_height":0,"ocean_custom_logo_mobile_max_height":0,"ocean_header_custom_menu":"0","ocean_menu_typo_font_family":"0","ocean_menu_typo_font_subset":"","ocean_menu_typo_font_size":0,"ocean_menu_typo_font_size_tablet":0,"ocean_menu_typo_font_size_mobile":0,"ocean_menu_typo_font_size_unit":"px","ocean_menu_typo_font_weight":"","ocean_menu_typo_font_weight_tablet":"","ocean_menu_typo_font_weight_mobile":"","ocean_menu_typo_transform":"","ocean_menu_typo_transform_tablet":"","ocean_menu_typo_transform_mobile":"","ocean_menu_typo_line_height":0,"ocean_menu_typo_line_height_tablet":0,"ocean_menu_typo_line_height_mobile":0,"ocean_menu_typo_line_height_unit":"","ocean_menu_typo_spacing":0,"ocean_menu_typo_spacing_tablet":0,"ocean_menu_typo_spacing_mobile":0,"ocean_menu_typo_spacing_unit":"","ocean_menu_link_color":"","ocean_menu_link_color_hover":"","ocean_menu_link_color_active":"","ocean_menu_link_background":"","ocean_menu_link_hover_background":"","ocean_menu_link_active_background":"","ocean_menu_social_links_bg":"","ocean_menu_social_hover_links_bg":"","ocean_menu_social_links_color":"","ocean_menu_social_hover_links_color":"","ocean_disable_title":"default","ocean_disable_heading":"default","ocean_post_title":"","ocean_post_subheading":"","ocean_post_title_style":"","ocean_post_title_background_color":"","ocean_post_title_background":0,"ocean_post_title_bg_image_position":"","ocean_post_title_bg_image_attachment":"","ocean_post_title_bg_image_repeat":"","ocean_post_title_bg_image_size":"","ocean_post_title_height":0,"ocean_post_title_bg_overlay":0.5,"ocean_post_title_bg_overlay_color":"","ocean_disable_breadcrumbs":"default","ocean_breadcrumbs_color":"","ocean_breadcrumbs_separator_color":"","ocean_breadcrumbs_links_color":"","ocean_breadcrumbs_links_hover_color":"","ocean_display_footer_widgets":"default","ocean_display_footer_bottom":"default","ocean_custom_footer_template":"0"},"product_brand":[],"product_cat":[48],"product_tag":[],"class_list":{"0":"post-5265","1":"product","2":"type-product","3":"status-publish","4":"has-post-thumbnail","6":"product_cat-vista-alegre","8":"entry","9":"has-media","11":"first","12":"instock","13":"taxable","14":"shipping-taxable","15":"product-type-simple","16":"has-product-nav","17":"col","18":"span_1_of_3","19":"owp-content-center","20":"owp-thumbs-layout-horizontal","21":"owp-btn-big","22":"owp-tabs-layout-horizontal"},"_links":{"self":[{"href":"https:\/\/www.domanija.lt\/en\/wp-json\/wp\/v2\/product\/5265","targetHints":{"allow":["GET"]}}],"collection":[{"href":"https:\/\/www.domanija.lt\/en\/wp-json\/wp\/v2\/product"}],"about":[{"href":"https:\/\/www.domanija.lt\/en\/wp-json\/wp\/v2\/types\/product"}],"wp:featuredmedia":[{"embeddable":true,"href":"https:\/\/www.domanija.lt\/en\/wp-json\/wp\/v2\/media\/5309"}],"wp:attachment":[{"href":"https:\/\/www.domanija.lt\/en\/wp-json\/wp\/v2\/media?parent=5265"}],"wp:term":[{"taxonomy":"product_brand","embeddable":true,"href":"https:\/\/www.domanija.lt\/en\/wp-json\/wp\/v2\/product_brand?post=5265"},{"taxonomy":"product_cat","embeddable":true,"href":"https:\/\/www.domanija.lt\/en\/wp-json\/wp\/v2\/product_cat?post=5265"},{"taxonomy":"product_tag","embeddable":true,"href":"https:\/\/www.domanija.lt\/en\/wp-json\/wp\/v2\/product_tag?post=5265"}],"curies":[{"name":"wp","href":"https:\/\/api.w.org\/{rel}","templated":true}]}}