{"id":5147,"date":"2023-08-04T15:43:48","date_gmt":"2023-08-04T12:43:48","guid":{"rendered":"https:\/\/www.domanija.lt\/?post_type=product&#038;p=5147"},"modified":"2026-02-19T16:58:26","modified_gmt":"2026-02-19T13:58:26","slug":"futurismo-puodelis","status":"publish","type":"product","link":"https:\/\/www.domanija.lt\/en\/product\/futurismo-puodelis\/","title":{"rendered":"FUTURISMO \u2013 Mug"},"content":{"rendered":"<p><strong>Style:<\/strong> Contemporary<br \/>\n<strong>Type:<\/strong> Mug<br \/>\n<strong>Material:<\/strong> Porcelain<br \/>\n<strong>Height:<\/strong> 112 mm<br \/>\n<strong>Width:<\/strong> 77 mm<br \/>\n<strong>Volume:<\/strong> 114 mm<br \/>\n<strong>Capacity:<\/strong> 404 ml<br \/>\n<strong>Weight without the packaging:<\/strong> 240 g<br \/>\n<strong>Care:<\/strong> Do not use it in a microwave. When washing in a dishwasher, select a short and low-temperature program. Avoid frequent washing in a dishwasher. Handwash recommended.<\/p>","protected":false},"excerpt":{"rendered":"<p>\u2018Futurismo\u2019 is an eye-catching collection, representing all modern movements and marking the period of the invention of artistic language.<\/p>\n<p>A mixture of bright and contrasting colours, geometric figures, diagonal hard lines and a chorus of circles and intersecting angles. Unfolding force, framed between the lines, clearly speaks about full of energy movement.<\/p>\n<p>Speed, which futurists admired, takes on a new expression in the elegant and timeless Vista Alegre Futurism collection.<\/p>","protected":false},"featured_media":5362,"template":"","meta":{"_seopress_robots_primary_cat":"none","_seopress_titles_title":"FUTURISMO - Puodelis","_seopress_titles_desc":"Futurismo kolekcija yra ak\u012f traukianti, vis\u0173 \u0161iuolaikini\u0173 jud\u0117jim\u0173 interpretacija, \u017eyminti menini\u0173 kalb\u0173 i\u0161radimo laikotarp\u012f.\r\n\r\n\u010cia mai\u0161osi ry\u0161kios ir kontrastingos spalvos, geometrin\u0117s formos, \u012fstri\u017eos grie\u017etos linijos, apskritim\u0173 ir susijungian\u010di\u0173 kamp\u0173 choras. Tarp linij\u0173 \u012fr\u0117minta besiskleid\u017eianti j\u0117ga, kuri ai\u0161kiai kalba apie energing\u0105 jud\u0117jim\u0105.\r\n\r\nGreitis, kur\u012f taip m\u0117go futuristai, \u012fgauna nauj\u0105 i\u0161rai\u0161k\u0105 eleganti\u0161koje ir nesenstan\u010dioje Vista Alegre Futurismo kolekcijoje.","_seopress_robots_index":"","ocean_post_layout":"","ocean_both_sidebars_style":"","ocean_both_sidebars_content_width":0,"ocean_both_sidebars_sidebars_width":0,"ocean_sidebar":"0","ocean_second_sidebar":"0","ocean_disable_margins":"enable","ocean_add_body_class":"","ocean_shortcode_before_top_bar":"","ocean_shortcode_after_top_bar":"","ocean_shortcode_before_header":"","ocean_shortcode_after_header":"","ocean_has_shortcode":"","ocean_shortcode_after_title":"","ocean_shortcode_before_footer_widgets":"","ocean_shortcode_after_footer_widgets":"","ocean_shortcode_before_footer_bottom":"","ocean_shortcode_after_footer_bottom":"","ocean_display_top_bar":"default","ocean_display_header":"default","ocean_header_style":"","ocean_center_header_left_menu":"0","ocean_custom_header_template":"0","ocean_custom_logo":0,"ocean_custom_retina_logo":0,"ocean_custom_logo_max_width":0,"ocean_custom_logo_tablet_max_width":0,"ocean_custom_logo_mobile_max_width":0,"ocean_custom_logo_max_height":0,"ocean_custom_logo_tablet_max_height":0,"ocean_custom_logo_mobile_max_height":0,"ocean_header_custom_menu":"0","ocean_menu_typo_font_family":"0","ocean_menu_typo_font_subset":"","ocean_menu_typo_font_size":0,"ocean_menu_typo_font_size_tablet":0,"ocean_menu_typo_font_size_mobile":0,"ocean_menu_typo_font_size_unit":"px","ocean_menu_typo_font_weight":"","ocean_menu_typo_font_weight_tablet":"","ocean_menu_typo_font_weight_mobile":"","ocean_menu_typo_transform":"","ocean_menu_typo_transform_tablet":"","ocean_menu_typo_transform_mobile":"","ocean_menu_typo_line_height":0,"ocean_menu_typo_line_height_tablet":0,"ocean_menu_typo_line_height_mobile":0,"ocean_menu_typo_line_height_unit":"","ocean_menu_typo_spacing":0,"ocean_menu_typo_spacing_tablet":0,"ocean_menu_typo_spacing_mobile":0,"ocean_menu_typo_spacing_unit":"","ocean_menu_link_color":"","ocean_menu_link_color_hover":"","ocean_menu_link_color_active":"","ocean_menu_link_background":"","ocean_menu_link_hover_background":"","ocean_menu_link_active_background":"","ocean_menu_social_links_bg":"","ocean_menu_social_hover_links_bg":"","ocean_menu_social_links_color":"","ocean_menu_social_hover_links_color":"","ocean_disable_title":"default","ocean_disable_heading":"default","ocean_post_title":"","ocean_post_subheading":"","ocean_post_title_style":"","ocean_post_title_background_color":"","ocean_post_title_background":0,"ocean_post_title_bg_image_position":"","ocean_post_title_bg_image_attachment":"","ocean_post_title_bg_image_repeat":"","ocean_post_title_bg_image_size":"","ocean_post_title_height":0,"ocean_post_title_bg_overlay":0.5,"ocean_post_title_bg_overlay_color":"","ocean_disable_breadcrumbs":"default","ocean_breadcrumbs_color":"","ocean_breadcrumbs_separator_color":"","ocean_breadcrumbs_links_color":"","ocean_breadcrumbs_links_hover_color":"","ocean_display_footer_widgets":"default","ocean_display_footer_bottom":"default","ocean_custom_footer_template":"0"},"product_brand":[],"product_cat":[48],"product_tag":[],"class_list":{"0":"post-5147","1":"product","2":"type-product","3":"status-publish","4":"has-post-thumbnail","6":"product_cat-vista-alegre","8":"entry","9":"has-media","11":"first","12":"instock","13":"taxable","14":"shipping-taxable","15":"product-type-simple","16":"has-product-nav","17":"col","18":"span_1_of_3","19":"owp-content-center","20":"owp-thumbs-layout-horizontal","21":"owp-btn-big","22":"owp-tabs-layout-horizontal","23":"has-no-thumbnails"},"_links":{"self":[{"href":"https:\/\/www.domanija.lt\/en\/wp-json\/wp\/v2\/product\/5147","targetHints":{"allow":["GET"]}}],"collection":[{"href":"https:\/\/www.domanija.lt\/en\/wp-json\/wp\/v2\/product"}],"about":[{"href":"https:\/\/www.domanija.lt\/en\/wp-json\/wp\/v2\/types\/product"}],"wp:featuredmedia":[{"embeddable":true,"href":"https:\/\/www.domanija.lt\/en\/wp-json\/wp\/v2\/media\/5362"}],"wp:attachment":[{"href":"https:\/\/www.domanija.lt\/en\/wp-json\/wp\/v2\/media?parent=5147"}],"wp:term":[{"taxonomy":"product_brand","embeddable":true,"href":"https:\/\/www.domanija.lt\/en\/wp-json\/wp\/v2\/product_brand?post=5147"},{"taxonomy":"product_cat","embeddable":true,"href":"https:\/\/www.domanija.lt\/en\/wp-json\/wp\/v2\/product_cat?post=5147"},{"taxonomy":"product_tag","embeddable":true,"href":"https:\/\/www.domanija.lt\/en\/wp-json\/wp\/v2\/product_tag?post=5147"}],"curies":[{"name":"wp","href":"https:\/\/api.w.org\/{rel}","templated":true}]}}