{"id":432,"date":"2021-06-23T15:13:57","date_gmt":"2021-06-23T12:13:57","guid":{"rendered":"https:\/\/www.domanija.lt\/?post_type=product&#038;p=432"},"modified":"2026-04-16T15:50:35","modified_gmt":"2026-04-16T12:50:35","slug":"rosso-nobile-dekanteris","status":"publish","type":"product","link":"https:\/\/www.domanija.lt\/en\/product\/rosso-nobile-dekanteris\/","title":{"rendered":"Dr. Vranjes Firenze ROSSO NOBILE decanter"},"content":{"rendered":"<p><strong>Rinkin\u012f sudaro:<\/strong><br \/>\nStiklinis dekanteris, 750 ml Rosso Nobile kvapas stikliniame vyno butelyje, juodos lazdel\u0117s.<\/p>\n<p><strong>OLFACTORY PYRAMID<\/strong><br \/>\nThe ambient fragrance of Rosso Nobile was created due to a challenge that a dear friend and wine maker proposed to Maestro Paolo Vranjes. He was convinced that the scent of a glass of red wine and its nuances could not be reproduced within a fragrance. He was forced to admit defeat a few years later when he was sent Rosso Nobile.<\/p>\n<p><em><img decoding=\"async\" class=\"alignnone wp-image-1247\" src=\"https:\/\/www.domanija.lt\/wp-content\/uploads\/PIRAMIDE_ROSSO-NOBILE.png\" alt=\"\" width=\"180\" height=\"180\" srcset=\"https:\/\/www.domanija.lt\/wp-content\/uploads\/PIRAMIDE_ROSSO-NOBILE.png 450w, https:\/\/www.domanija.lt\/wp-content\/uploads\/PIRAMIDE_ROSSO-NOBILE-100x100.png 100w\" sizes=\"(max-width: 180px) 100vw, 180px\" \/>Orange | Strawberry and Red Berries | Birch<\/em><\/p>\n<p><strong>MAIN SCENT<\/strong><br \/>\nFruity<\/p>\n<p><strong>CATEGORY<\/strong><br \/>\nDiffuser<\/p>\n<p><strong>ATMOSPHERE<\/strong><br \/>\nRelaxing<\/p>\n<p><strong>COLOR<\/strong><br \/>\nDark<\/p>","protected":false},"excerpt":{"rendered":"<p><strong>Dr. Vranjes Firenze ROSSO NOBILE DECANTER.<\/strong><br \/>\nA scent that fills your home with the aromas of the best collected wine essences. The notes of orange are highlighted by a combination of violet, magnolia, plum, strawberry and raspberry floral-fruity scents. Slightly mature wood and light birch notes that restore the aroma of tannins.\n\nPerfect to provide a relaxing atmosphere to living spaces.<\/p>\n<p>Perfect to provide a relaxing atmosphere to living spaces.<\/p>\n<p>The elegant decanter is a scent diffuser designed exclusively for Rosso Nobile, one of our most famous and popular home scents. This is a luxurious and exclusive gift!<\/p>","protected":false},"featured_media":6333,"template":"","meta":{"_seopress_robots_primary_cat":"none","_seopress_titles_title":"Dr. Vranjes Firenze Rosso Nobile dekanteris","_seopress_titles_desc":"Eleganti\u0161kas dekanteris yra kvap\u0173 difuzorius, sukurtas i\u0161skirtinai Rosso Nobile - vienam i\u0161 m\u016bs\u0173 \u017einomiausi\u0173 ir populiariausi\u0173 nam\u0173 kvap\u0173.","_seopress_robots_index":"","ocean_post_layout":"","ocean_both_sidebars_style":"","ocean_both_sidebars_content_width":0,"ocean_both_sidebars_sidebars_width":0,"ocean_sidebar":"0","ocean_second_sidebar":"0","ocean_disable_margins":"enable","ocean_add_body_class":"","ocean_shortcode_before_top_bar":"","ocean_shortcode_after_top_bar":"","ocean_shortcode_before_header":"","ocean_shortcode_after_header":"","ocean_has_shortcode":"","ocean_shortcode_after_title":"","ocean_shortcode_before_footer_widgets":"","ocean_shortcode_after_footer_widgets":"","ocean_shortcode_before_footer_bottom":"","ocean_shortcode_after_footer_bottom":"","ocean_display_top_bar":"default","ocean_display_header":"default","ocean_header_style":"","ocean_center_header_left_menu":"0","ocean_custom_header_template":"0","ocean_custom_logo":0,"ocean_custom_retina_logo":0,"ocean_custom_logo_max_width":0,"ocean_custom_logo_tablet_max_width":0,"ocean_custom_logo_mobile_max_width":0,"ocean_custom_logo_max_height":0,"ocean_custom_logo_tablet_max_height":0,"ocean_custom_logo_mobile_max_height":0,"ocean_header_custom_menu":"0","ocean_menu_typo_font_family":"0","ocean_menu_typo_font_subset":"","ocean_menu_typo_font_size":0,"ocean_menu_typo_font_size_tablet":0,"ocean_menu_typo_font_size_mobile":0,"ocean_menu_typo_font_size_unit":"px","ocean_menu_typo_font_weight":"","ocean_menu_typo_font_weight_tablet":"","ocean_menu_typo_font_weight_mobile":"","ocean_menu_typo_transform":"","ocean_menu_typo_transform_tablet":"","ocean_menu_typo_transform_mobile":"","ocean_menu_typo_line_height":0,"ocean_menu_typo_line_height_tablet":0,"ocean_menu_typo_line_height_mobile":0,"ocean_menu_typo_line_height_unit":"","ocean_menu_typo_spacing":0,"ocean_menu_typo_spacing_tablet":0,"ocean_menu_typo_spacing_mobile":0,"ocean_menu_typo_spacing_unit":"","ocean_menu_link_color":"","ocean_menu_link_color_hover":"","ocean_menu_link_color_active":"","ocean_menu_link_background":"","ocean_menu_link_hover_background":"","ocean_menu_link_active_background":"","ocean_menu_social_links_bg":"","ocean_menu_social_hover_links_bg":"","ocean_menu_social_links_color":"","ocean_menu_social_hover_links_color":"","ocean_disable_title":"on","ocean_disable_heading":"default","ocean_post_title":"","ocean_post_subheading":"","ocean_post_title_style":"","ocean_post_title_background_color":"","ocean_post_title_background":0,"ocean_post_title_bg_image_position":"","ocean_post_title_bg_image_attachment":"","ocean_post_title_bg_image_repeat":"","ocean_post_title_bg_image_size":"","ocean_post_title_height":0,"ocean_post_title_bg_overlay":0.5,"ocean_post_title_bg_overlay_color":"","ocean_disable_breadcrumbs":"off","ocean_breadcrumbs_color":"","ocean_breadcrumbs_separator_color":"","ocean_breadcrumbs_links_color":"","ocean_breadcrumbs_links_hover_color":"","ocean_display_footer_widgets":"default","ocean_display_footer_bottom":"default","ocean_custom_footer_template":"0"},"product_brand":[],"product_cat":[46,52,53],"product_tag":[35],"class_list":{"0":"post-432","1":"product","2":"type-product","3":"status-publish","4":"has-post-thumbnail","6":"product_cat-dovanu-rinkiniai","7":"product_cat-namu-kvapai","8":"product_cat-rosso-nobile-pasaulis","9":"product_tag-vaisiniai","11":"entry","12":"has-media","14":"first","15":"instock","16":"taxable","17":"shipping-taxable","18":"purchasable","19":"product-type-variable","20":"has-product-nav","21":"col","22":"span_1_of_3","23":"owp-content-center","24":"owp-thumbs-layout-horizontal","25":"owp-btn-big","26":"owp-tabs-layout-horizontal"},"_links":{"self":[{"href":"https:\/\/www.domanija.lt\/en\/wp-json\/wp\/v2\/product\/432","targetHints":{"allow":["GET"]}}],"collection":[{"href":"https:\/\/www.domanija.lt\/en\/wp-json\/wp\/v2\/product"}],"about":[{"href":"https:\/\/www.domanija.lt\/en\/wp-json\/wp\/v2\/types\/product"}],"wp:featuredmedia":[{"embeddable":true,"href":"https:\/\/www.domanija.lt\/en\/wp-json\/wp\/v2\/media\/6333"}],"wp:attachment":[{"href":"https:\/\/www.domanija.lt\/en\/wp-json\/wp\/v2\/media?parent=432"}],"wp:term":[{"taxonomy":"product_brand","embeddable":true,"href":"https:\/\/www.domanija.lt\/en\/wp-json\/wp\/v2\/product_brand?post=432"},{"taxonomy":"product_cat","embeddable":true,"href":"https:\/\/www.domanija.lt\/en\/wp-json\/wp\/v2\/product_cat?post=432"},{"taxonomy":"product_tag","embeddable":true,"href":"https:\/\/www.domanija.lt\/en\/wp-json\/wp\/v2\/product_tag?post=432"}],"curies":[{"name":"wp","href":"https:\/\/api.w.org\/{rel}","templated":true}]}}