{"id":4215,"date":"2022-09-26T09:47:11","date_gmt":"2022-09-26T06:47:11","guid":{"rendered":"https:\/\/www.domanija.lt\/produktas\/gift-card\/"},"modified":"2025-12-23T12:15:15","modified_gmt":"2025-12-23T09:15:15","slug":"dovanu-kuponas","status":"publish","type":"product","link":"https:\/\/www.domanija.lt\/en\/product\/dovanu-kuponas\/","title":{"rendered":"Dovan\u0173 kuponas"},"content":{"rendered":"","protected":false},"excerpt":{"rendered":"<p>Kadangi kiekvieno skonis yra unikalus, mes \u017einome koks delikatus procesas yra rinktis nam\u0173 interjero detales ar kvapus. Kad j\u016bs\u0173 dovana suteikt\u0173 laisvo pasirinkimo d\u017eiaugsm\u0105, si\u016blome rinktis dovan\u0173 kupon\u0105.<\/p>\n<p>Jums u\u017eteks tik pasirinkti dovanojam\u0105 sum\u0105, suvesti duomenis ir para\u0161yti personalizuot\u0105 \u017einut\u0119.<br \/>\nDovan\u0173 kupono galiojimo terminas \u0161e\u0161i m\u0117nesiai (nuo patvirtinimo lai\u0161ko gavimo datos). Dovan\u0173 kuponas galioja ne tik elektronin\u0117je parduotuv\u0117je, bet ir fiziniame Domanija interjero salone.<\/p>\n<p>M\u016bs\u0173 dovan\u0173 kuponas yra unikalus, kadangi jis turi balans\u0105 ir sum\u0105 galite i\u0161naudoti perkant per kelis kartus. Tai rei\u0161kia, jog jeigu kupono suma yra 100\u20ac, vienu pirkimu galite i\u0161leisti pvz: 50\u20ac, o likusius kit\u0105 kart\u0105.<\/p>","protected":false},"featured_media":4278,"template":"","meta":{"_seopress_robots_primary_cat":"none","_seopress_titles_title":"Dovan\u0173 kuponas - Domanija","_seopress_titles_desc":"Kadangi kiekvieno skonis yra unikalus, mes \u017einome koks delikatus procesas yra rinktis nam\u0173 interjero detales ar kvapus. Kad j\u016bs\u0173 dovana suteikt\u0173 laisvo pasirinkimo d\u017eiaugsm\u0105, si\u016blome rinktis dovan\u0173 kupon\u0105.","_seopress_robots_index":"","ocean_post_layout":"","ocean_both_sidebars_style":"","ocean_both_sidebars_content_width":0,"ocean_both_sidebars_sidebars_width":0,"ocean_sidebar":"0","ocean_second_sidebar":"0","ocean_disable_margins":"enable","ocean_add_body_class":"","ocean_shortcode_before_top_bar":"","ocean_shortcode_after_top_bar":"","ocean_shortcode_before_header":"","ocean_shortcode_after_header":"","ocean_has_shortcode":"","ocean_shortcode_after_title":"","ocean_shortcode_before_footer_widgets":"","ocean_shortcode_after_footer_widgets":"","ocean_shortcode_before_footer_bottom":"","ocean_shortcode_after_footer_bottom":"","ocean_display_top_bar":"default","ocean_display_header":"default","ocean_header_style":"","ocean_center_header_left_menu":"0","ocean_custom_header_template":"0","ocean_custom_logo":0,"ocean_custom_retina_logo":0,"ocean_custom_logo_max_width":0,"ocean_custom_logo_tablet_max_width":0,"ocean_custom_logo_mobile_max_width":0,"ocean_custom_logo_max_height":0,"ocean_custom_logo_tablet_max_height":0,"ocean_custom_logo_mobile_max_height":0,"ocean_header_custom_menu":"0","ocean_menu_typo_font_family":"0","ocean_menu_typo_font_subset":"","ocean_menu_typo_font_size":0,"ocean_menu_typo_font_size_tablet":0,"ocean_menu_typo_font_size_mobile":0,"ocean_menu_typo_font_size_unit":"px","ocean_menu_typo_font_weight":"","ocean_menu_typo_font_weight_tablet":"","ocean_menu_typo_font_weight_mobile":"","ocean_menu_typo_transform":"","ocean_menu_typo_transform_tablet":"","ocean_menu_typo_transform_mobile":"","ocean_menu_typo_line_height":0,"ocean_menu_typo_line_height_tablet":0,"ocean_menu_typo_line_height_mobile":0,"ocean_menu_typo_line_height_unit":"","ocean_menu_typo_spacing":0,"ocean_menu_typo_spacing_tablet":0,"ocean_menu_typo_spacing_mobile":0,"ocean_menu_typo_spacing_unit":"","ocean_menu_link_color":"","ocean_menu_link_color_hover":"","ocean_menu_link_color_active":"","ocean_menu_link_background":"","ocean_menu_link_hover_background":"","ocean_menu_link_active_background":"","ocean_menu_social_links_bg":"","ocean_menu_social_hover_links_bg":"","ocean_menu_social_links_color":"","ocean_menu_social_hover_links_color":"","ocean_disable_title":"default","ocean_disable_heading":"default","ocean_post_title":"","ocean_post_subheading":"","ocean_post_title_style":"","ocean_post_title_background_color":"","ocean_post_title_background":0,"ocean_post_title_bg_image_position":"","ocean_post_title_bg_image_attachment":"","ocean_post_title_bg_image_repeat":"","ocean_post_title_bg_image_size":"","ocean_post_title_height":0,"ocean_post_title_bg_overlay":0.5,"ocean_post_title_bg_overlay_color":"","ocean_disable_breadcrumbs":"default","ocean_breadcrumbs_color":"","ocean_breadcrumbs_separator_color":"","ocean_breadcrumbs_links_color":"","ocean_breadcrumbs_links_hover_color":"","ocean_display_footer_widgets":"default","ocean_display_footer_bottom":"default","ocean_custom_footer_template":"0"},"product_brand":[],"product_cat":[49],"product_tag":[],"class_list":{"0":"post-4215","1":"product","2":"type-product","3":"status-publish","4":"has-post-thumbnail","6":"product_cat-dovanu-kuponai","8":"entry","9":"has-media","11":"first","12":"instock","13":"purchasable","14":"product-type-pw-gift-card","15":"has-product-nav","16":"col","17":"span_1_of_3","18":"owp-content-center","19":"owp-thumbs-layout-horizontal","20":"owp-btn-big","21":"owp-tabs-layout-horizontal","22":"has-no-thumbnails"},"_links":{"self":[{"href":"https:\/\/www.domanija.lt\/en\/wp-json\/wp\/v2\/product\/4215","targetHints":{"allow":["GET"]}}],"collection":[{"href":"https:\/\/www.domanija.lt\/en\/wp-json\/wp\/v2\/product"}],"about":[{"href":"https:\/\/www.domanija.lt\/en\/wp-json\/wp\/v2\/types\/product"}],"wp:featuredmedia":[{"embeddable":true,"href":"https:\/\/www.domanija.lt\/en\/wp-json\/wp\/v2\/media\/4278"}],"wp:attachment":[{"href":"https:\/\/www.domanija.lt\/en\/wp-json\/wp\/v2\/media?parent=4215"}],"wp:term":[{"taxonomy":"product_brand","embeddable":true,"href":"https:\/\/www.domanija.lt\/en\/wp-json\/wp\/v2\/product_brand?post=4215"},{"taxonomy":"product_cat","embeddable":true,"href":"https:\/\/www.domanija.lt\/en\/wp-json\/wp\/v2\/product_cat?post=4215"},{"taxonomy":"product_tag","embeddable":true,"href":"https:\/\/www.domanija.lt\/en\/wp-json\/wp\/v2\/product_tag?post=4215"}],"curies":[{"name":"wp","href":"https:\/\/api.w.org\/{rel}","templated":true}]}}