{"id":4154,"date":"2022-09-09T13:54:15","date_gmt":"2022-09-09T10:54:15","guid":{"rendered":"https:\/\/www.domanija.lt\/?post_type=product&#038;p=4154"},"modified":"2026-03-02T16:17:53","modified_gmt":"2026-03-02T13:17:53","slug":"dovanu-rinkinys-250-ml-leather-oud-namu-kvapas-su-150-ml-papildymu","status":"publish","type":"product","link":"https:\/\/www.domanija.lt\/en\/product\/dovanu-rinkinys-250-ml-leather-oud-namu-kvapas-su-150-ml-papildymu\/","title":{"rendered":"Dovan\u0173 rinkinys 250 ml LEATHER OUD nam\u0173 kvapas su 150 ml papildymu"},"content":{"rendered":"<p><strong>OLFACTORY PYRAMID<\/strong><br \/>\nGintaras, Pa\u010diulis, Sandalmedis<\/p>\n<p><strong>MAIN SCENT<\/strong><br \/>\nRytieti\u0161kas<\/p>\n<p><strong>CATEGORY<\/strong><br \/>\nDovan\u0173 rinkiniai<\/p>\n<p><strong>ATMOSPHERE<\/strong><br \/>\nRelaxing<\/p>\n<p><strong>COLOR<\/strong><br \/>\nAmber<\/p>\n<p><b>DOVAN\u0172 RINKINYJE<\/b><br \/>\nKvapo difuzorius su lazdel\u0117mis 250 ml<br \/>\nKvapo papildymas 150 ml<\/p>\n<p>&nbsp;<\/p>","protected":false},"excerpt":{"rendered":"<p>Riboto leidimo \u0161ventin\u0117s dovanos id\u0117ja, skirta prad\u017eiuginti Dr. Vranjes Firenze nam\u0173 kvap\u0173 m\u0117g\u0117jus.<\/p>\n<p>Intriguojantis kvapas, gim\u0119s i\u0161 noro sujungti grak\u0161\u010dius Artim\u0173j\u0173 Ryt\u0173 kop\u0173 ir Toskanos kalv\u0173 vingius. Pirmasis atspindi brangi\u0105j\u0105 Agarmed\u017eio derv\u0105, antrasis \u2013 nepakartojam\u0105 odos kvap\u0105. Abu simbolizuoja am\u017ein\u0105sias tradicijas, susijusias su \u017emogaus aistromis ir vietos meistri\u0161kumu.<\/p>\n<p>250 ml difuzorius 150 ml kvapo papildymas.<\/p>","protected":false},"featured_media":7879,"template":"","meta":{"_seopress_robots_primary_cat":"none","_seopress_titles_title":"Dovan\u0173 rinkinys 250 ml LEATHER OUD nam\u0173 kvapas su 150 ml papildymu","_seopress_titles_desc":"Dr. Vranjes Firenze Leather Oud nam\u0173 kvapas - ntriguojantis aromatas, gim\u0119s i\u0161 noro sujungti grak\u0161\u010dius Artim\u0173j\u0173 Ryt\u0173 kop\u0173 ir Toskanos kalv\u0173 vingius.","_seopress_robots_index":"","ocean_post_layout":"","ocean_both_sidebars_style":"","ocean_both_sidebars_content_width":0,"ocean_both_sidebars_sidebars_width":0,"ocean_sidebar":"0","ocean_second_sidebar":"0","ocean_disable_margins":"enable","ocean_add_body_class":"","ocean_shortcode_before_top_bar":"","ocean_shortcode_after_top_bar":"","ocean_shortcode_before_header":"","ocean_shortcode_after_header":"","ocean_has_shortcode":"","ocean_shortcode_after_title":"","ocean_shortcode_before_footer_widgets":"","ocean_shortcode_after_footer_widgets":"","ocean_shortcode_before_footer_bottom":"","ocean_shortcode_after_footer_bottom":"","ocean_display_top_bar":"default","ocean_display_header":"default","ocean_header_style":"","ocean_center_header_left_menu":"0","ocean_custom_header_template":"0","ocean_custom_logo":0,"ocean_custom_retina_logo":0,"ocean_custom_logo_max_width":0,"ocean_custom_logo_tablet_max_width":0,"ocean_custom_logo_mobile_max_width":0,"ocean_custom_logo_max_height":0,"ocean_custom_logo_tablet_max_height":0,"ocean_custom_logo_mobile_max_height":0,"ocean_header_custom_menu":"0","ocean_menu_typo_font_family":"0","ocean_menu_typo_font_subset":"","ocean_menu_typo_font_size":0,"ocean_menu_typo_font_size_tablet":0,"ocean_menu_typo_font_size_mobile":0,"ocean_menu_typo_font_size_unit":"px","ocean_menu_typo_font_weight":"","ocean_menu_typo_font_weight_tablet":"","ocean_menu_typo_font_weight_mobile":"","ocean_menu_typo_transform":"","ocean_menu_typo_transform_tablet":"","ocean_menu_typo_transform_mobile":"","ocean_menu_typo_line_height":0,"ocean_menu_typo_line_height_tablet":0,"ocean_menu_typo_line_height_mobile":0,"ocean_menu_typo_line_height_unit":"","ocean_menu_typo_spacing":0,"ocean_menu_typo_spacing_tablet":0,"ocean_menu_typo_spacing_mobile":0,"ocean_menu_typo_spacing_unit":"","ocean_menu_link_color":"","ocean_menu_link_color_hover":"","ocean_menu_link_color_active":"","ocean_menu_link_background":"","ocean_menu_link_hover_background":"","ocean_menu_link_active_background":"","ocean_menu_social_links_bg":"","ocean_menu_social_hover_links_bg":"","ocean_menu_social_links_color":"","ocean_menu_social_hover_links_color":"","ocean_disable_title":"on","ocean_disable_heading":"default","ocean_post_title":"","ocean_post_subheading":"","ocean_post_title_style":"","ocean_post_title_background_color":"","ocean_post_title_background":0,"ocean_post_title_bg_image_position":"","ocean_post_title_bg_image_attachment":"","ocean_post_title_bg_image_repeat":"","ocean_post_title_bg_image_size":"","ocean_post_title_height":0,"ocean_post_title_bg_overlay":0.5,"ocean_post_title_bg_overlay_color":"","ocean_disable_breadcrumbs":"off","ocean_breadcrumbs_color":"","ocean_breadcrumbs_separator_color":"","ocean_breadcrumbs_links_color":"","ocean_breadcrumbs_links_hover_color":"","ocean_display_footer_widgets":"default","ocean_display_footer_bottom":"default","ocean_custom_footer_template":"0"},"product_brand":[],"product_cat":[46],"product_tag":[],"class_list":{"0":"post-4154","1":"product","2":"type-product","3":"status-publish","4":"has-post-thumbnail","6":"product_cat-dovanu-rinkiniai","8":"entry","9":"has-media","11":"first","12":"instock","13":"taxable","14":"shipping-taxable","15":"purchasable","16":"product-type-simple","17":"has-product-nav","18":"col","19":"span_1_of_3","20":"owp-content-center","21":"owp-thumbs-layout-horizontal","22":"owp-btn-big","23":"owp-tabs-layout-horizontal"},"_links":{"self":[{"href":"https:\/\/www.domanija.lt\/en\/wp-json\/wp\/v2\/product\/4154","targetHints":{"allow":["GET"]}}],"collection":[{"href":"https:\/\/www.domanija.lt\/en\/wp-json\/wp\/v2\/product"}],"about":[{"href":"https:\/\/www.domanija.lt\/en\/wp-json\/wp\/v2\/types\/product"}],"wp:featuredmedia":[{"embeddable":true,"href":"https:\/\/www.domanija.lt\/en\/wp-json\/wp\/v2\/media\/7879"}],"wp:attachment":[{"href":"https:\/\/www.domanija.lt\/en\/wp-json\/wp\/v2\/media?parent=4154"}],"wp:term":[{"taxonomy":"product_brand","embeddable":true,"href":"https:\/\/www.domanija.lt\/en\/wp-json\/wp\/v2\/product_brand?post=4154"},{"taxonomy":"product_cat","embeddable":true,"href":"https:\/\/www.domanija.lt\/en\/wp-json\/wp\/v2\/product_cat?post=4154"},{"taxonomy":"product_tag","embeddable":true,"href":"https:\/\/www.domanija.lt\/en\/wp-json\/wp\/v2\/product_tag?post=4154"}],"curies":[{"name":"wp","href":"https:\/\/api.w.org\/{rel}","templated":true}]}}