{"id":4144,"date":"2022-09-09T12:55:21","date_gmt":"2022-09-09T09:55:21","guid":{"rendered":"https:\/\/www.domanija.lt\/?post_type=product&#038;p=4144"},"modified":"2026-03-02T16:17:54","modified_gmt":"2026-03-02T13:17:54","slug":"dovanu-rinkinys-250-ml-oud-nobile-namu-kvapas-su-150-ml-papildymu","status":"publish","type":"product","link":"https:\/\/www.domanija.lt\/en\/product\/dovanu-rinkinys-250-ml-oud-nobile-namu-kvapas-su-150-ml-papildymu\/","title":{"rendered":"Dovan\u0173 rinkinys 250 ml OUD NOBILE nam\u0173 kvapas su 150 ml papildymu"},"content":{"rendered":"<p>I\u0161skirtin\u0117 Maestro Paolo Vranjes dovana \u2013 akistata su kult\u016bromis per kvapus. Jis tur\u0117jo galimyb\u0119 steb\u0117ti smilkal\u0173 ritual\u0105 prabangiuose Emyro r\u016bmuose, kurio metu \u012fkv\u0117p\u0119s sve\u010di\u0173 pasveikinimui skirt\u0173 smilkom\u0173 derv\u0173 aromato, patyr\u0117 nepaprastas emocijas. Jis su nuostaba steb\u0117jo, kaip \u017emon\u0117s m\u0117gaujasi smilkstan\u010dios medienos kvapais, kuri laikoma brangesne net u\u017e auks\u0105.<\/p>\n<p><img decoding=\"async\" class=\"alignnone wp-image-1243\" src=\"https:\/\/www.domanija.lt\/wp-content\/uploads\/PIRAMIDE_OUD-NOBILE.png\" alt=\"PIRAMIDE_OUD NOBILE\" width=\"180\" height=\"180\" srcset=\"https:\/\/www.domanija.lt\/wp-content\/uploads\/PIRAMIDE_OUD-NOBILE.png 450w, https:\/\/www.domanija.lt\/wp-content\/uploads\/PIRAMIDE_OUD-NOBILE-100x100.png 100w\" sizes=\"(max-width: 180px) 100vw, 180px\" \/><br \/>\n<em>Bergamot | Oud | Myrrh<\/em><\/p>\n<p><strong>MAIN SCENT<\/strong><br \/>\nRytieti\u0161kas<\/p>\n<p><strong>CATEGORY<\/strong><br \/>\nDovan\u0173 rinkiniai<\/p>\n<p><strong>ATMOSPHERE<\/strong><br \/>\nStimulating<\/p>\n<p><strong>COLOR<\/strong><br \/>\nDark<\/p>\n<p><b>DOVAN\u0172 RINKINYJE<\/b><br \/>\nKvapo difuzorius su lazdel\u0117mis 250 ml<br \/>\nKvapo papildymas 150 ml<\/p>\n<p>&nbsp;<\/p>","protected":false},"excerpt":{"rendered":"<p><strong>Dr. Vranjes Firenze dovan\u0173 rinkinys OUD NOBILE<\/strong><\/p>\n<p>In this ambient fragrance, the delicate Oud resin and the Middle Eastern hints of incense and myrrh, blend with the Mediterranean bergamot, creating an olfactory bridge between East and West.<\/p>\n<p>Perfect for working spaces.<\/p>","protected":false},"featured_media":6455,"template":"","meta":{"_seopress_robots_primary_cat":"none","_seopress_titles_title":"Dovan\u0173 rinkinys 250 ml OUD NOBILE nam\u0173 kvapas su 150 ml papildymu","_seopress_titles_desc":"","_seopress_robots_index":"","ocean_post_layout":"","ocean_both_sidebars_style":"","ocean_both_sidebars_content_width":0,"ocean_both_sidebars_sidebars_width":0,"ocean_sidebar":"0","ocean_second_sidebar":"0","ocean_disable_margins":"enable","ocean_add_body_class":"","ocean_shortcode_before_top_bar":"","ocean_shortcode_after_top_bar":"","ocean_shortcode_before_header":"","ocean_shortcode_after_header":"","ocean_has_shortcode":"","ocean_shortcode_after_title":"","ocean_shortcode_before_footer_widgets":"","ocean_shortcode_after_footer_widgets":"","ocean_shortcode_before_footer_bottom":"","ocean_shortcode_after_footer_bottom":"","ocean_display_top_bar":"default","ocean_display_header":"default","ocean_header_style":"","ocean_center_header_left_menu":"0","ocean_custom_header_template":"0","ocean_custom_logo":0,"ocean_custom_retina_logo":0,"ocean_custom_logo_max_width":0,"ocean_custom_logo_tablet_max_width":0,"ocean_custom_logo_mobile_max_width":0,"ocean_custom_logo_max_height":0,"ocean_custom_logo_tablet_max_height":0,"ocean_custom_logo_mobile_max_height":0,"ocean_header_custom_menu":"0","ocean_menu_typo_font_family":"0","ocean_menu_typo_font_subset":"","ocean_menu_typo_font_size":0,"ocean_menu_typo_font_size_tablet":0,"ocean_menu_typo_font_size_mobile":0,"ocean_menu_typo_font_size_unit":"px","ocean_menu_typo_font_weight":"","ocean_menu_typo_font_weight_tablet":"","ocean_menu_typo_font_weight_mobile":"","ocean_menu_typo_transform":"","ocean_menu_typo_transform_tablet":"","ocean_menu_typo_transform_mobile":"","ocean_menu_typo_line_height":0,"ocean_menu_typo_line_height_tablet":0,"ocean_menu_typo_line_height_mobile":0,"ocean_menu_typo_line_height_unit":"","ocean_menu_typo_spacing":0,"ocean_menu_typo_spacing_tablet":0,"ocean_menu_typo_spacing_mobile":0,"ocean_menu_typo_spacing_unit":"","ocean_menu_link_color":"","ocean_menu_link_color_hover":"","ocean_menu_link_color_active":"","ocean_menu_link_background":"","ocean_menu_link_hover_background":"","ocean_menu_link_active_background":"","ocean_menu_social_links_bg":"","ocean_menu_social_hover_links_bg":"","ocean_menu_social_links_color":"","ocean_menu_social_hover_links_color":"","ocean_disable_title":"on","ocean_disable_heading":"default","ocean_post_title":"","ocean_post_subheading":"","ocean_post_title_style":"","ocean_post_title_background_color":"","ocean_post_title_background":0,"ocean_post_title_bg_image_position":"","ocean_post_title_bg_image_attachment":"","ocean_post_title_bg_image_repeat":"","ocean_post_title_bg_image_size":"","ocean_post_title_height":0,"ocean_post_title_bg_overlay":0.5,"ocean_post_title_bg_overlay_color":"","ocean_disable_breadcrumbs":"off","ocean_breadcrumbs_color":"","ocean_breadcrumbs_separator_color":"","ocean_breadcrumbs_links_color":"","ocean_breadcrumbs_links_hover_color":"","ocean_display_footer_widgets":"default","ocean_display_footer_bottom":"default","ocean_custom_footer_template":"0"},"product_brand":[],"product_cat":[46],"product_tag":[],"class_list":{"0":"post-4144","1":"product","2":"type-product","3":"status-publish","4":"has-post-thumbnail","6":"product_cat-dovanu-rinkiniai","8":"entry","9":"has-media","11":"first","12":"instock","13":"taxable","14":"shipping-taxable","15":"purchasable","16":"product-type-simple","17":"has-product-nav","18":"col","19":"span_1_of_3","20":"owp-content-center","21":"owp-thumbs-layout-horizontal","22":"owp-btn-big","23":"owp-tabs-layout-horizontal","24":"has-no-thumbnails"},"_links":{"self":[{"href":"https:\/\/www.domanija.lt\/en\/wp-json\/wp\/v2\/product\/4144","targetHints":{"allow":["GET"]}}],"collection":[{"href":"https:\/\/www.domanija.lt\/en\/wp-json\/wp\/v2\/product"}],"about":[{"href":"https:\/\/www.domanija.lt\/en\/wp-json\/wp\/v2\/types\/product"}],"wp:featuredmedia":[{"embeddable":true,"href":"https:\/\/www.domanija.lt\/en\/wp-json\/wp\/v2\/media\/6455"}],"wp:attachment":[{"href":"https:\/\/www.domanija.lt\/en\/wp-json\/wp\/v2\/media?parent=4144"}],"wp:term":[{"taxonomy":"product_brand","embeddable":true,"href":"https:\/\/www.domanija.lt\/en\/wp-json\/wp\/v2\/product_brand?post=4144"},{"taxonomy":"product_cat","embeddable":true,"href":"https:\/\/www.domanija.lt\/en\/wp-json\/wp\/v2\/product_cat?post=4144"},{"taxonomy":"product_tag","embeddable":true,"href":"https:\/\/www.domanija.lt\/en\/wp-json\/wp\/v2\/product_tag?post=4144"}],"curies":[{"name":"wp","href":"https:\/\/api.w.org\/{rel}","templated":true}]}}