{"id":1306,"date":"2021-10-28T09:52:59","date_gmt":"2021-10-28T06:52:59","guid":{"rendered":"https:\/\/www.domanija.lt\/?post_type=product&#038;p=1306"},"modified":"2026-04-21T12:11:28","modified_gmt":"2026-04-21T09:11:28","slug":"carparfum-kvapo-papildymas","status":"publish","type":"product","link":"https:\/\/www.domanija.lt\/en\/product\/carparfum-kvapo-papildymas\/","title":{"rendered":"Dr. Vranjes Firenze Carparfum refill"},"content":{"rendered":"<p class=\"translation-block\"><strong>DESCRIPTION<\/strong><br>\nCarpafum is a refillable car air freshener:<br>The refill copartent is specifically designed to be easily replaced upon consumption.\n<br>The scented refills are also sold separately, allowing you to choose a different fragrance refill while preserving the same Carparfum.\nCarparfum is available in three exclusive color finishes using six of the most popular Dr. Vranjes fragrances in the world.<\/p>\n<p><strong>CATEGORY<\/strong><br \/>\nCar parfum<\/p>","protected":false},"excerpt":{"rendered":"<p><span style=\"font-weight: 400;\">Our scented refills are perfect for making every car trip a unique and memorable olfactory experience.<\/span><\/p>\n<p><span style=\"font-weight: 400;\">Our scented refills are perfect for making every car trip a unique and memorable olfactory experience.\nYou have the possibility of choosing between a wide variety of scents which include: persuasive character of Rosa Tabacco, the elegant notes of Ambra, the sparkling notes of Ginger Lime, the woody notes of Milano and Oud Nobile, the floral notes of Peonia Black Jasmine and the sweet and fruity notes of Rosso Nobile.<\/span><\/p>","protected":false},"featured_media":1314,"template":"","meta":{"_seopress_robots_primary_cat":"none","_seopress_titles_title":"Dr. Vranjes Firenze Carparfum kvapo papildymas","_seopress_titles_desc":"Dr. Vranjes Firenze automobilio kvapo papildymai idealiai tinka tam, kad kiekviena kelion\u0117 tapt\u0173 nepakartojama ir \u012fsimintina uosl\u0117s patirtimi.","_seopress_robots_index":"","ocean_post_layout":"","ocean_both_sidebars_style":"","ocean_both_sidebars_content_width":0,"ocean_both_sidebars_sidebars_width":0,"ocean_sidebar":"0","ocean_second_sidebar":"0","ocean_disable_margins":"enable","ocean_add_body_class":"","ocean_shortcode_before_top_bar":"","ocean_shortcode_after_top_bar":"","ocean_shortcode_before_header":"","ocean_shortcode_after_header":"","ocean_has_shortcode":"","ocean_shortcode_after_title":"","ocean_shortcode_before_footer_widgets":"","ocean_shortcode_after_footer_widgets":"","ocean_shortcode_before_footer_bottom":"","ocean_shortcode_after_footer_bottom":"","ocean_display_top_bar":"default","ocean_display_header":"default","ocean_header_style":"","ocean_center_header_left_menu":"0","ocean_custom_header_template":"0","ocean_custom_logo":0,"ocean_custom_retina_logo":0,"ocean_custom_logo_max_width":0,"ocean_custom_logo_tablet_max_width":0,"ocean_custom_logo_mobile_max_width":0,"ocean_custom_logo_max_height":0,"ocean_custom_logo_tablet_max_height":0,"ocean_custom_logo_mobile_max_height":0,"ocean_header_custom_menu":"0","ocean_menu_typo_font_family":"0","ocean_menu_typo_font_subset":"","ocean_menu_typo_font_size":0,"ocean_menu_typo_font_size_tablet":0,"ocean_menu_typo_font_size_mobile":0,"ocean_menu_typo_font_size_unit":"px","ocean_menu_typo_font_weight":"","ocean_menu_typo_font_weight_tablet":"","ocean_menu_typo_font_weight_mobile":"","ocean_menu_typo_transform":"","ocean_menu_typo_transform_tablet":"","ocean_menu_typo_transform_mobile":"","ocean_menu_typo_line_height":0,"ocean_menu_typo_line_height_tablet":0,"ocean_menu_typo_line_height_mobile":0,"ocean_menu_typo_line_height_unit":"","ocean_menu_typo_spacing":0,"ocean_menu_typo_spacing_tablet":0,"ocean_menu_typo_spacing_mobile":0,"ocean_menu_typo_spacing_unit":"","ocean_menu_link_color":"","ocean_menu_link_color_hover":"","ocean_menu_link_color_active":"","ocean_menu_link_background":"","ocean_menu_link_hover_background":"","ocean_menu_link_active_background":"","ocean_menu_social_links_bg":"","ocean_menu_social_hover_links_bg":"","ocean_menu_social_links_color":"","ocean_menu_social_hover_links_color":"","ocean_disable_title":"on","ocean_disable_heading":"default","ocean_post_title":"","ocean_post_subheading":"","ocean_post_title_style":"","ocean_post_title_background_color":"","ocean_post_title_background":0,"ocean_post_title_bg_image_position":"","ocean_post_title_bg_image_attachment":"","ocean_post_title_bg_image_repeat":"","ocean_post_title_bg_image_size":"","ocean_post_title_height":0,"ocean_post_title_bg_overlay":0.5,"ocean_post_title_bg_overlay_color":"","ocean_disable_breadcrumbs":"off","ocean_breadcrumbs_color":"","ocean_breadcrumbs_separator_color":"","ocean_breadcrumbs_links_color":"","ocean_breadcrumbs_links_hover_color":"","ocean_display_footer_widgets":"default","ocean_display_footer_bottom":"default","ocean_custom_footer_template":"0"},"product_brand":[],"product_cat":[30],"product_tag":[],"class_list":{"0":"post-1306","1":"product","2":"type-product","3":"status-publish","4":"has-post-thumbnail","6":"product_cat-kvapai-automobiliams","8":"entry","9":"has-media","11":"first","12":"instock","13":"taxable","14":"shipping-taxable","15":"purchasable","16":"product-type-variable","17":"has-product-nav","18":"col","19":"span_1_of_3","20":"owp-content-center","21":"owp-thumbs-layout-horizontal","22":"owp-btn-big","23":"owp-tabs-layout-horizontal"},"_links":{"self":[{"href":"https:\/\/www.domanija.lt\/en\/wp-json\/wp\/v2\/product\/1306","targetHints":{"allow":["GET"]}}],"collection":[{"href":"https:\/\/www.domanija.lt\/en\/wp-json\/wp\/v2\/product"}],"about":[{"href":"https:\/\/www.domanija.lt\/en\/wp-json\/wp\/v2\/types\/product"}],"wp:featuredmedia":[{"embeddable":true,"href":"https:\/\/www.domanija.lt\/en\/wp-json\/wp\/v2\/media\/1314"}],"wp:attachment":[{"href":"https:\/\/www.domanija.lt\/en\/wp-json\/wp\/v2\/media?parent=1306"}],"wp:term":[{"taxonomy":"product_brand","embeddable":true,"href":"https:\/\/www.domanija.lt\/en\/wp-json\/wp\/v2\/product_brand?post=1306"},{"taxonomy":"product_cat","embeddable":true,"href":"https:\/\/www.domanija.lt\/en\/wp-json\/wp\/v2\/product_cat?post=1306"},{"taxonomy":"product_tag","embeddable":true,"href":"https:\/\/www.domanija.lt\/en\/wp-json\/wp\/v2\/product_tag?post=1306"}],"curies":[{"name":"wp","href":"https:\/\/api.w.org\/{rel}","templated":true}]}}