{"id":50,"date":"2021-06-07T15:47:57","date_gmt":"2021-06-07T12:47:57","guid":{"rendered":"https:\/\/www.domanija.lt\/?page_id=50"},"modified":"2025-06-01T23:11:20","modified_gmt":"2025-06-01T20:11:20","slug":"apie","status":"publish","type":"page","link":"https:\/\/www.domanija.lt\/en\/apie\/","title":{"rendered":"Apie"},"content":{"rendered":"<div data-elementor-type=\"wp-page\" data-elementor-id=\"50\" class=\"elementor elementor-50\" data-elementor-post-type=\"page\">\n\t\t\t\t\t\t<section class=\"elementor-section elementor-top-section elementor-element elementor-element-0f7761b elementor-section-boxed elementor-section-height-default elementor-section-height-default\" data-id=\"0f7761b\" data-element_type=\"section\">\n\t\t\t\t\t\t<div class=\"elementor-container elementor-column-gap-default\">\n\t\t\t\t\t<div class=\"elementor-column elementor-col-50 elementor-top-column elementor-element elementor-element-311899a\" data-id=\"311899a\" data-element_type=\"column\">\n\t\t\t<div class=\"elementor-widget-wrap elementor-element-populated\">\n\t\t\t\t\t\t<div class=\"elementor-element elementor-element-802cbdb elementor-widget elementor-widget-heading\" data-id=\"802cbdb\" data-element_type=\"widget\" data-widget_type=\"heading.default\">\n\t\t\t\t<div class=\"elementor-widget-container\">\n\t\t\t\t\t<h1 class=\"elementor-heading-title elementor-size-default\">ABOUT US<\/h1>\t\t\t\t<\/div>\n\t\t\t\t<\/div>\n\t\t\t\t<div class=\"elementor-element elementor-element-bfffb4f elementor-widget elementor-widget-text-editor\" data-id=\"bfffb4f\" data-element_type=\"widget\" data-widget_type=\"text-editor.default\">\n\t\t\t\t<div class=\"elementor-widget-container\">\n\t\t\t\t\t\t\t\t\t<p>All homes are meant to live in them, and the living itself is an art, improving, dreaming and searching for new details every day. <span style=\"font-size: 16px; color: var( --e-global-color-text );\">Then we often remember our seen pleasant views, sounds we heard, scents we smelled. By combining all these senses into one aggregate we try to create our life-style, pleasant for our body as well as our soul. This choice endorses us with the knowledge about our surrounding beauty that is independent to time. Only our imagination chooses new styles and things that later live on in our homes.<\/span><\/p><p>This choice gives us an understanding of the beauty of the environment around us that is timeless. Only our imagination chooses ever new styles and things that later live together in our homes. We strive for elegance - concepts that belong to every epoch. Overwhelmed by ancient traditions and mysteries, filled with carefully selected details and temptations inspired by the experience of generations, the breath of old streets or nature.<\/p><p class=\"translation-block\">The same old elegance, adapted to modern tastes or <br> technology processed, refined and looks at life with completely different eyes. But we are always looking for quality and originality, <br> a recurrence of traditions or something contemporary.<\/p><p>Domanija \u2013 creating homes of tomorrow with passion.\u00a0<\/p>\t\t\t\t\t\t\t\t<\/div>\n\t\t\t\t<\/div>\n\t\t\t\t\t<\/div>\n\t\t<\/div>\n\t\t\t\t<div class=\"elementor-column elementor-col-50 elementor-top-column elementor-element elementor-element-a4e1b57\" data-id=\"a4e1b57\" data-element_type=\"column\">\n\t\t\t<div class=\"elementor-widget-wrap elementor-element-populated\">\n\t\t\t\t\t\t<div class=\"elementor-element elementor-element-e4ab6af elementor-widget__width-initial elementor-widget-tablet__width-inherit elementor-widget elementor-widget-image\" data-id=\"e4ab6af\" data-element_type=\"widget\" data-widget_type=\"image.default\">\n\t\t\t\t<div class=\"elementor-widget-container\">\n\t\t\t\t\t\t\t\t\t\t\t\t\t\t\t<img fetchpriority=\"high\" decoding=\"async\" width=\"1707\" height=\"2560\" src=\"https:\/\/www.domanija.lt\/wp-content\/uploads\/015-domanija-240521-DOA08328-scaled.jpg\" class=\"attachment-full size-full wp-image-7327\" alt=\"Domanija interjero salonas Dr. Vranjes Firenze namu kvapai\" srcset=\"https:\/\/www.domanija.lt\/wp-content\/uploads\/015-domanija-240521-DOA08328-scaled.jpg 1707w, https:\/\/www.domanija.lt\/wp-content\/uploads\/015-domanija-240521-DOA08328-600x900.jpg 600w, https:\/\/www.domanija.lt\/wp-content\/uploads\/015-domanija-240521-DOA08328-800x1200.jpg 800w, https:\/\/www.domanija.lt\/wp-content\/uploads\/015-domanija-240521-DOA08328-768x1152.jpg 768w, https:\/\/www.domanija.lt\/wp-content\/uploads\/015-domanija-240521-DOA08328-1024x1536.jpg 1024w, https:\/\/www.domanija.lt\/wp-content\/uploads\/015-domanija-240521-DOA08328-1365x2048.jpg 1365w, https:\/\/www.domanija.lt\/wp-content\/uploads\/015-domanija-240521-DOA08328-8x12.jpg 8w, https:\/\/www.domanija.lt\/wp-content\/uploads\/015-domanija-240521-DOA08328-900x1350.jpg 900w, https:\/\/www.domanija.lt\/wp-content\/uploads\/015-domanija-240521-DOA08328-64x96.jpg 64w\" sizes=\"(max-width: 1707px) 100vw, 1707px\" \/>\t\t\t\t\t\t\t\t\t\t\t\t\t\t\t<\/div>\n\t\t\t\t<\/div>\n\t\t\t\t<div class=\"elementor-element elementor-element-5212092 elementor-widget__width-initial elementor-widget-tablet__width-inherit elementor-widget elementor-widget-image\" data-id=\"5212092\" data-element_type=\"widget\" data-widget_type=\"image.default\">\n\t\t\t\t<div class=\"elementor-widget-container\">\n\t\t\t\t\t\t\t\t\t\t\t\t\t\t\t<img decoding=\"async\" width=\"2560\" height=\"1707\" src=\"https:\/\/www.domanija.lt\/wp-content\/uploads\/008-domanija-240521-DOA08274-scaled.jpg\" class=\"attachment-full size-full wp-image-7326\" alt=\"Domanija interjero salonas Liepu g 30\" srcset=\"https:\/\/www.domanija.lt\/wp-content\/uploads\/008-domanija-240521-DOA08274-scaled.jpg 2560w, https:\/\/www.domanija.lt\/wp-content\/uploads\/008-domanija-240521-DOA08274-900x600.jpg 900w, https:\/\/www.domanija.lt\/wp-content\/uploads\/008-domanija-240521-DOA08274-1200x800.jpg 1200w, https:\/\/www.domanija.lt\/wp-content\/uploads\/008-domanija-240521-DOA08274-768x512.jpg 768w, https:\/\/www.domanija.lt\/wp-content\/uploads\/008-domanija-240521-DOA08274-1536x1024.jpg 1536w, https:\/\/www.domanija.lt\/wp-content\/uploads\/008-domanija-240521-DOA08274-2048x1365.jpg 2048w, https:\/\/www.domanija.lt\/wp-content\/uploads\/008-domanija-240521-DOA08274-18x12.jpg 18w, https:\/\/www.domanija.lt\/wp-content\/uploads\/008-domanija-240521-DOA08274-64x43.jpg 64w\" sizes=\"(max-width: 2560px) 100vw, 2560px\" \/>\t\t\t\t\t\t\t\t\t\t\t\t\t\t\t<\/div>\n\t\t\t\t<\/div>\n\t\t\t\t\t<\/div>\n\t\t<\/div>\n\t\t\t\t\t<\/div>\n\t\t<\/section>\n\t\t\t\t<\/div>","protected":false},"excerpt":{"rendered":"<p>APIE MUS Visi namai sukurti tam, kad juose gyventi, o gyventi juose \u2013 tai irgi menas, kiekvien\u0105 dien\u0105 tobulinant, svajojant, ie\u0161kant nauj\u0173 detali\u0173. Tada da\u017enai prisimename matytus malonius vaizdus, gird\u0117tus garsus, u\u017euostus kvapus. Sudedame visa tai \u012f vien\u0105 visum\u0105 ir stengiam\u0117s sukurti savo gyvenimo b\u016bd\u0105 &#8211; tok\u012f, kad gyventi b\u016bt\u0173 patogu ir k\u016bnui, ir sielai. [&hellip;]<\/p>","protected":false},"author":2,"featured_media":0,"parent":0,"menu_order":0,"comment_status":"closed","ping_status":"closed","template":"elementor_header_footer","meta":{"_seopress_robots_primary_cat":"","_seopress_titles_title":"Apie mus - Domanija","_seopress_titles_desc":"","_seopress_robots_index":"","ocean_post_layout":"","ocean_both_sidebars_style":"","ocean_both_sidebars_content_width":0,"ocean_both_sidebars_sidebars_width":0,"ocean_sidebar":"0","ocean_second_sidebar":"0","ocean_disable_margins":"enable","ocean_add_body_class":"","ocean_shortcode_before_top_bar":"","ocean_shortcode_after_top_bar":"","ocean_shortcode_before_header":"","ocean_shortcode_after_header":"","ocean_has_shortcode":"","ocean_shortcode_after_title":"","ocean_shortcode_before_footer_widgets":"","ocean_shortcode_after_footer_widgets":"","ocean_shortcode_before_footer_bottom":"","ocean_shortcode_after_footer_bottom":"","ocean_display_top_bar":"default","ocean_display_header":"default","ocean_header_style":"","ocean_center_header_left_menu":"0","ocean_custom_header_template":"0","ocean_custom_logo":0,"ocean_custom_retina_logo":0,"ocean_custom_logo_max_width":0,"ocean_custom_logo_tablet_max_width":0,"ocean_custom_logo_mobile_max_width":0,"ocean_custom_logo_max_height":0,"ocean_custom_logo_tablet_max_height":0,"ocean_custom_logo_mobile_max_height":0,"ocean_header_custom_menu":"0","ocean_menu_typo_font_family":"0","ocean_menu_typo_font_subset":"","ocean_menu_typo_font_size":0,"ocean_menu_typo_font_size_tablet":0,"ocean_menu_typo_font_size_mobile":0,"ocean_menu_typo_font_size_unit":"px","ocean_menu_typo_font_weight":"","ocean_menu_typo_font_weight_tablet":"","ocean_menu_typo_font_weight_mobile":"","ocean_menu_typo_transform":"","ocean_menu_typo_transform_tablet":"","ocean_menu_typo_transform_mobile":"","ocean_menu_typo_line_height":0,"ocean_menu_typo_line_height_tablet":0,"ocean_menu_typo_line_height_mobile":0,"ocean_menu_typo_line_height_unit":"","ocean_menu_typo_spacing":0,"ocean_menu_typo_spacing_tablet":0,"ocean_menu_typo_spacing_mobile":0,"ocean_menu_typo_spacing_unit":"","ocean_menu_link_color":"","ocean_menu_link_color_hover":"","ocean_menu_link_color_active":"","ocean_menu_link_background":"","ocean_menu_link_hover_background":"","ocean_menu_link_active_background":"","ocean_menu_social_links_bg":"","ocean_menu_social_hover_links_bg":"","ocean_menu_social_links_color":"","ocean_menu_social_hover_links_color":"","ocean_disable_title":"on","ocean_disable_heading":"default","ocean_post_title":"","ocean_post_subheading":"","ocean_post_title_style":"","ocean_post_title_background_color":"","ocean_post_title_background":0,"ocean_post_title_bg_image_position":"","ocean_post_title_bg_image_attachment":"","ocean_post_title_bg_image_repeat":"","ocean_post_title_bg_image_size":"","ocean_post_title_height":0,"ocean_post_title_bg_overlay":0.5,"ocean_post_title_bg_overlay_color":"","ocean_disable_breadcrumbs":"off","ocean_breadcrumbs_color":"","ocean_breadcrumbs_separator_color":"","ocean_breadcrumbs_links_color":"","ocean_breadcrumbs_links_hover_color":"","ocean_display_footer_widgets":"default","ocean_display_footer_bottom":"default","ocean_custom_footer_template":"0","footnotes":""},"class_list":["post-50","page","type-page","status-publish","hentry","entry","owp-thumbs-layout-horizontal","owp-btn-big","owp-tabs-layout-horizontal","has-no-thumbnails","has-product-nav"],"_links":{"self":[{"href":"https:\/\/www.domanija.lt\/en\/wp-json\/wp\/v2\/pages\/50","targetHints":{"allow":["GET"]}}],"collection":[{"href":"https:\/\/www.domanija.lt\/en\/wp-json\/wp\/v2\/pages"}],"about":[{"href":"https:\/\/www.domanija.lt\/en\/wp-json\/wp\/v2\/types\/page"}],"author":[{"embeddable":true,"href":"https:\/\/www.domanija.lt\/en\/wp-json\/wp\/v2\/users\/2"}],"replies":[{"embeddable":true,"href":"https:\/\/www.domanija.lt\/en\/wp-json\/wp\/v2\/comments?post=50"}],"version-history":[{"count":9,"href":"https:\/\/www.domanija.lt\/en\/wp-json\/wp\/v2\/pages\/50\/revisions"}],"predecessor-version":[{"id":7336,"href":"https:\/\/www.domanija.lt\/en\/wp-json\/wp\/v2\/pages\/50\/revisions\/7336"}],"wp:attachment":[{"href":"https:\/\/www.domanija.lt\/en\/wp-json\/wp\/v2\/media?parent=50"}],"curies":[{"name":"wp","href":"https:\/\/api.w.org\/{rel}","templated":true}]}}