{"id":1772,"date":"2021-11-29T18:32:13","date_gmt":"2021-11-29T15:32:13","guid":{"rendered":"https:\/\/www.domanija.lt\/?page_id=1772"},"modified":"2022-04-06T13:46:36","modified_gmt":"2022-04-06T10:46:36","slug":"privatumo-politika","status":"publish","type":"page","link":"https:\/\/www.domanija.lt\/en\/privatumo-politika\/","title":{"rendered":"Privacy policy"},"content":{"rendered":"<div data-elementor-type=\"wp-page\" data-elementor-id=\"1772\" class=\"elementor elementor-1772\" data-elementor-post-type=\"page\">\n\t\t\t\t\t\t<section class=\"elementor-section elementor-top-section elementor-element elementor-element-c25893c elementor-section-boxed elementor-section-height-default elementor-section-height-default\" data-id=\"c25893c\" data-element_type=\"section\">\n\t\t\t\t\t\t<div class=\"elementor-container elementor-column-gap-default\">\n\t\t\t\t\t<div class=\"elementor-column elementor-col-100 elementor-top-column elementor-element elementor-element-b0ef76f\" data-id=\"b0ef76f\" data-element_type=\"column\">\n\t\t\t<div class=\"elementor-widget-wrap elementor-element-populated\">\n\t\t\t\t\t\t<div class=\"elementor-element elementor-element-20034b6 elementor-widget elementor-widget-text-editor\" data-id=\"20034b6\" data-element_type=\"widget\" data-widget_type=\"text-editor.default\">\n\t\t\t\t<div class=\"elementor-widget-container\">\n\t\t\t\t\t<style>.elementor-element-20034b6{display:none !important}<\/style>\t\t\t\t<\/div>\n\t\t\t\t<\/div>\n\t\t\t\t<div class=\"elementor-element elementor-element-2e02bc9 elementor-widget elementor-widget-text-editor\" data-id=\"2e02bc9\" data-element_type=\"widget\" data-widget_type=\"text-editor.default\">\n\t\t\t\t<div class=\"elementor-widget-container\">\n\t\t\t\t\t\t\t\t\t<h1><b>PRIVACY POLICY:<\/b><\/h1><ul><li aria-level=\"1\"><b>BASIC CONCEPTS<\/b><\/li><\/ul><ol><li style=\"list-style-type: none;\"><ol><li style=\"font-weight: 400;\" aria-level=\"2\"><span style=\"font-weight: 400;\">Services &#8211; all services provided by the Personal Data Controller.<\/span><\/li><li style=\"font-weight: 400;\" aria-level=\"2\"><span style=\"font-weight: 400;\">The controller of personal data is UAB Domanija, company code 302247760.<\/span><\/li><li style=\"font-weight: 400;\" aria-level=\"2\"><span style=\"font-weight: 400;\">Administrator &#8211; an authorized person of UAB Domanija.<\/span><\/li><li style=\"font-weight: 400;\" aria-level=\"2\"><span style=\"font-weight: 400;\">Customer &#8211; the customer of the personal data controller, the data subject, the buyer &#8211; a natural person, the website and e. shop visitor.<\/span><\/li><li style=\"font-weight: 400;\" aria-level=\"2\"><span style=\"font-weight: 400;\">E-shop &#8211; e-shop of the personal data controller at www.domanija.lt<\/span><\/li><li style=\"font-weight: 400;\" aria-level=\"2\"><span style=\"font-weight: 400;\">Personal data &#8211; any information relating to a natural person &#8211; A data subject whose identity is known or can be established, directly or indirectly, by means of personal data, one or more personal, physical, physiological, economic, cultural or social media.<\/span><\/li><li style=\"font-weight: 400;\" aria-level=\"2\"><span style=\"font-weight: 400;\">Processing of personal data means any operation carried out on personal data: collection, recording, storage, storage, classification, grouping, aggregation, modification (addition or correction), provision, publication, use, logical and \/ or arithmetic operations, retrieval, dissemination , destruction or other action or set of actions.<\/span><\/li><li style=\"font-weight: 400;\" aria-level=\"2\"><span style=\"font-weight: 400;\">Partner &#8211; a legal entity that provides services to the Personal Data Controller related to the activities performed by the Personal Data Controller or sells goods to it, or carries out joint projects with the Personal Data Controller, including but not limited to marketing campaigns, joint sales campaigns, loyalty programs, etc. ., in the media, websites, e-shop, retail stores, retail chains, etc.<\/span><\/li><li style=\"font-weight: 400;\" aria-level=\"2\"><span style=\"font-weight: 400;\">A cookie is a small piece of textual information that is automatically generated when you browse a website and is stored on a visitor&#8217;s computer or other device.<\/span><\/li><li style=\"font-weight: 400;\" aria-level=\"2\"><span style=\"font-weight: 400;\">Direct marketing is the activity of offering goods and services to individuals and \/ or seeking their opinion on the goods or services offered by e-mail, telephone or other means.<\/span><\/li><li style=\"font-weight: 400;\" aria-level=\"2\"><span style=\"font-weight: 400;\">Privacy Policy &#8211; this document sets out the principles and rules for the processing of personal data when using the services of the E. Store.<\/span><\/li><\/ol><\/li><\/ol><ol start=\"2\"><li><b> GENERAL PROVISIONS<\/b><\/li><\/ol><p><span style=\"font-weight: 400;\">2.1. The Customer grants the Personal Data Controller the right to perform all personal data processing activities to the extent and for the purposes provided for in this Privacy Policy.\u00a0<\/span><\/p><p><span style=\"font-weight: 400;\">2.2. Personal data is processed in accordance with the Law on the Legal Protection of Personal Data of the Republic of Lithuania and other legal acts regulating the processing and protection of personal data, as well as this Privacy Policy.<\/span><\/p><p><span style=\"font-weight: 400;\">2.3. The controller of personal data processes personal data in accordance with the following principles:\u00a0<\/span><\/p><p><span style=\"font-weight: 400;\">2.3.1. Personal data is collected for defined and legitimate purposes;<\/span><\/p><p><span style=\"font-weight: 400;\">\u00a02.3.2. Personal data is processed accurately, fairly and lawfully;\u00a0<\/span><\/p><p><span style=\"font-weight: 400;\">2.3.3. Personal data shall be adequate and limited to what is necessary for their collection and further processing;\u00a0<\/span><\/p><p><span style=\"font-weight: 400;\">2.3.4. Personal data is constantly updated;\u00a0<\/span><\/p><p><span style=\"font-weight: 400;\">2.3.5. All information about Personal Data is confidential;\u00a0<\/span><\/p><p><span style=\"font-weight: 400;\">2.3.6. Customer&#8217;s Personal Data and Personal Information will not be used for illegal purposes.<\/span><\/p><p><span style=\"font-weight: 400;\">\u00a02.3.7. Personal data shall be kept in a form which permits identification of data subjects for no longer than is necessary for the purposes for which the data were collected and for which they are processed.<\/span><\/p><p><span style=\"font-weight: 400;\">\u00a02.4. The Customer is deemed to have read and agree to the current version of the Privacy Policy when purchasing in the Online Store. If the Customer does not agree with any part of the Privacy Policy or the Privacy Policy, then the Customer must not place an order and do not purchase the goods in the Electronic Store.\u00a0<\/span><\/p><p dir=\"ltr\" style=\"line-height: 1.3800000000000001; margin-top: 0pt; margin-bottom: 10pt;\">\u00a0<\/p><ol start=\"3\"><li><b> COLLECTION, USE, CORRECTION AND STORAGE OF PERSONAL DATA\u00a0<\/b><\/li><\/ol><p><span style=\"font-weight: 400;\">3.1. The controller respects each Customer&#8217;s right to privacy. Customer&#8217;s Personal data (ie name, surname, e-mail address, telephone number, delivery address of the product \/ service, age \/ year of birth, payment details of the product \/ service (bank account number, method of payment, etc.), purchase history, etc. also, with the Customer\u2019s consent, age, gender, date of birth, place of residence) are collected and processed for the following purposes:<\/span><\/p><p><span style=\"font-weight: 400;\">\u00a03.1.1. For the purpose of e &#8211; commerce. The following personal data is processed: name, surname, e-mail address, telephone number, delivery address of the product \/ service, address, payment data of the product \/ service. The storage period of personal data used for the purpose of e-commerce is 5 (five) years from the last order.\u00a0<\/span><\/p><p><span style=\"font-weight: 400;\">3.1.2. For direct marketing purposes. The following personal data is processed: name, surname, telephone number, e-mail address, address, age, gender, date of birth, place of residence. The storage period of personal data used for the purpose of Direct Marketing is 5 (five) years from the last order.\u00a0<\/span><\/p><p><span style=\"font-weight: 400;\"><br \/><\/span><span style=\"font-weight: 400;\">3.2. The Customer may consent to the processing of his \/ her Personal Data (name, surname, telephone number, e-mail address, address, age, gender, date of birth, place of residence) for the purpose of Direct Marketing. If, after consenting to the processing of his \/ her data for the purpose of Direct Marketing, as well as receiving Direct Marketing Notices, the Customer no longer considers it and informs the Data Controller, the Data Controller will no longer process his \/ her Personal Data for the purpose of Direct Marketing and send any electronic news to the Customer. relevant information. 3.3. The Customer has the right to revoke his consent to the Personal Data Controller to process the Customer&#8217;s Personal Data for the purpose of Direct Marketing at any time by submitting a relevant notice to the Personal Data Controller by e-mail info@domanija.lt with a request not to use his Personal Data for the purpose of Direct Marketing.<\/span><\/p><p><span style=\"font-weight: 400;\">\u00a03.4. The Customer, as a Data Subject, has the following rights related to the processing of the Customer&#8217;s Personal Data:\u00a0<\/span><\/p><p><span style=\"font-weight: 400;\">3.4.1. to receive information from the Personal Data Controller about the processing of the Customer&#8217;s Personal Data, to get acquainted with his \/ her Personal Data and how they are processed;\u00a0<\/span><\/p><p><span style=\"font-weight: 400;\">3.4.2. to receive information from the Personal Data Controller from which sources and which personal data of the Customer have been collected, for what purpose they are processed, to which data recipients they have been provided and have been provided at least during the last 1 (one) year; 3.4.3. to demand the rectification, destruction of the Customer&#8217;s Personal Data or the suspension, except for storage, of the processing of its Personal Data when the Personal Data is processed in violation of the provisions of the Law on Legal Protection of Personal Data of the Republic of Lithuania and other laws.<\/span><\/p><p><span style=\"font-weight: 400;\">\u00a03.5. In order to exercise his rights, the Customer must present a passport, identity card or driver&#8217;s license. The controller of personal data shall provide the Data Subject with information on the processing of the Personal Data of the Data Subject once a year free of charge. The Client may exercise his rights provided for in Clause 3.4 by contacting info@domanija.lt by e-mail.\u00a0<\/span><\/p><p><span style=\"font-weight: 400;\">3.7. The Customer&#8217;s Personal Data is not provided to third parties, except in the following cases: 3.7.1. With Customer&#8217;s consent, as set forth in this Privacy Policy;\u00a0<\/span><\/p><p><span style=\"font-weight: 400;\">3.7.2. In cases provided for by the laws and legal acts of the Republic of Lithuania, at the request of the competent authorities.\u00a0<\/span><\/p><p><span style=\"font-weight: 400;\">3.7.3. Personal data for the purposes of e-commerce is provided to Partners providing services to the Personal Data Controller related to the activities performed by the Personal Data Controller;<\/span><\/p><p><span style=\"font-weight: 400;\">\u00a03.7.3.1 Payments are processed in the e-shop using the Paysera.lt platform, the manager of which is Paysera LT, UAB (Pilait\u0117s ave. 16, Vilnius 04352, Lithuania, reg. No .: 300060819), therefore your personal information required for payment execution and confirmation will be transmitted to Paysera LT.\u00a0<\/span><\/p><p><span style=\"font-weight: 400;\">3.7.3.2 Delivery of goods in the e-shop is performed using DPD courier services. The Customer&#8217;s Personal Data may be transferred to courier services in order to fulfill the order placed by the Customer and deliver the goods.\u00a0<\/span><\/p><p><span style=\"font-weight: 400;\">3.8. The Customer is aware of his right to object to the processing of his Personal Data for the purpose of Direct Marketing, i. The customer has the right to express disagreement immediately.\u00a0<\/span><\/p><p><span style=\"font-weight: 400;\">3.9. The Customer agrees that his \/ her Personal Data will be transferred to the Partners by fulfilling the Customer&#8217;s order submitted in the E-Shop, as well as by providing the Services to the Customer by the Personal Data Controller.\u00a0<\/span><\/p><p><span style=\"font-weight: 400;\">3.10. The controller of personal data shall implement organizational and technical measures to protect the personal data from accidental or unlawful destruction, alteration, disclosure, as well as from any other unlawful processing.\u00a0<\/span><\/p><p><span style=\"font-weight: 400;\">3.11. The Client agrees that in cases where it is necessary according to the instructions of the competent authorities and \/ or the Client&#8217;s Personal Data may have been used for illegal activities, or there are reasonable suspicions of identity theft, which are subject to pre-trial investigation by the competent law enforcement authorities, or other legitimate grounds. or purposes, its Personal Data will be stored on the Personal Data Controller&#8217;s servers for longer than specified in this Privacy Policy. 3.12. Upon receipt of the Data Subject&#8217;s instruction or request related to the processing of Personal Data, the Personal Data Controller must provide the Customer with a response, satisfying the request \/ instruction or refusing to do so, no later than within 30 (thirty) calendar days from the Data Subject&#8217;s request. If the Data Subject so requests, the response must be provided in writing. <\/span><span style=\"font-weight: 400;\"><br \/><\/span><span style=\"font-weight: 400;\">3.13. In order for the Personal Data Controller to offer full services to the Customer in the E-Shop, the information on the Customer&#8217;s computer is stored with the consent of the Customer. shopping cart. The Customer may at any time review which Cookies are being stored and may delete some or all of the Cookies entered.\u00a0<\/span><\/p><p><span style=\"font-weight: 400;\">3.14. To learn more about cookies, such as how to manage or delete them, we suggest visiting www.allaboutcookies.org\u00a0<\/span><\/p><p dir=\"ltr\" style=\"line-height: 1.3800000000000001; margin-top: 0pt; margin-bottom: 10pt;\">\u00a0<\/p><p><b>OTHER PROVISIONS<\/b><\/p><p><span style=\"font-weight: 400;\">4.1. The controller of personal data has the right to change or supplement the &#8222;Privacy Policy&#8221; in full or in part. Additions or changes to the Privacy Policy take effect from the date of their publication.\u00a0<\/span><\/p><p><span style=\"font-weight: 400;\">4.2. If you have any questions regarding the privacy policy of the domanija.lt e-shop, you can contact: Info@domanija.lt\u00a0<\/span><\/p><p><span style=\"font-weight: 400;\">4.3. The Privacy Policy is available in the Online Store and can be printed out at any time. The Privacy Policy is subject to change, supplement or update at the discretion of the Data Controller. The new version of the Privacy Policy is published in the Online Store.<\/span><\/p>\t\t\t\t\t\t\t\t<\/div>\n\t\t\t\t<\/div>\n\t\t\t\t\t<\/div>\n\t\t<\/div>\n\t\t\t\t\t<\/div>\n\t\t<\/section>\n\t\t\t\t<\/div>","protected":false},"excerpt":{"rendered":"<p>PRIVATUMO POLITIKA 1. PAGRINDIN\u0116S S\u0104VOKOS Paslaugos \u2013 visos Asmens duomen\u0173 valdytojo teikiamos paslaugos.Asmens duomen\u0173 valdytojas \u2013 UAB \u201eDomanija\u201c, \u012fmon\u0117s kodas 302247760. Administratorius \u2013 \u012fgaliotas UAB \u201eDomanija\u201c asmuo. Klientas &#8211; Asmens duomen\u0173 valdytojo klientas, duomen\u0173 subjektas, pirk\u0117jas &#8211; fizinis asmuo,\u00a0 tinklalapio ir e. parduotuv\u0117s lankytojas. Elektronin\u0117 parduotuv\u0117 \u2013 Asmens duomen\u0173 valdytojo elektronin\u0117 parduotuv\u0117 adresu www.domanija.lt Asmens [&hellip;]<\/p>","protected":false},"author":2,"featured_media":0,"parent":0,"menu_order":0,"comment_status":"closed","ping_status":"closed","template":"elementor_header_footer","meta":{"_seopress_robots_primary_cat":"","_seopress_titles_title":"","_seopress_titles_desc":"","_seopress_robots_index":"","ocean_post_layout":"","ocean_both_sidebars_style":"","ocean_both_sidebars_content_width":0,"ocean_both_sidebars_sidebars_width":0,"ocean_sidebar":"0","ocean_second_sidebar":"0","ocean_disable_margins":"enable","ocean_add_body_class":"","ocean_shortcode_before_top_bar":"","ocean_shortcode_after_top_bar":"","ocean_shortcode_before_header":"","ocean_shortcode_after_header":"","ocean_has_shortcode":"","ocean_shortcode_after_title":"","ocean_shortcode_before_footer_widgets":"","ocean_shortcode_after_footer_widgets":"","ocean_shortcode_before_footer_bottom":"","ocean_shortcode_after_footer_bottom":"","ocean_display_top_bar":"default","ocean_display_header":"default","ocean_header_style":"","ocean_center_header_left_menu":"0","ocean_custom_header_template":"0","ocean_custom_logo":0,"ocean_custom_retina_logo":0,"ocean_custom_logo_max_width":0,"ocean_custom_logo_tablet_max_width":0,"ocean_custom_logo_mobile_max_width":0,"ocean_custom_logo_max_height":0,"ocean_custom_logo_tablet_max_height":0,"ocean_custom_logo_mobile_max_height":0,"ocean_header_custom_menu":"0","ocean_menu_typo_font_family":"0","ocean_menu_typo_font_subset":"","ocean_menu_typo_font_size":0,"ocean_menu_typo_font_size_tablet":0,"ocean_menu_typo_font_size_mobile":0,"ocean_menu_typo_font_size_unit":"px","ocean_menu_typo_font_weight":"","ocean_menu_typo_font_weight_tablet":"","ocean_menu_typo_font_weight_mobile":"","ocean_menu_typo_transform":"","ocean_menu_typo_transform_tablet":"","ocean_menu_typo_transform_mobile":"","ocean_menu_typo_line_height":0,"ocean_menu_typo_line_height_tablet":0,"ocean_menu_typo_line_height_mobile":0,"ocean_menu_typo_line_height_unit":"","ocean_menu_typo_spacing":0,"ocean_menu_typo_spacing_tablet":0,"ocean_menu_typo_spacing_mobile":0,"ocean_menu_typo_spacing_unit":"","ocean_menu_link_color":"","ocean_menu_link_color_hover":"","ocean_menu_link_color_active":"","ocean_menu_link_background":"","ocean_menu_link_hover_background":"","ocean_menu_link_active_background":"","ocean_menu_social_links_bg":"","ocean_menu_social_hover_links_bg":"","ocean_menu_social_links_color":"","ocean_menu_social_hover_links_color":"","ocean_disable_title":"on","ocean_disable_heading":"default","ocean_post_title":"","ocean_post_subheading":"","ocean_post_title_style":"","ocean_post_title_background_color":"","ocean_post_title_background":0,"ocean_post_title_bg_image_position":"","ocean_post_title_bg_image_attachment":"","ocean_post_title_bg_image_repeat":"","ocean_post_title_bg_image_size":"","ocean_post_title_height":0,"ocean_post_title_bg_overlay":0.5,"ocean_post_title_bg_overlay_color":"","ocean_disable_breadcrumbs":"off","ocean_breadcrumbs_color":"","ocean_breadcrumbs_separator_color":"","ocean_breadcrumbs_links_color":"","ocean_breadcrumbs_links_hover_color":"","ocean_display_footer_widgets":"default","ocean_display_footer_bottom":"default","ocean_custom_footer_template":"0","footnotes":""},"class_list":["post-1772","page","type-page","status-publish","hentry","entry","owp-thumbs-layout-horizontal","owp-btn-big","owp-tabs-layout-horizontal","has-no-thumbnails","has-product-nav"],"_links":{"self":[{"href":"https:\/\/www.domanija.lt\/en\/wp-json\/wp\/v2\/pages\/1772","targetHints":{"allow":["GET"]}}],"collection":[{"href":"https:\/\/www.domanija.lt\/en\/wp-json\/wp\/v2\/pages"}],"about":[{"href":"https:\/\/www.domanija.lt\/en\/wp-json\/wp\/v2\/types\/page"}],"author":[{"embeddable":true,"href":"https:\/\/www.domanija.lt\/en\/wp-json\/wp\/v2\/users\/2"}],"replies":[{"embeddable":true,"href":"https:\/\/www.domanija.lt\/en\/wp-json\/wp\/v2\/comments?post=1772"}],"version-history":[{"count":0,"href":"https:\/\/www.domanija.lt\/en\/wp-json\/wp\/v2\/pages\/1772\/revisions"}],"wp:attachment":[{"href":"https:\/\/www.domanija.lt\/en\/wp-json\/wp\/v2\/media?parent=1772"}],"curies":[{"name":"wp","href":"https:\/\/api.w.org\/{rel}","templated":true}]}}