{"id":1264,"date":"2021-09-27T15:21:07","date_gmt":"2021-09-27T12:21:07","guid":{"rendered":"https:\/\/www.domanija.lt\/?page_id=1264"},"modified":"2023-11-29T15:06:22","modified_gmt":"2023-11-29T12:06:22","slug":"kvapai-automobiliams","status":"publish","type":"page","link":"https:\/\/www.domanija.lt\/en\/kvapai-automobiliams\/","title":{"rendered":"Car parfum"},"content":{"rendered":"<div data-elementor-type=\"wp-page\" data-elementor-id=\"1264\" class=\"elementor elementor-1264\" data-elementor-post-type=\"page\">\n\t\t\t\t\t\t<section class=\"elementor-section elementor-top-section elementor-element elementor-element-0f7761b elementor-section-boxed elementor-section-height-default elementor-section-height-default\" data-id=\"0f7761b\" data-element_type=\"section\">\n\t\t\t\t\t\t<div class=\"elementor-container elementor-column-gap-default\">\n\t\t\t\t\t<div class=\"elementor-column elementor-col-100 elementor-top-column elementor-element elementor-element-311899a\" data-id=\"311899a\" data-element_type=\"column\">\n\t\t\t<div class=\"elementor-widget-wrap elementor-element-populated\">\n\t\t\t\t\t\t<div class=\"elementor-element elementor-element-802cbdb elementor-widget elementor-widget-heading\" data-id=\"802cbdb\" data-element_type=\"widget\" data-widget_type=\"heading.default\">\n\t\t\t\t<div class=\"elementor-widget-container\">\n\t\t\t\t\t<h1 class=\"elementor-heading-title elementor-size-default translation-block\">Dr. Vranjes Firenze<br>Carparfum<\/h1>\t\t\t\t<\/div>\n\t\t\t\t<\/div>\n\t\t\t\t<div class=\"elementor-element elementor-element-5b349c3 elementor-widget elementor-widget-spacer\" data-id=\"5b349c3\" data-element_type=\"widget\" data-widget_type=\"spacer.default\">\n\t\t\t\t<div class=\"elementor-widget-container\">\n\t\t\t\t\t\t\t<div class=\"elementor-spacer\">\n\t\t\t<div class=\"elementor-spacer-inner\"><\/div>\n\t\t<\/div>\n\t\t\t\t\t\t<\/div>\n\t\t\t\t<\/div>\n\t\t\t\t<div class=\"elementor-element elementor-element-4873747 elementor-widget elementor-widget-text-editor\" data-id=\"4873747\" data-element_type=\"widget\" data-widget_type=\"text-editor.default\">\n\t\t\t\t<div class=\"elementor-widget-container\">\n\t\t\t\t\t\t\t\t\t<p style=\"text-align: center;\"><span style=\"font-weight: 400;\">Carparfum is the latest Dr. Vranjes Firenze masterpiece. The creators united the three biggest passions: style, scents and cars.<br>The new car diffuser stands out with its modern and unique design, the shape of which was inspired by the architecture of the dome of Florence\u2019s Duomo. The refined carbon fiber finish of the diffuser only further emphasizes the beauty of your car. Attention to detail and careful selection of the best ingredients make this collection a unique and exclusive journey of the highest quality scents. Each scent is packaged in an elegant black box, so it can be a pleasant gift for your colleagues or loved ones.<\/span><\/p>\t\t\t\t\t\t\t\t<\/div>\n\t\t\t\t<\/div>\n\t\t\t\t<div class=\"elementor-element elementor-element-a522d0b elementor-grid-tablet-2 elementor-grid-mobile-2 elementor-grid-4 elementor-products-grid elementor-wc-products elementor-widget elementor-widget-woocommerce-products\" data-id=\"a522d0b\" data-element_type=\"widget\" data-widget_type=\"woocommerce-products.default\">\n\t\t\t\t<div class=\"elementor-widget-container\">\n\t\t\t\t\t<div class=\"woocommerce columns-4\"><span class=\"wpfHidden\" data-shortcode-attribute=\"{&quot;limit&quot;:&quot;-1&quot;,&quot;columns&quot;:4,&quot;rows&quot;:98,&quot;orderby&quot;:&quot;&quot;,&quot;order&quot;:&quot;&quot;,&quot;ids&quot;:&quot;&quot;,&quot;skus&quot;:&quot;&quot;,&quot;category&quot;:&quot;&quot;,&quot;cat_operator&quot;:&quot;IN&quot;,&quot;attribute&quot;:&quot;&quot;,&quot;terms&quot;:&quot;&quot;,&quot;terms_operator&quot;:&quot;IN&quot;,&quot;tag&quot;:&quot;&quot;,&quot;tag_operator&quot;:&quot;IN&quot;,&quot;visibility&quot;:&quot;visible&quot;,&quot;class&quot;:&quot;&quot;,&quot;page&quot;:1,&quot;paginate&quot;:&quot;&quot;,&quot;cache&quot;:false}\"><\/span>\r\n<ul class=\"products elementor-grid oceanwp-row clr grid\">\r\n<li class=\"entry has-media has-product-nav col span_1_of_4 owp-content-center owp-thumbs-layout-horizontal owp-btn-big owp-tabs-layout-horizontal product type-product post-1256 status-publish first instock product_cat-kvapai-automobiliams has-post-thumbnail taxable shipping-taxable purchasable product-type-variable\">\n\t<div class=\"product-inner clr\">\n\t<div class=\"woo-entry-image clr\">\n\t\t<a href=\"https:\/\/www.domanija.lt\/en\/product\/carparfum-carbon-fiber\/\" class=\"woocommerce-LoopProduct-link\"><img fetchpriority=\"high\" decoding=\"async\" width=\"900\" height=\"900\" src=\"https:\/\/www.domanija.lt\/wp-content\/uploads\/CRP01-01_Carparfum_Carbon_fiber_F-900x900.png\" class=\"woo-entry-image-main\" alt=\"Dr. Vranjes Firenze Carparfum dozatorius CARBON FIBER su papildymu\" itemprop=\"image\" srcset=\"https:\/\/www.domanija.lt\/wp-content\/uploads\/CRP01-01_Carparfum_Carbon_fiber_F-900x900.png 900w, https:\/\/www.domanija.lt\/wp-content\/uploads\/CRP01-01_Carparfum_Carbon_fiber_F-768x768.png 768w, https:\/\/www.domanija.lt\/wp-content\/uploads\/CRP01-01_Carparfum_Carbon_fiber_F-100x100.png 100w, https:\/\/www.domanija.lt\/wp-content\/uploads\/CRP01-01_Carparfum_Carbon_fiber_F.png 1024w\" sizes=\"(max-width: 900px) 100vw, 900px\" \/><\/a>\t<\/div><!-- .woo-entry-image -->\n\n\t<span class=\"gtm4wp_productdata\" style=\"display:none; visibility:hidden;\" data-gtm4wp_product_data=\"{&quot;internal_id&quot;:1256,&quot;item_id&quot;:1256,&quot;item_name&quot;:&quot;Dr. Vranjes Firenze Carparfum dozatorius CARBON FIBER su papildymu&quot;,&quot;sku&quot;:&quot;CRP01-01&quot;,&quot;price&quot;:56,&quot;stocklevel&quot;:10,&quot;stockstatus&quot;:&quot;instock&quot;,&quot;google_business_vertical&quot;:&quot;retail&quot;,&quot;item_category&quot;:&quot;Kvapai automobiliams&quot;,&quot;id&quot;:1256,&quot;productlink&quot;:&quot;https:\\\/\\\/www.domanija.lt\\\/en\\\/product\\\/carparfum-carbon-fiber\\\/&quot;,&quot;item_list_name&quot;:&quot;General Product List&quot;,&quot;index&quot;:1,&quot;product_type&quot;:&quot;variable&quot;,&quot;item_brand&quot;:&quot;&quot;}\"><\/span><ul class=\"woo-entry-inner clr\"><li class=\"image-wrap\">\n\t<div class=\"woo-entry-image clr\">\n\t\t<a href=\"https:\/\/www.domanija.lt\/en\/product\/carparfum-carbon-fiber\/\" class=\"woocommerce-LoopProduct-link\"><img fetchpriority=\"high\" decoding=\"async\" width=\"900\" height=\"900\" src=\"https:\/\/www.domanija.lt\/wp-content\/uploads\/CRP01-01_Carparfum_Carbon_fiber_F-900x900.png\" class=\"woo-entry-image-main\" alt=\"Dr. Vranjes Firenze Carparfum dozatorius CARBON FIBER su papildymu\" itemprop=\"image\" srcset=\"https:\/\/www.domanija.lt\/wp-content\/uploads\/CRP01-01_Carparfum_Carbon_fiber_F-900x900.png 900w, https:\/\/www.domanija.lt\/wp-content\/uploads\/CRP01-01_Carparfum_Carbon_fiber_F-768x768.png 768w, https:\/\/www.domanija.lt\/wp-content\/uploads\/CRP01-01_Carparfum_Carbon_fiber_F-100x100.png 100w, https:\/\/www.domanija.lt\/wp-content\/uploads\/CRP01-01_Carparfum_Carbon_fiber_F.png 1024w\" sizes=\"(max-width: 900px) 100vw, 900px\" \/><\/a>\t<\/div><!-- .woo-entry-image -->\n\n\t<\/li><li class=\"title\"><h2><a href=\"https:\/\/www.domanija.lt\/en\/product\/carparfum-carbon-fiber\/\">Dr. Vranjes Firenze CARBON FIBER Carparfum and refill<\/a><\/h2><\/li><li class=\"price-wrap\">\n\t<span class=\"price\"><span class=\"ayudawp-lowest-price\"><span class=\"woocommerce-Price-amount amount\"><bdi>56.00&nbsp;<span class=\"woocommerce-Price-currencySymbol\">&euro;<\/span><\/bdi><\/span><\/span><\/span>\n<\/li><li class=\"btn-wrap clr\"><a href=\"https:\/\/www.domanija.lt\/en\/product\/carparfum-carbon-fiber\/\" aria-describedby=\"woocommerce_loop_add_to_cart_link_describedby_1256\" data-quantity=\"1\" class=\"button product_type_variable add_to_cart_button\" data-product_id=\"1256\" data-product_sku=\"CRP01-01\" aria-label=\"SHOP NOW\" rel=\"nofollow\" data-no-translation=\"\" data-trp-gettext=\"\" data-no-translation-aria-label=\"\">SHOP NOW<\/a>\t<span id=\"woocommerce_loop_add_to_cart_link_describedby_1256\" class=\"screen-reader-text\">\n\t\tThis product has multiple variants. The options may be chosen on the product page\t<\/span>\n<\/li><\/ul><\/div><!-- .product-inner .clr --><\/li>\n<li class=\"entry has-media has-product-nav col span_1_of_4 owp-content-center owp-thumbs-layout-horizontal owp-btn-big owp-tabs-layout-horizontal product type-product post-1276 status-publish instock product_cat-kvapai-automobiliams has-post-thumbnail taxable shipping-taxable purchasable product-type-variable\">\n\t<div class=\"product-inner clr\">\n\t<div class=\"woo-entry-image clr\">\n\t\t<a href=\"https:\/\/www.domanija.lt\/en\/product\/carparfum-chrome\/\" class=\"woocommerce-LoopProduct-link\"><img decoding=\"async\" width=\"900\" height=\"900\" src=\"https:\/\/www.domanija.lt\/wp-content\/uploads\/CRP01-02_Carparfum_Chrome_F-900x900.png\" class=\"woo-entry-image-main\" alt=\"Dr. Vranjes Firenze Carparfum dozatorius CHROME su papildymu\" itemprop=\"image\" srcset=\"https:\/\/www.domanija.lt\/wp-content\/uploads\/CRP01-02_Carparfum_Chrome_F-900x900.png 900w, https:\/\/www.domanija.lt\/wp-content\/uploads\/CRP01-02_Carparfum_Chrome_F-768x768.png 768w, https:\/\/www.domanija.lt\/wp-content\/uploads\/CRP01-02_Carparfum_Chrome_F-100x100.png 100w, https:\/\/www.domanija.lt\/wp-content\/uploads\/CRP01-02_Carparfum_Chrome_F.png 1024w\" sizes=\"(max-width: 900px) 100vw, 900px\" \/><\/a>\t<\/div><!-- .woo-entry-image -->\n\n\t<span class=\"gtm4wp_productdata\" style=\"display:none; visibility:hidden;\" data-gtm4wp_product_data=\"{&quot;internal_id&quot;:1276,&quot;item_id&quot;:1276,&quot;item_name&quot;:&quot;Dr. Vranjes Firenze Carparfum dozatorius CHROME su papildymu&quot;,&quot;sku&quot;:&quot;CRP01-02&quot;,&quot;price&quot;:56,&quot;stocklevel&quot;:10,&quot;stockstatus&quot;:&quot;instock&quot;,&quot;google_business_vertical&quot;:&quot;retail&quot;,&quot;item_category&quot;:&quot;Kvapai automobiliams&quot;,&quot;id&quot;:1276,&quot;productlink&quot;:&quot;https:\\\/\\\/www.domanija.lt\\\/en\\\/product\\\/carparfum-chrome\\\/&quot;,&quot;item_list_name&quot;:&quot;General Product List&quot;,&quot;index&quot;:2,&quot;product_type&quot;:&quot;variable&quot;,&quot;item_brand&quot;:&quot;&quot;}\"><\/span><ul class=\"woo-entry-inner clr\"><li class=\"image-wrap\">\n\t<div class=\"woo-entry-image clr\">\n\t\t<a href=\"https:\/\/www.domanija.lt\/en\/product\/carparfum-chrome\/\" class=\"woocommerce-LoopProduct-link\"><img decoding=\"async\" width=\"900\" height=\"900\" src=\"https:\/\/www.domanija.lt\/wp-content\/uploads\/CRP01-02_Carparfum_Chrome_F-900x900.png\" class=\"woo-entry-image-main\" alt=\"Dr. Vranjes Firenze Carparfum dozatorius CHROME su papildymu\" itemprop=\"image\" srcset=\"https:\/\/www.domanija.lt\/wp-content\/uploads\/CRP01-02_Carparfum_Chrome_F-900x900.png 900w, https:\/\/www.domanija.lt\/wp-content\/uploads\/CRP01-02_Carparfum_Chrome_F-768x768.png 768w, https:\/\/www.domanija.lt\/wp-content\/uploads\/CRP01-02_Carparfum_Chrome_F-100x100.png 100w, https:\/\/www.domanija.lt\/wp-content\/uploads\/CRP01-02_Carparfum_Chrome_F.png 1024w\" sizes=\"(max-width: 900px) 100vw, 900px\" \/><\/a>\t<\/div><!-- .woo-entry-image -->\n\n\t<\/li><li class=\"title\"><h2><a href=\"https:\/\/www.domanija.lt\/en\/product\/carparfum-chrome\/\">Dr. Vranjes Firenze CHROME Carparfum and refill<\/a><\/h2><\/li><li class=\"price-wrap\">\n\t<span class=\"price\"><span class=\"ayudawp-lowest-price\"><span class=\"woocommerce-Price-amount amount\"><bdi>56.00&nbsp;<span class=\"woocommerce-Price-currencySymbol\">&euro;<\/span><\/bdi><\/span><\/span><\/span>\n<\/li><li class=\"btn-wrap clr\"><a href=\"https:\/\/www.domanija.lt\/en\/product\/carparfum-chrome\/\" aria-describedby=\"woocommerce_loop_add_to_cart_link_describedby_1276\" data-quantity=\"1\" class=\"button product_type_variable add_to_cart_button\" data-product_id=\"1276\" data-product_sku=\"CRP01-02\" aria-label=\"SHOP NOW\" rel=\"nofollow\" data-no-translation=\"\" data-trp-gettext=\"\" data-no-translation-aria-label=\"\">SHOP NOW<\/a>\t<span id=\"woocommerce_loop_add_to_cart_link_describedby_1276\" class=\"screen-reader-text\">\n\t\tThis product has multiple variants. The options may be chosen on the product page\t<\/span>\n<\/li><\/ul><\/div><!-- .product-inner .clr --><\/li>\n<li class=\"entry has-media has-product-nav col span_1_of_4 owp-content-center owp-thumbs-layout-horizontal owp-btn-big owp-tabs-layout-horizontal product type-product post-1288 status-publish instock product_cat-kvapai-automobiliams has-post-thumbnail taxable shipping-taxable purchasable product-type-variable\">\n\t<div class=\"product-inner clr\">\n\t<div class=\"woo-entry-image clr\">\n\t\t<a href=\"https:\/\/www.domanija.lt\/en\/product\/carparfum-nickel\/\" class=\"woocommerce-LoopProduct-link\"><img decoding=\"async\" width=\"900\" height=\"900\" src=\"https:\/\/www.domanija.lt\/wp-content\/uploads\/CRP01-03_Carparfum_Nickel_F-900x900.png\" class=\"woo-entry-image-main\" alt=\"Dr. Vranjes Firenze Carparfum dozatorius NICKEL su papildymu\" itemprop=\"image\" srcset=\"https:\/\/www.domanija.lt\/wp-content\/uploads\/CRP01-03_Carparfum_Nickel_F-900x900.png 900w, https:\/\/www.domanija.lt\/wp-content\/uploads\/CRP01-03_Carparfum_Nickel_F-768x768.png 768w, https:\/\/www.domanija.lt\/wp-content\/uploads\/CRP01-03_Carparfum_Nickel_F-100x100.png 100w, https:\/\/www.domanija.lt\/wp-content\/uploads\/CRP01-03_Carparfum_Nickel_F.png 1024w\" sizes=\"(max-width: 900px) 100vw, 900px\" \/><\/a>\t<\/div><!-- .woo-entry-image -->\n\n\t<span class=\"gtm4wp_productdata\" style=\"display:none; visibility:hidden;\" data-gtm4wp_product_data=\"{&quot;internal_id&quot;:1288,&quot;item_id&quot;:1288,&quot;item_name&quot;:&quot;Dr. Vranjes Firenze Carparfum dozatorius NICKEL su papildymu&quot;,&quot;sku&quot;:&quot;CRP01&quot;,&quot;price&quot;:56,&quot;stocklevel&quot;:10,&quot;stockstatus&quot;:&quot;instock&quot;,&quot;google_business_vertical&quot;:&quot;retail&quot;,&quot;item_category&quot;:&quot;Kvapai automobiliams&quot;,&quot;id&quot;:1288,&quot;productlink&quot;:&quot;https:\\\/\\\/www.domanija.lt\\\/en\\\/product\\\/carparfum-nickel\\\/&quot;,&quot;item_list_name&quot;:&quot;General Product List&quot;,&quot;index&quot;:3,&quot;product_type&quot;:&quot;variable&quot;,&quot;item_brand&quot;:&quot;&quot;}\"><\/span><ul class=\"woo-entry-inner clr\"><li class=\"image-wrap\">\n\t<div class=\"woo-entry-image clr\">\n\t\t<a href=\"https:\/\/www.domanija.lt\/en\/product\/carparfum-nickel\/\" class=\"woocommerce-LoopProduct-link\"><img decoding=\"async\" width=\"900\" height=\"900\" src=\"https:\/\/www.domanija.lt\/wp-content\/uploads\/CRP01-03_Carparfum_Nickel_F-900x900.png\" class=\"woo-entry-image-main\" alt=\"Dr. Vranjes Firenze Carparfum dozatorius NICKEL su papildymu\" itemprop=\"image\" srcset=\"https:\/\/www.domanija.lt\/wp-content\/uploads\/CRP01-03_Carparfum_Nickel_F-900x900.png 900w, https:\/\/www.domanija.lt\/wp-content\/uploads\/CRP01-03_Carparfum_Nickel_F-768x768.png 768w, https:\/\/www.domanija.lt\/wp-content\/uploads\/CRP01-03_Carparfum_Nickel_F-100x100.png 100w, https:\/\/www.domanija.lt\/wp-content\/uploads\/CRP01-03_Carparfum_Nickel_F.png 1024w\" sizes=\"(max-width: 900px) 100vw, 900px\" \/><\/a>\t<\/div><!-- .woo-entry-image -->\n\n\t<\/li><li class=\"title\"><h2><a href=\"https:\/\/www.domanija.lt\/en\/product\/carparfum-nickel\/\">Dr. Vranjes Firenze NICKEL Carparfum and refill<\/a><\/h2><\/li><li class=\"price-wrap\">\n\t<span class=\"price\"><span class=\"ayudawp-lowest-price\"><span class=\"woocommerce-Price-amount amount\"><bdi>56.00&nbsp;<span class=\"woocommerce-Price-currencySymbol\">&euro;<\/span><\/bdi><\/span><\/span><\/span>\n<\/li><li class=\"btn-wrap clr\"><a href=\"https:\/\/www.domanija.lt\/en\/product\/carparfum-nickel\/\" aria-describedby=\"woocommerce_loop_add_to_cart_link_describedby_1288\" data-quantity=\"1\" class=\"button product_type_variable add_to_cart_button\" data-product_id=\"1288\" data-product_sku=\"CRP01\" aria-label=\"SHOP NOW\" rel=\"nofollow\" data-no-translation=\"\" data-trp-gettext=\"\" data-no-translation-aria-label=\"\">SHOP NOW<\/a>\t<span id=\"woocommerce_loop_add_to_cart_link_describedby_1288\" class=\"screen-reader-text\">\n\t\tThis product has multiple variants. The options may be chosen on the product page\t<\/span>\n<\/li><\/ul><\/div><!-- .product-inner .clr --><\/li>\n<li class=\"entry has-media has-product-nav col span_1_of_4 owp-content-center owp-thumbs-layout-horizontal owp-btn-big owp-tabs-layout-horizontal product type-product post-1306 status-publish last instock product_cat-kvapai-automobiliams has-post-thumbnail taxable shipping-taxable purchasable product-type-variable\">\n\t<div class=\"product-inner clr\">\n\t<div class=\"woo-entry-image clr\">\n\t\t<a href=\"https:\/\/www.domanija.lt\/en\/product\/carparfum-kvapo-papildymas\/\" class=\"woocommerce-LoopProduct-link\"><img loading=\"lazy\" decoding=\"async\" width=\"900\" height=\"900\" src=\"https:\/\/www.domanija.lt\/wp-content\/uploads\/dr-vranjes-firenze-automobilio-kvepalu-papildymas-2-900x900.png\" class=\"woo-entry-image-main\" alt=\"Dr. Vranjes Firenze Carparfum kvapo papildymas\" itemprop=\"image\" srcset=\"https:\/\/www.domanija.lt\/wp-content\/uploads\/dr-vranjes-firenze-automobilio-kvepalu-papildymas-2-900x900.png 900w, https:\/\/www.domanija.lt\/wp-content\/uploads\/dr-vranjes-firenze-automobilio-kvepalu-papildymas-2-768x768.png 768w, https:\/\/www.domanija.lt\/wp-content\/uploads\/dr-vranjes-firenze-automobilio-kvepalu-papildymas-2-100x100.png 100w, https:\/\/www.domanija.lt\/wp-content\/uploads\/dr-vranjes-firenze-automobilio-kvepalu-papildymas-2.png 1024w\" sizes=\"(max-width: 900px) 100vw, 900px\" \/><\/a>\t<\/div><!-- .woo-entry-image -->\n\n\t<span class=\"gtm4wp_productdata\" style=\"display:none; visibility:hidden;\" data-gtm4wp_product_data=\"{&quot;internal_id&quot;:1306,&quot;item_id&quot;:1306,&quot;item_name&quot;:&quot;Dr. Vranjes Firenze Carparfum kvapo papildymas&quot;,&quot;sku&quot;:1306,&quot;price&quot;:24,&quot;stocklevel&quot;:null,&quot;stockstatus&quot;:&quot;instock&quot;,&quot;google_business_vertical&quot;:&quot;retail&quot;,&quot;item_category&quot;:&quot;Kvapai automobiliams&quot;,&quot;id&quot;:1306,&quot;productlink&quot;:&quot;https:\\\/\\\/www.domanija.lt\\\/en\\\/product\\\/carparfum-kvapo-papildymas\\\/&quot;,&quot;item_list_name&quot;:&quot;General Product List&quot;,&quot;index&quot;:4,&quot;product_type&quot;:&quot;variable&quot;,&quot;item_brand&quot;:&quot;&quot;}\"><\/span><ul class=\"woo-entry-inner clr\"><li class=\"image-wrap\">\n\t<div class=\"woo-entry-image clr\">\n\t\t<a href=\"https:\/\/www.domanija.lt\/en\/product\/carparfum-kvapo-papildymas\/\" class=\"woocommerce-LoopProduct-link\"><img loading=\"lazy\" decoding=\"async\" width=\"900\" height=\"900\" src=\"https:\/\/www.domanija.lt\/wp-content\/uploads\/dr-vranjes-firenze-automobilio-kvepalu-papildymas-2-900x900.png\" class=\"woo-entry-image-main\" alt=\"Dr. Vranjes Firenze Carparfum kvapo papildymas\" itemprop=\"image\" srcset=\"https:\/\/www.domanija.lt\/wp-content\/uploads\/dr-vranjes-firenze-automobilio-kvepalu-papildymas-2-900x900.png 900w, https:\/\/www.domanija.lt\/wp-content\/uploads\/dr-vranjes-firenze-automobilio-kvepalu-papildymas-2-768x768.png 768w, https:\/\/www.domanija.lt\/wp-content\/uploads\/dr-vranjes-firenze-automobilio-kvepalu-papildymas-2-100x100.png 100w, https:\/\/www.domanija.lt\/wp-content\/uploads\/dr-vranjes-firenze-automobilio-kvepalu-papildymas-2.png 1024w\" sizes=\"(max-width: 900px) 100vw, 900px\" \/><\/a>\t<\/div><!-- .woo-entry-image -->\n\n\t<\/li><li class=\"title\"><h2><a href=\"https:\/\/www.domanija.lt\/en\/product\/carparfum-kvapo-papildymas\/\">Dr. Vranjes Firenze Carparfum refill<\/a><\/h2><\/li><li class=\"price-wrap\">\n\t<span class=\"price\"><span class=\"ayudawp-lowest-price\"><span class=\"woocommerce-Price-amount amount\"><bdi>24.00&nbsp;<span class=\"woocommerce-Price-currencySymbol\">&euro;<\/span><\/bdi><\/span><\/span><\/span>\n<\/li><li class=\"btn-wrap clr\"><a href=\"https:\/\/www.domanija.lt\/en\/product\/carparfum-kvapo-papildymas\/\" aria-describedby=\"woocommerce_loop_add_to_cart_link_describedby_1306\" data-quantity=\"1\" class=\"button product_type_variable add_to_cart_button\" data-product_id=\"1306\" data-product_sku=\"\" aria-label=\"SHOP NOW\" rel=\"nofollow\" data-no-translation=\"\" data-trp-gettext=\"\" data-no-translation-aria-label=\"\">SHOP NOW<\/a>\t<span id=\"woocommerce_loop_add_to_cart_link_describedby_1306\" class=\"screen-reader-text\">\n\t\tThis product has multiple variants. The options may be chosen on the product page\t<\/span>\n<\/li><\/ul><\/div><!-- .product-inner .clr --><\/li>\n<\/ul>\n<\/div>\t\t\t\t<\/div>\n\t\t\t\t<\/div>\n\t\t\t\t\t<\/div>\n\t\t<\/div>\n\t\t\t\t\t<\/div>\n\t\t<\/section>\n\t\t\t\t<\/div>","protected":false},"excerpt":{"rendered":"<p>Dr. Vranjes FirenzeKvapai automobiliams Naujoji automobilini\u0173 kvap\u0173 kolekcija Carparfum yra dar vienas Dr. Vranjes Firenze \u0161edevras. K\u016br\u0117jai sujung\u0117 tris did\u017eiausias aistras: stili\u0173, kvapus ir automobilius.Naujasis dozatorius i\u0161siskiria \u0161iuolaiki\u0161ku ir unikaliu dizainu, kurio forma buvo \u012fkv\u0117pta Florencijos Duomo katedros kupolo architekt\u016bros. Rafinuota dozatoriaus anglies pluo\u0161to apdaila tik dar labiau pabr\u0117\u017eia j\u016bs\u0173 automobilio gro\u017e\u012f. Kruop\u0161tus d\u0117mesys detal\u0117ms [&hellip;]<\/p>","protected":false},"author":2,"featured_media":0,"parent":0,"menu_order":0,"comment_status":"closed","ping_status":"closed","template":"elementor_header_footer","meta":{"_seopress_robots_primary_cat":"","_seopress_titles_title":"Dr. Vranjes Firenze Kvapai Automobiliams - Domanija","_seopress_titles_desc":"","_seopress_robots_index":"","ocean_post_layout":"","ocean_both_sidebars_style":"","ocean_both_sidebars_content_width":0,"ocean_both_sidebars_sidebars_width":0,"ocean_sidebar":"0","ocean_second_sidebar":"0","ocean_disable_margins":"enable","ocean_add_body_class":"","ocean_shortcode_before_top_bar":"","ocean_shortcode_after_top_bar":"","ocean_shortcode_before_header":"","ocean_shortcode_after_header":"","ocean_has_shortcode":"","ocean_shortcode_after_title":"","ocean_shortcode_before_footer_widgets":"","ocean_shortcode_after_footer_widgets":"","ocean_shortcode_before_footer_bottom":"","ocean_shortcode_after_footer_bottom":"","ocean_display_top_bar":"default","ocean_display_header":"default","ocean_header_style":"","ocean_center_header_left_menu":"0","ocean_custom_header_template":"0","ocean_custom_logo":0,"ocean_custom_retina_logo":0,"ocean_custom_logo_max_width":0,"ocean_custom_logo_tablet_max_width":0,"ocean_custom_logo_mobile_max_width":0,"ocean_custom_logo_max_height":0,"ocean_custom_logo_tablet_max_height":0,"ocean_custom_logo_mobile_max_height":0,"ocean_header_custom_menu":"0","ocean_menu_typo_font_family":"0","ocean_menu_typo_font_subset":"","ocean_menu_typo_font_size":0,"ocean_menu_typo_font_size_tablet":0,"ocean_menu_typo_font_size_mobile":0,"ocean_menu_typo_font_size_unit":"px","ocean_menu_typo_font_weight":"","ocean_menu_typo_font_weight_tablet":"","ocean_menu_typo_font_weight_mobile":"","ocean_menu_typo_transform":"","ocean_menu_typo_transform_tablet":"","ocean_menu_typo_transform_mobile":"","ocean_menu_typo_line_height":0,"ocean_menu_typo_line_height_tablet":0,"ocean_menu_typo_line_height_mobile":0,"ocean_menu_typo_line_height_unit":"","ocean_menu_typo_spacing":0,"ocean_menu_typo_spacing_tablet":0,"ocean_menu_typo_spacing_mobile":0,"ocean_menu_typo_spacing_unit":"","ocean_menu_link_color":"","ocean_menu_link_color_hover":"","ocean_menu_link_color_active":"","ocean_menu_link_background":"","ocean_menu_link_hover_background":"","ocean_menu_link_active_background":"","ocean_menu_social_links_bg":"","ocean_menu_social_hover_links_bg":"","ocean_menu_social_links_color":"","ocean_menu_social_hover_links_color":"","ocean_disable_title":"on","ocean_disable_heading":"default","ocean_post_title":"","ocean_post_subheading":"","ocean_post_title_style":"","ocean_post_title_background_color":"","ocean_post_title_background":0,"ocean_post_title_bg_image_position":"","ocean_post_title_bg_image_attachment":"","ocean_post_title_bg_image_repeat":"","ocean_post_title_bg_image_size":"","ocean_post_title_height":0,"ocean_post_title_bg_overlay":0.5,"ocean_post_title_bg_overlay_color":"","ocean_disable_breadcrumbs":"off","ocean_breadcrumbs_color":"","ocean_breadcrumbs_separator_color":"","ocean_breadcrumbs_links_color":"","ocean_breadcrumbs_links_hover_color":"","ocean_display_footer_widgets":"default","ocean_display_footer_bottom":"default","ocean_custom_footer_template":"0","footnotes":""},"class_list":["post-1264","page","type-page","status-publish","hentry","entry","owp-thumbs-layout-horizontal","owp-btn-big","owp-tabs-layout-horizontal","has-no-thumbnails","has-product-nav"],"_links":{"self":[{"href":"https:\/\/www.domanija.lt\/en\/wp-json\/wp\/v2\/pages\/1264","targetHints":{"allow":["GET"]}}],"collection":[{"href":"https:\/\/www.domanija.lt\/en\/wp-json\/wp\/v2\/pages"}],"about":[{"href":"https:\/\/www.domanija.lt\/en\/wp-json\/wp\/v2\/types\/page"}],"author":[{"embeddable":true,"href":"https:\/\/www.domanija.lt\/en\/wp-json\/wp\/v2\/users\/2"}],"replies":[{"embeddable":true,"href":"https:\/\/www.domanija.lt\/en\/wp-json\/wp\/v2\/comments?post=1264"}],"version-history":[{"count":3,"href":"https:\/\/www.domanija.lt\/en\/wp-json\/wp\/v2\/pages\/1264\/revisions"}],"predecessor-version":[{"id":5857,"href":"https:\/\/www.domanija.lt\/en\/wp-json\/wp\/v2\/pages\/1264\/revisions\/5857"}],"wp:attachment":[{"href":"https:\/\/www.domanija.lt\/en\/wp-json\/wp\/v2\/media?parent=1264"}],"curies":[{"name":"wp","href":"https:\/\/api.w.org\/{rel}","templated":true}]}}